{"id":14440,"date":"2022-07-20T11:29:26","date_gmt":"2022-07-20T11:29:26","guid":{"rendered":"https:\/\/france-gastronomie.shop\/?post_type=product&#038;p=14440"},"modified":"2025-12-16T16:21:37","modified_gmt":"2025-12-16T16:21:37","slug":"le-star-bubbles-maison-le-star","status":"publish","type":"product","link":"https:\/\/france-gastronomie.shop\/fr\/produit\/le-star-bubbles-maison-le-star\/","title":{"rendered":"Le Star Bubbles <br\/> Maison le Star"},"content":{"rendered":"<h5>Le Star Bubbles<\/h5>\n<p>TERROIR<br \/>\nLe Star Bubbles Brut Blanc est issu d\u2019une s\u00e9lection exigeante des plus beaux terroirs de France. Notre \u00e9quipe d\u2019\u0153nologue a sillonn\u00e9 ces terres gorg\u00e9es de lumi\u00e8re et de et expressifs.<\/p>\n<p>C\u00c9PAGE<br \/>\nUgni Blanc \/ Colombard<\/p>\n<p>VINIFICATION<br \/>\nLa combinaison du savoir-faire traditionnel et des techniques modernes nous guide dans l\u2019\u00e9laboration de ce vin. De la r\u00e9colte des raisins \u00e0 la vinification et sa gaz\u00e9ification, tout est mis en \u0153uvre pour vous garantir un vin frais et qualitatif.<\/p>\n<p>D\u00c9GUSTATION<br \/>\nRobe: jaune clair limpide et brillante.<br \/>\nNez: d\u00e9licat aux senteurs florales et fruit\u00e9es.<br \/>\nBouche: acidul\u00e9e et d\u2019une belle fraicheur o\u00f9 les notes d\u2019agrumes et de fruits exotiques s\u2019entrem\u00ealent \u00e0 de fines bulles.<br \/>\nUn brut blanc expressif et l\u00e9ger qui n\u2019en a pas fini de vous surprendre !<\/p>\n<p>ACCORDS METS &amp; VINS<br \/>\nLe Star Bubbles Brut Blanc, vin d\u2019ap\u00e9ritif par excellence, sera le compagnon id\u00e9al de vos poissons et volailles ainsi que de la cuisine asiatique comme les sushis et les sashimis.Il accompagnera \u00e9galement avec brio vos tapas, dips de l\u00e9gumes ou blinis au saumon fum\u00e9.<\/p>\n","protected":false},"excerpt":{"rendered":"<h5><strong>Maison le Star<\/strong><\/h5>\n<p>Maison Le Star est la concr\u00e9tisation d\u2019un r\u00eave et l\u2019expression d\u2019une passion.<br \/>\nEntour\u00e9 d\u2019une \u00e9quipe de professionnels, \u0153nologues et sommeliers, garants de la qualit\u00e9 des vins que nous produisons et s\u00e9lectionnons, nous offrons aux futurs amateurs et aux connaisseurs du monde entier des vins fran\u00e7ais de qualit\u00e9 au prix juste.<\/p>\n<p><strong>CEPAGES<\/strong><br \/>\nUgni Blanc \/ Colombard<\/p>\n","protected":false},"featured_media":14444,"comment_status":"open","ping_status":"closed","template":"","meta":[],"product_brand":[],"product_cat":[563,85,242,247,259,250,19],"product_tag":[],"class_list":{"0":"post-14440","1":"product","2":"type-product","3":"status-publish","4":"has-post-thumbnail","6":"product_cat-bag-in-box-3l","7":"product_cat-vins","8":"product_cat-regions","9":"product_cat-autres-regions","10":"product_cat-petillants","11":"product_cat-couleur","12":"product_cat-vin-blanc","14":"first","15":"instock","16":"taxable","17":"shipping-taxable","18":"purchasable","19":"product-type-simple"},"jetpack_sharing_enabled":true,"_links":{"self":[{"href":"https:\/\/france-gastronomie.shop\/fr\/wp-json\/wp\/v2\/product\/14440","targetHints":{"allow":["GET"]}}],"collection":[{"href":"https:\/\/france-gastronomie.shop\/fr\/wp-json\/wp\/v2\/product"}],"about":[{"href":"https:\/\/france-gastronomie.shop\/fr\/wp-json\/wp\/v2\/types\/product"}],"replies":[{"embeddable":true,"href":"https:\/\/france-gastronomie.shop\/fr\/wp-json\/wp\/v2\/comments?post=14440"}],"wp:featuredmedia":[{"embeddable":true,"href":"https:\/\/france-gastronomie.shop\/fr\/wp-json\/wp\/v2\/media\/14444"}],"wp:attachment":[{"href":"https:\/\/france-gastronomie.shop\/fr\/wp-json\/wp\/v2\/media?parent=14440"}],"wp:term":[{"taxonomy":"product_brand","embeddable":true,"href":"https:\/\/france-gastronomie.shop\/fr\/wp-json\/wp\/v2\/product_brand?post=14440"},{"taxonomy":"product_cat","embeddable":true,"href":"https:\/\/france-gastronomie.shop\/fr\/wp-json\/wp\/v2\/product_cat?post=14440"},{"taxonomy":"product_tag","embeddable":true,"href":"https:\/\/france-gastronomie.shop\/fr\/wp-json\/wp\/v2\/product_tag?post=14440"}],"curies":[{"name":"wp","href":"https:\/\/api.w.org\/{rel}","templated":true}]}}