{"id":14426,"date":"2023-07-19T08:59:38","date_gmt":"2023-07-19T08:59:38","guid":{"rendered":"https:\/\/france-gastronomie.shop\/?post_type=product&#038;p=14426"},"modified":"2025-10-20T09:24:38","modified_gmt":"2025-10-20T09:24:38","slug":"cremant-extra-brut-arthur-metz","status":"publish","type":"product","link":"https:\/\/france-gastronomie.shop\/fr\/produit\/cremant-extra-brut-arthur-metz\/","title":{"rendered":"Cr\u00e9mant Extra Brut <br\/> Arthur Metz"},"content":{"rendered":"<h5>Cr\u00e9mant Extra Brut<\/h5>\n<h5>AOP Cr\u00e9mant d&rsquo;Alsace<br \/>\nArthur Metz<\/h5>\n<p>Raffin\u00e9 et vif, ce Cr\u00e9mant d&rsquo;Alsace Extra Brut r\u00e9v\u00e8le de fines bulles qui expriment parfaitement tous ses ar\u00f4mes.<\/p>\n<p>Raisins r\u00e9colt\u00e9s manuellement \u00e0 parfaite maturit\u00e9<br \/>\nM\u00e9thode traditionnelle<br \/>\nVieillissement sur lattes<\/p>\n<p>C\u00e9page<strong><br \/>\n<\/strong>Auxerrois, Pinot Blanc, Pinot Gris, Pinot Noir<\/p>\n<p>D\u00e9gustation<br \/>\nOeil: jaune clair aux reflets platines, mousse fine et d\u00e9licate<br \/>\nNez: agr\u00e9able bouquet aux ar\u00f4mes de fleurs et de fruits jaunes<br \/>\nBouche: sur la fra\u00eecheur, avec une belle trame acidul\u00e9e<\/p>\n<p>Accords Mets-Vin<br \/>\nAsperges vertes, langoustines r\u00f4ties aux saveurs d&rsquo;agrumes<\/p>\n<p>Temp\u00e9rature de service: 8-10\u00b0<br \/>\nDegr\u00e9 d&rsquo;alcool: 12\u00b0<br \/>\nSucrosit\u00e9: extra brut<br \/>\nGarde: 1-3 ans<\/p>\n","protected":false},"excerpt":{"rendered":"<h5>Arthur Metz<\/h5>\n<p>Depuis 1904, nous \u0153uvrons pour vous offrir des cuv\u00e9es de grande qualit\u00e9. Nos gammes, alliant tradition et modernit\u00e9, accessibilit\u00e9 et prestige, offrent un panel de choix pour tous les amateurs de fines bulles.<\/p>\n","protected":false},"featured_media":14429,"comment_status":"open","ping_status":"closed","template":"","meta":[],"product_brand":[],"product_cat":[85,251,242,246,259,261,250,19],"product_tag":[],"class_list":{"0":"post-14426","1":"product","2":"type-product","3":"status-publish","4":"has-post-thumbnail","6":"product_cat-vins","7":"product_cat-grands-vins","8":"product_cat-regions","9":"product_cat-alsace","10":"product_cat-petillants","11":"product_cat-cremant","12":"product_cat-couleur","13":"product_cat-vin-blanc","15":"first","16":"instock","17":"taxable","18":"shipping-taxable","19":"purchasable","20":"product-type-simple"},"jetpack_sharing_enabled":true,"_links":{"self":[{"href":"https:\/\/france-gastronomie.shop\/fr\/wp-json\/wp\/v2\/product\/14426","targetHints":{"allow":["GET"]}}],"collection":[{"href":"https:\/\/france-gastronomie.shop\/fr\/wp-json\/wp\/v2\/product"}],"about":[{"href":"https:\/\/france-gastronomie.shop\/fr\/wp-json\/wp\/v2\/types\/product"}],"replies":[{"embeddable":true,"href":"https:\/\/france-gastronomie.shop\/fr\/wp-json\/wp\/v2\/comments?post=14426"}],"wp:featuredmedia":[{"embeddable":true,"href":"https:\/\/france-gastronomie.shop\/fr\/wp-json\/wp\/v2\/media\/14429"}],"wp:attachment":[{"href":"https:\/\/france-gastronomie.shop\/fr\/wp-json\/wp\/v2\/media?parent=14426"}],"wp:term":[{"taxonomy":"product_brand","embeddable":true,"href":"https:\/\/france-gastronomie.shop\/fr\/wp-json\/wp\/v2\/product_brand?post=14426"},{"taxonomy":"product_cat","embeddable":true,"href":"https:\/\/france-gastronomie.shop\/fr\/wp-json\/wp\/v2\/product_cat?post=14426"},{"taxonomy":"product_tag","embeddable":true,"href":"https:\/\/france-gastronomie.shop\/fr\/wp-json\/wp\/v2\/product_tag?post=14426"}],"curies":[{"name":"wp","href":"https:\/\/api.w.org\/{rel}","templated":true}]}}