{"id":14419,"date":"2023-07-19T08:42:55","date_gmt":"2023-07-19T08:42:55","guid":{"rendered":"https:\/\/france-gastronomie.shop\/?post_type=product&#038;p=14419"},"modified":"2025-03-05T12:43:37","modified_gmt":"2025-03-05T12:43:37","slug":"cremant-ice-blanc-arthur-metz","status":"publish","type":"product","link":"https:\/\/france-gastronomie.shop\/fr\/produit\/cremant-ice-blanc-arthur-metz\/","title":{"rendered":"Cr\u00e9mant ICE Blanc <br\/> Arthur Metz"},"content":{"rendered":"<h5>Cr\u00e9mant ICE Blanc<\/h5>\n<h5>AOP Cr\u00e9mant d&rsquo;Alsace<br \/>\nArthur Metz<\/h5>\n<p>Ce Cr\u00e9mant d&rsquo;Alsace se d\u00e9guste avec des gla\u00e7ons dans un grand verre ballon. Un v\u00e9ritable moment de plaisir.<\/p>\n<p>Raisins r\u00e9colt\u00e9s manuellement \u00e0 parfaite maturit\u00e9<br \/>\nM\u00e9thode traditionnelle<br \/>\nVieillissement sur lattes<br \/>\n\u00c0 d\u00e9guster sur glace<\/p>\n<p>C\u00e9page<strong><br \/>\n<\/strong>Auxerrois, Pinot Blanc, Pinot Gris, Riesling<\/p>\n<p>D\u00e9gustation<br \/>\nOeil: jaune or, mousse fine et persistante<br \/>\nNez: gourmand sur des notes de fruits et de fleurs<br \/>\nBouche: doux et frais, ce cr\u00e9mant gourmand r\u00e9v\u00e8le un \u00e9l\u00e9gant bouquet aux ar\u00f4mes de fruits jaunes<\/p>\n<p>Accords Mets-Vin<br \/>\nBouch\u00e9es individuelles sal\u00e9es, mignardises, desserts glac\u00e9s<\/p>\n<p>Temp\u00e9rature de service: 5-7\u00b0C avec gla\u00e7ons<br \/>\nDegr\u00e9 d&rsquo;alcool: 12\u00b0<br \/>\nSucrosit\u00e9: demi-sec<br \/>\nGarde: 1-3 ans<\/p>\n","protected":false},"excerpt":{"rendered":"<h5>Arthur Metz<\/h5>\n<p>Depuis 1904, nous \u0153uvrons pour vous offrir des cuv\u00e9es de grande qualit\u00e9. Nos gammes, alliant tradition et modernit\u00e9, accessibilit\u00e9 et prestige, offrent un panel de choix pour tous les amateurs de fines bulles.<\/p>\n","protected":false},"featured_media":14422,"comment_status":"open","ping_status":"closed","template":"","meta":[],"product_brand":[],"product_cat":[85,242,246,259,261,250,19],"product_tag":[],"class_list":{"0":"post-14419","1":"product","2":"type-product","3":"status-publish","4":"has-post-thumbnail","6":"product_cat-vins","7":"product_cat-regions","8":"product_cat-alsace","9":"product_cat-petillants","10":"product_cat-cremant","11":"product_cat-couleur","12":"product_cat-vin-blanc","14":"first","15":"instock","16":"taxable","17":"shipping-taxable","18":"purchasable","19":"product-type-simple"},"jetpack_sharing_enabled":true,"_links":{"self":[{"href":"https:\/\/france-gastronomie.shop\/fr\/wp-json\/wp\/v2\/product\/14419","targetHints":{"allow":["GET"]}}],"collection":[{"href":"https:\/\/france-gastronomie.shop\/fr\/wp-json\/wp\/v2\/product"}],"about":[{"href":"https:\/\/france-gastronomie.shop\/fr\/wp-json\/wp\/v2\/types\/product"}],"replies":[{"embeddable":true,"href":"https:\/\/france-gastronomie.shop\/fr\/wp-json\/wp\/v2\/comments?post=14419"}],"wp:featuredmedia":[{"embeddable":true,"href":"https:\/\/france-gastronomie.shop\/fr\/wp-json\/wp\/v2\/media\/14422"}],"wp:attachment":[{"href":"https:\/\/france-gastronomie.shop\/fr\/wp-json\/wp\/v2\/media?parent=14419"}],"wp:term":[{"taxonomy":"product_brand","embeddable":true,"href":"https:\/\/france-gastronomie.shop\/fr\/wp-json\/wp\/v2\/product_brand?post=14419"},{"taxonomy":"product_cat","embeddable":true,"href":"https:\/\/france-gastronomie.shop\/fr\/wp-json\/wp\/v2\/product_cat?post=14419"},{"taxonomy":"product_tag","embeddable":true,"href":"https:\/\/france-gastronomie.shop\/fr\/wp-json\/wp\/v2\/product_tag?post=14419"}],"curies":[{"name":"wp","href":"https:\/\/api.w.org\/{rel}","templated":true}]}}