{"id":14408,"date":"2023-07-19T07:55:07","date_gmt":"2023-07-19T07:55:07","guid":{"rendered":"https:\/\/france-gastronomie.shop\/?post_type=product&#038;p=14408"},"modified":"2026-01-22T09:52:32","modified_gmt":"2026-01-22T08:52:32","slug":"cremant-prestige-brut-arthur-metz","status":"publish","type":"product","link":"https:\/\/france-gastronomie.shop\/fr\/produit\/cremant-prestige-brut-arthur-metz\/","title":{"rendered":"Cr\u00e9mant Prestige Brut <br\/> Arthur Metz"},"content":{"rendered":"<h5>Cr\u00e9mant Cuv\u00e9e Prestige Brut<\/h5>\n<h5>AOP Cr\u00e9mant d&rsquo;Alsace<br \/>\nArthur Metz<\/h5>\n<p>Le Cr\u00e9mant Cuv\u00e9e Prestige Brut Arthur Metz est \u00e9labor\u00e9 selon une m\u00e9thode traditionnelle.<br \/>\nLe vieillissement sur lattes permet \u00e0 ce Cr\u00e9mant d&rsquo;Alsace de b\u00e9n\u00e9ficier d&rsquo;une finesse de bulles incomparable et d&rsquo;une sensation d&rsquo;onctuosit\u00e9 g\u00e9n\u00e9reuse.<\/p>\n<p>Raisins r\u00e9colt\u00e9s manuellement \u00e0 parfaite maturit\u00e9<br \/>\nM\u00e9thode traditionnelle<br \/>\nVieillissement sur lattes durant 12 mois<br \/>\nBulles tr\u00e8s fines<\/p>\n<p>C\u00e9page<strong><br \/>\n<\/strong>Auxerrois, Pinot Blanc, Pinot Gris, Riesling<\/p>\n<p>D\u00e9gustation<br \/>\nOeil: jaune p\u00e2le, des reflets verts. Mousse abondante avec des bulles rapides et fines<br \/>\nNez: expressif avec des notes de fruits \u00e0 chair blanche (poire, pomme&#8230;)<br \/>\nBouche: attaque franche, belle vivacit\u00e9 qui se poursuit sur une finale tr\u00e8s plaisante. Les ar\u00f4mes rappellent ceux du nez.<\/p>\n<p>Accords Mets-Vin<br \/>\nBouch\u00e9es individuelles sal\u00e9es, mignardises, id\u00e9al pour tous types de desserts<\/p>\n<p>Temp\u00e9rature de service: 8-10\u00b0<br \/>\nDegr\u00e9 d&rsquo;alcool: 12\u00b0<br \/>\nSucrosit\u00e9: brut<br \/>\nGarde: 2-5 ans<\/p>\n","protected":false},"excerpt":{"rendered":"<h5>Arthur Metz<\/h5>\n<p>Depuis 1904, nous \u0153uvrons pour vous offrir des cuv\u00e9es de grande qualit\u00e9. Nos gammes, alliant tradition et modernit\u00e9, accessibilit\u00e9 et prestige, offrent un panel de choix pour tous les amateurs de fines bulles.<\/p>\n","protected":false},"featured_media":14415,"comment_status":"open","ping_status":"closed","template":"","meta":[],"product_brand":[],"product_cat":[85,251,242,246,259,261,250,19],"product_tag":[],"class_list":{"0":"post-14408","1":"product","2":"type-product","3":"status-publish","4":"has-post-thumbnail","6":"product_cat-vins","7":"product_cat-grands-vins","8":"product_cat-regions","9":"product_cat-alsace","10":"product_cat-petillants","11":"product_cat-cremant","12":"product_cat-couleur","13":"product_cat-vin-blanc","15":"first","16":"instock","17":"taxable","18":"shipping-taxable","19":"purchasable","20":"product-type-simple"},"jetpack_sharing_enabled":true,"_links":{"self":[{"href":"https:\/\/france-gastronomie.shop\/fr\/wp-json\/wp\/v2\/product\/14408","targetHints":{"allow":["GET"]}}],"collection":[{"href":"https:\/\/france-gastronomie.shop\/fr\/wp-json\/wp\/v2\/product"}],"about":[{"href":"https:\/\/france-gastronomie.shop\/fr\/wp-json\/wp\/v2\/types\/product"}],"replies":[{"embeddable":true,"href":"https:\/\/france-gastronomie.shop\/fr\/wp-json\/wp\/v2\/comments?post=14408"}],"wp:featuredmedia":[{"embeddable":true,"href":"https:\/\/france-gastronomie.shop\/fr\/wp-json\/wp\/v2\/media\/14415"}],"wp:attachment":[{"href":"https:\/\/france-gastronomie.shop\/fr\/wp-json\/wp\/v2\/media?parent=14408"}],"wp:term":[{"taxonomy":"product_brand","embeddable":true,"href":"https:\/\/france-gastronomie.shop\/fr\/wp-json\/wp\/v2\/product_brand?post=14408"},{"taxonomy":"product_cat","embeddable":true,"href":"https:\/\/france-gastronomie.shop\/fr\/wp-json\/wp\/v2\/product_cat?post=14408"},{"taxonomy":"product_tag","embeddable":true,"href":"https:\/\/france-gastronomie.shop\/fr\/wp-json\/wp\/v2\/product_tag?post=14408"}],"curies":[{"name":"wp","href":"https:\/\/api.w.org\/{rel}","templated":true}]}}