{"id":14396,"date":"2023-07-17T10:20:29","date_gmt":"2023-07-17T10:20:29","guid":{"rendered":"https:\/\/france-gastronomie.shop\/?post_type=product&#038;p=14396"},"modified":"2024-11-04T10:54:42","modified_gmt":"2024-11-04T10:54:42","slug":"cuvee-de-la-sainte-vierge-chateauneuf-du-pape","status":"publish","type":"product","link":"https:\/\/france-gastronomie.shop\/fr\/produit\/cuvee-de-la-sainte-vierge-chateauneuf-du-pape\/","title":{"rendered":"Cuv\u00e9e de la Sainte Vierge <br\/> Ch\u00e2teauneuf du Pape"},"content":{"rendered":"<h5>Cuv\u00e9e de la Sainte Vierge<\/h5>\n<h5>AOC Ch\u00e2teauneuf du Pape<\/h5>\n<p>C\u00e9pages<br \/>\n80% Grenache noir 10% Syrah 10% Mourv\u00e8dre<\/p>\n<p>D\u00e9gustation<br \/>\nUne robe rouge grenat aux reflets rubis. Un nez vif sur la groseille et le cassis. La bouche pr\u00e9sente une structure tanique puissante avec de la rondeur et une finale assez fra\u00eeche.<\/p>\n<p>Garde<br \/>\n6 \u2013 8 ans<\/p>\n<p>Conseils d\u2019accompagnement<br \/>\nGibier r\u00f4ti ; coq au vin ; canard aux c\u00e8pes ; li\u00e8vre \u00e0 la royale ; ris de veau ; boeuf bourguignon ; Saint-Nectaire, Salers ou Morbier affin\u00e9..<\/p>\n","protected":false},"excerpt":{"rendered":"<h5>AOC Ch\u00e2teauneuf du Pape<\/h5>\n<p>En 1925, un groupe de vignerons convaincu par les valeurs de solidarit\u00e9 et d\u2019entraide s\u2019unit. Onze ans apr\u00e8s, ces vignerons visionnaires participeront \u00e0 la construction de la 1\u00e8re appellation de France: CH\u00c2TEAUNEUF-DU-PAPE.<br \/>\nSoud\u00e9s comme \u00e0 l\u2019origine, les 189 Vignerons du CELLIER DES PRINCES sont aujourd\u2019hui fiers de faire appr\u00e9cier leurs vins sur les cinq continents et de pouvoir transmettre leurs valeurs de convivialit\u00e9 et d\u2019excellence.<\/p>\n<p>C\u00e9pages<br \/>\n80% Grenache noir 10% Syrah 10% Mourv\u00e8dre<\/p>\n","protected":false},"featured_media":14399,"comment_status":"closed","ping_status":"closed","template":"","meta":[],"product_brand":[],"product_cat":[85,251,242,244,285,250,29],"product_tag":[],"class_list":{"0":"post-14396","1":"product","2":"type-product","3":"status-publish","4":"has-post-thumbnail","6":"product_cat-vins","7":"product_cat-grands-vins","8":"product_cat-regions","9":"product_cat-vallee-du-rhone","10":"product_cat-chateauneuf-du-pape","11":"product_cat-couleur","12":"product_cat-vin-rouge","14":"first","15":"instock","16":"sale","17":"taxable","18":"shipping-taxable","19":"purchasable","20":"product-type-simple"},"jetpack_sharing_enabled":true,"_links":{"self":[{"href":"https:\/\/france-gastronomie.shop\/fr\/wp-json\/wp\/v2\/product\/14396","targetHints":{"allow":["GET"]}}],"collection":[{"href":"https:\/\/france-gastronomie.shop\/fr\/wp-json\/wp\/v2\/product"}],"about":[{"href":"https:\/\/france-gastronomie.shop\/fr\/wp-json\/wp\/v2\/types\/product"}],"replies":[{"embeddable":true,"href":"https:\/\/france-gastronomie.shop\/fr\/wp-json\/wp\/v2\/comments?post=14396"}],"wp:featuredmedia":[{"embeddable":true,"href":"https:\/\/france-gastronomie.shop\/fr\/wp-json\/wp\/v2\/media\/14399"}],"wp:attachment":[{"href":"https:\/\/france-gastronomie.shop\/fr\/wp-json\/wp\/v2\/media?parent=14396"}],"wp:term":[{"taxonomy":"product_brand","embeddable":true,"href":"https:\/\/france-gastronomie.shop\/fr\/wp-json\/wp\/v2\/product_brand?post=14396"},{"taxonomy":"product_cat","embeddable":true,"href":"https:\/\/france-gastronomie.shop\/fr\/wp-json\/wp\/v2\/product_cat?post=14396"},{"taxonomy":"product_tag","embeddable":true,"href":"https:\/\/france-gastronomie.shop\/fr\/wp-json\/wp\/v2\/product_tag?post=14396"}],"curies":[{"name":"wp","href":"https:\/\/api.w.org\/{rel}","templated":true}]}}