{"id":14384,"date":"2023-07-10T10:44:10","date_gmt":"2023-07-10T10:44:10","guid":{"rendered":"https:\/\/france-gastronomie.shop\/?post_type=product&#038;p=14384"},"modified":"2025-10-20T09:24:25","modified_gmt":"2025-10-20T09:24:25","slug":"lesprit-spritz-arthur-metz","status":"publish","type":"product","link":"https:\/\/france-gastronomie.shop\/fr\/produit\/lesprit-spritz-arthur-metz\/","title":{"rendered":"L&rsquo;Esprit Spritz <br\/> Arthur Metz"},"content":{"rendered":"<h5>L&rsquo;Esprit Spritz<\/h5>\n<h5>Arthur Metz<\/h5>\n<p>Cr\u00e9ateur de tendances et sp\u00e9cialiste de l\u2019effervescence, Arthur Metz se r\u00e9approprie la recette du Spritz!<\/p>\n<p>Cocktail pr\u00eat \u00e0 d\u00e9guster<br \/>\n\u00c0 d\u00e9guster sur glace<br \/>\n100% d&rsquo;ingr\u00e9dients naturels<\/p>\n<p>D\u00e9gustation<br \/>\nBelle couleur orang\u00e9e lumineuse.<br \/>\nNez d\u00e9licat, zeste d&rsquo;orange, touche herbac\u00e9e de romarin.<br \/>\nBouche plaisante, \u00e9quilibre subtil entre une l\u00e9g\u00e8re amertume v\u00e9g\u00e9tale et le fruit\u00e9 de l\u2019orange. Le tout est soutenu par de fines bulles et une touche de romarin, amenant une d\u00e9licate fra\u00eecheur.<\/p>\n<p>Accords Mets-Vin<br \/>\nBouch\u00e9es individuelles sal\u00e9es<br \/>\nMignardises<\/p>\n<p>Temp\u00e9rature de service: 5-7\u00b0C avec gla\u00e7ons<br \/>\nDegr\u00e9 d&rsquo;alcool: 11\u00b0<\/p>\n","protected":false},"excerpt":{"rendered":"<h5>Arthur Metz<\/h5>\n<p>Depuis 1904, nous \u0153uvrons pour vous offrir des cuv\u00e9es de grande qualit\u00e9. Nos gammes, alliant tradition et modernit\u00e9, accessibilit\u00e9 et prestige, offrent un panel de choix pour tous les amateurs de fines bulles.<\/p>\n","protected":false},"featured_media":14387,"comment_status":"open","ping_status":"closed","template":"","meta":[],"product_brand":[],"product_cat":[85,251,242,246,259,261],"product_tag":[],"class_list":{"0":"post-14384","1":"product","2":"type-product","3":"status-publish","4":"has-post-thumbnail","6":"product_cat-vins","7":"product_cat-grands-vins","8":"product_cat-regions","9":"product_cat-alsace","10":"product_cat-petillants","11":"product_cat-cremant","13":"first","14":"instock","15":"taxable","16":"shipping-taxable","17":"purchasable","18":"product-type-simple"},"jetpack_sharing_enabled":true,"_links":{"self":[{"href":"https:\/\/france-gastronomie.shop\/fr\/wp-json\/wp\/v2\/product\/14384","targetHints":{"allow":["GET"]}}],"collection":[{"href":"https:\/\/france-gastronomie.shop\/fr\/wp-json\/wp\/v2\/product"}],"about":[{"href":"https:\/\/france-gastronomie.shop\/fr\/wp-json\/wp\/v2\/types\/product"}],"replies":[{"embeddable":true,"href":"https:\/\/france-gastronomie.shop\/fr\/wp-json\/wp\/v2\/comments?post=14384"}],"wp:featuredmedia":[{"embeddable":true,"href":"https:\/\/france-gastronomie.shop\/fr\/wp-json\/wp\/v2\/media\/14387"}],"wp:attachment":[{"href":"https:\/\/france-gastronomie.shop\/fr\/wp-json\/wp\/v2\/media?parent=14384"}],"wp:term":[{"taxonomy":"product_brand","embeddable":true,"href":"https:\/\/france-gastronomie.shop\/fr\/wp-json\/wp\/v2\/product_brand?post=14384"},{"taxonomy":"product_cat","embeddable":true,"href":"https:\/\/france-gastronomie.shop\/fr\/wp-json\/wp\/v2\/product_cat?post=14384"},{"taxonomy":"product_tag","embeddable":true,"href":"https:\/\/france-gastronomie.shop\/fr\/wp-json\/wp\/v2\/product_tag?post=14384"}],"curies":[{"name":"wp","href":"https:\/\/api.w.org\/{rel}","templated":true}]}}