{"id":1423,"date":"2020-08-18T18:48:07","date_gmt":"2020-08-18T18:48:07","guid":{"rendered":"https:\/\/france-gastronomie.shop\/?post_type=product&#038;p=1423"},"modified":"2025-05-13T10:52:22","modified_gmt":"2025-05-13T10:52:22","slug":"chardonnay-viognier-vaucluse","status":"publish","type":"product","link":"https:\/\/france-gastronomie.shop\/fr\/produit\/chardonnay-viognier-vaucluse\/","title":{"rendered":"Chardonnay Viognier <br\/> IGP Vaucluse"},"content":{"rendered":"<h5>Chardonnay Viognier<\/h5>\n<h5>IGP Vaucluse<\/h5>\n<p>Terroir d\u2019origine<br \/>\nArgilo silicieux<\/p>\n<p>Vinification<br \/>\nEgrappage, pressurage. Fermentation \u00e0 basse temp\u00e9rature 12 \u00e0 14\u00b0 C.<\/p>\n<p>Vieillissement<br \/>\n2 mois en cuves<\/p>\n<p>C\u00e9pages<br \/>\nChardonnay 40 %, Viognier 60%<\/p>\n<p>Notes de d\u00e9gustation de notre \u0153nologue<br \/>\nCe vin blanc a une jolie robe jaune p\u00e2le \u00e0 reflets nacr\u00e9s. Il est issu de deuxc\u00e9pages tr\u00e8s aromatiques, le Chardonnay et le Viognier. Le mode de vinification \u00e0 basse temp\u00e9rature permet d\u2019exhaler cette grande richesse aromatique. On y trouvera des parfums floraux tr\u00e8s vari\u00e9s, mais aussi des notes fruit\u00e9s, p\u00eaches et abricots m\u00fbrs. En bouche, il pr\u00e9sente fra\u00eecheur et gras.<\/p>\n<p>Mise en bouteille<br \/>\nA la propri\u00e9t\u00e9<\/p>\n<p>Conseils de d\u00e9gustation<br \/>\nGarde: 1 &#8211; 2 ans. 10\u00b0-12\u00b0C<\/p>\n<p>Conseils d\u2019accompagnement<br \/>\nIl doit \u00eatre bu tr\u00e8s frais, seul en ap\u00e9ritif ou accompagnant des plats de crustac\u00e9s et des poissons ou diverses entr\u00e9es.<\/p>\n<p>2015: M\u00e9daille Or\/Gold Medal Orange 2016<\/p>\n","protected":false},"excerpt":{"rendered":"<h5>IGP Vaucluse<\/h5>\n<p>En 1925, un groupe de vignerons convaincu par les valeurs de solidarit\u00e9 et d\u2019entraide s\u2019unit. Onze ans apr\u00e8s, ces vignerons visionnaires participeront \u00e0 la construction de la 1\u00e8re appellation de France: CH\u00c2TEAUNEUF-DU-PAPE.<br \/>\nSoud\u00e9s comme \u00e0 l\u2019origine, les 189 Vignerons du CELLIER DES PRINCES sont aujourd\u2019hui fiers de faire appr\u00e9cier leurs vins sur les cinq continents et de pouvoir transmettre leurs valeurs de convivialit\u00e9 et d\u2019excellence.<\/p>\n<p>C\u00e9pages<br \/>\nChardonnay 40 %, Viognier 60%<\/p>\n","protected":false},"featured_media":24001,"comment_status":"closed","ping_status":"closed","template":"","meta":[],"product_brand":[],"product_cat":[85,242,244,281,250,19],"product_tag":[],"class_list":{"0":"post-1423","1":"product","2":"type-product","3":"status-publish","4":"has-post-thumbnail","6":"product_cat-vins","7":"product_cat-regions","8":"product_cat-vallee-du-rhone","9":"product_cat-principaute-dorange-et-vaucluse","10":"product_cat-couleur","11":"product_cat-vin-blanc","13":"first","14":"instock","15":"taxable","16":"shipping-taxable","17":"purchasable","18":"product-type-simple"},"jetpack_sharing_enabled":true,"_links":{"self":[{"href":"https:\/\/france-gastronomie.shop\/fr\/wp-json\/wp\/v2\/product\/1423","targetHints":{"allow":["GET"]}}],"collection":[{"href":"https:\/\/france-gastronomie.shop\/fr\/wp-json\/wp\/v2\/product"}],"about":[{"href":"https:\/\/france-gastronomie.shop\/fr\/wp-json\/wp\/v2\/types\/product"}],"replies":[{"embeddable":true,"href":"https:\/\/france-gastronomie.shop\/fr\/wp-json\/wp\/v2\/comments?post=1423"}],"wp:featuredmedia":[{"embeddable":true,"href":"https:\/\/france-gastronomie.shop\/fr\/wp-json\/wp\/v2\/media\/24001"}],"wp:attachment":[{"href":"https:\/\/france-gastronomie.shop\/fr\/wp-json\/wp\/v2\/media?parent=1423"}],"wp:term":[{"taxonomy":"product_brand","embeddable":true,"href":"https:\/\/france-gastronomie.shop\/fr\/wp-json\/wp\/v2\/product_brand?post=1423"},{"taxonomy":"product_cat","embeddable":true,"href":"https:\/\/france-gastronomie.shop\/fr\/wp-json\/wp\/v2\/product_cat?post=1423"},{"taxonomy":"product_tag","embeddable":true,"href":"https:\/\/france-gastronomie.shop\/fr\/wp-json\/wp\/v2\/product_tag?post=1423"}],"curies":[{"name":"wp","href":"https:\/\/api.w.org\/{rel}","templated":true}]}}