{"id":1351,"date":"2020-08-18T11:26:33","date_gmt":"2020-08-18T11:26:33","guid":{"rendered":"https:\/\/france-gastronomie.shop\/?post_type=product&#038;p=1351"},"modified":"2025-11-27T13:14:34","modified_gmt":"2025-11-27T13:14:34","slug":"vpo-vaucluse-2","status":"publish","type":"product","link":"https:\/\/france-gastronomie.shop\/fr\/produit\/vpo-vaucluse-2\/","title":{"rendered":"Triporteur <br\/> IGP Vaucluse"},"content":{"rendered":"<h5>Triporteur<\/h5>\n<h5>IGP Vaucluse<\/h5>\n<p>Terroir d\u2019origine<br \/>\nArgilo siliceux.<\/p>\n<p>Vinification<br \/>\nEgrappage, Pressurage direct. Fermentation \u00e0 basse temp\u00e9rature 14 \u00e0 16\u00b0 C.<\/p>\n<p>Vieillissement<br \/>\n6 mois en cuve<\/p>\n<p>C\u00e9pages<br \/>\nGrenache, Syrah<\/p>\n<p>Notes de d\u00e9gustation de notre \u0153nologue<br \/>\nCe vin \u00e0 la robe brillante est tr\u00e8s aromatique avec des notes de petits fruits rouges, fraises et framboises. En bouche il pla\u00eet par sa fra\u00eecheur.<\/p>\n<p>Mise en bouteille<br \/>\nA la propri\u00e9t\u00e9<\/p>\n<p>Conseils de d\u00e9gustation<br \/>\nGarde : 2-3 ans. 10 \u00b0C et 12 \u00b0C.<\/p>\n<p>Conseils d\u2019accompagnement<br \/>\nIl sera consomm\u00e9 frais, de 10 \u00e0 12\u00b0 C, sur des entr\u00e9es chaudes, des grillades, des charcuteries ou des poissons.<\/p>\n","protected":false},"excerpt":{"rendered":"<h5>IGP Vaucluse<\/h5>\n<p>En 1925, un groupe de vignerons convaincu par les valeurs de solidarit\u00e9 et d\u2019entraide s\u2019unit. Onze ans apr\u00e8s, ces vignerons visionnaires participeront \u00e0 la construction de la 1\u00e8re appellation de France: CH\u00c2TEAUNEUF-DU-PAPE.<br \/>\nSoud\u00e9s comme \u00e0 l\u2019origine, les 189 Vignerons du CELLIER DES PRINCES sont aujourd\u2019hui fiers de faire appr\u00e9cier leurs vins sur les cinq continents et de pouvoir transmettre leurs valeurs de convivialit\u00e9 et d\u2019excellence.<\/p>\n<p>C\u00e9pages<br \/>\nGrenache, Syrah<\/p>\n","protected":false},"featured_media":14538,"comment_status":"closed","ping_status":"closed","template":"","meta":[],"product_brand":[],"product_cat":[85,242,244,281,250,30],"product_tag":[],"class_list":{"0":"post-1351","1":"product","2":"type-product","3":"status-publish","4":"has-post-thumbnail","6":"product_cat-vins","7":"product_cat-regions","8":"product_cat-vallee-du-rhone","9":"product_cat-principaute-dorange-et-vaucluse","10":"product_cat-couleur","11":"product_cat-vin-rose","13":"first","14":"instock","15":"taxable","16":"shipping-taxable","17":"purchasable","18":"product-type-simple"},"jetpack_sharing_enabled":true,"_links":{"self":[{"href":"https:\/\/france-gastronomie.shop\/fr\/wp-json\/wp\/v2\/product\/1351","targetHints":{"allow":["GET"]}}],"collection":[{"href":"https:\/\/france-gastronomie.shop\/fr\/wp-json\/wp\/v2\/product"}],"about":[{"href":"https:\/\/france-gastronomie.shop\/fr\/wp-json\/wp\/v2\/types\/product"}],"replies":[{"embeddable":true,"href":"https:\/\/france-gastronomie.shop\/fr\/wp-json\/wp\/v2\/comments?post=1351"}],"wp:featuredmedia":[{"embeddable":true,"href":"https:\/\/france-gastronomie.shop\/fr\/wp-json\/wp\/v2\/media\/14538"}],"wp:attachment":[{"href":"https:\/\/france-gastronomie.shop\/fr\/wp-json\/wp\/v2\/media?parent=1351"}],"wp:term":[{"taxonomy":"product_brand","embeddable":true,"href":"https:\/\/france-gastronomie.shop\/fr\/wp-json\/wp\/v2\/product_brand?post=1351"},{"taxonomy":"product_cat","embeddable":true,"href":"https:\/\/france-gastronomie.shop\/fr\/wp-json\/wp\/v2\/product_cat?post=1351"},{"taxonomy":"product_tag","embeddable":true,"href":"https:\/\/france-gastronomie.shop\/fr\/wp-json\/wp\/v2\/product_tag?post=1351"}],"curies":[{"name":"wp","href":"https:\/\/api.w.org\/{rel}","templated":true}]}}