{"id":1334,"date":"2020-08-18T10:57:34","date_gmt":"2020-08-18T10:57:34","guid":{"rendered":"https:\/\/france-gastronomie.shop\/?post_type=product&#038;p=1334"},"modified":"2024-11-04T10:36:59","modified_gmt":"2024-11-04T10:36:59","slug":"le-triporteur-vaucluse","status":"publish","type":"product","link":"https:\/\/france-gastronomie.shop\/fr\/produit\/le-triporteur-vaucluse\/","title":{"rendered":"Bag In Box 3L <br\/> Le Triporteur"},"content":{"rendered":"<h5>Le Triporteur<\/h5>\n<h5>IGP Vaucluse Ros\u00e9<\/h5>\n<p>Terroir d\u2019origine<br \/>\nArgilo siliceux<\/p>\n<p>Vinification<br \/>\nEgrappage, Pressurage direct. Fermentation \u00e0 basse temp\u00e9rature 14 \u00e0 16\u00b0 C.<\/p>\n<p>Vieillissement<br \/>\n4 mois en cuve<\/p>\n<p>C\u00e9pages<br \/>\nGrenache, Syrah<\/p>\n<p>D\u00e9gustation<br \/>\nCe vin \u00e0 la robe ros\u00e9 tr\u00e8s pale est tr\u00e8s aromatique avec des notes de petits fruits rouges, fraises et framboises. En bouche il pla\u00eet par sa fra\u00eecheur et ses fruits croquants.<\/p>\n<p>Mise en bouteille<br \/>\nA la propri\u00e9t\u00e9<\/p>\n<p>Conseils de d\u00e9gustation<br \/>\nGarde: 2-3 ans. 10\u00b0- 12 \u00b0C<\/p>\n<p>Conseils d\u2019accompagnement<br \/>\nIl sera consomm\u00e9 frais, sur des entr\u00e9es chaudes, des grillades, des charcuteries ou des poissons ou tout simplement en ap\u00e9ritif.<\/p>\n","protected":false},"excerpt":{"rendered":"<h5>IGP Vaucluse<\/h5>\n<p>C\u00e9pages<br \/>\nGrenache, Syrah<\/p>\n","protected":false},"featured_media":9796,"comment_status":"closed","ping_status":"closed","template":"","meta":[],"product_brand":[],"product_cat":[563,85,242,244,281,250,30],"product_tag":[],"class_list":{"0":"post-1334","1":"product","2":"type-product","3":"status-publish","4":"has-post-thumbnail","6":"product_cat-bag-in-box-3l","7":"product_cat-vins","8":"product_cat-regions","9":"product_cat-vallee-du-rhone","10":"product_cat-principaute-dorange-et-vaucluse","11":"product_cat-couleur","12":"product_cat-vin-rose","14":"first","15":"instock","16":"taxable","17":"shipping-taxable","18":"purchasable","19":"product-type-simple"},"jetpack_sharing_enabled":true,"_links":{"self":[{"href":"https:\/\/france-gastronomie.shop\/fr\/wp-json\/wp\/v2\/product\/1334","targetHints":{"allow":["GET"]}}],"collection":[{"href":"https:\/\/france-gastronomie.shop\/fr\/wp-json\/wp\/v2\/product"}],"about":[{"href":"https:\/\/france-gastronomie.shop\/fr\/wp-json\/wp\/v2\/types\/product"}],"replies":[{"embeddable":true,"href":"https:\/\/france-gastronomie.shop\/fr\/wp-json\/wp\/v2\/comments?post=1334"}],"wp:featuredmedia":[{"embeddable":true,"href":"https:\/\/france-gastronomie.shop\/fr\/wp-json\/wp\/v2\/media\/9796"}],"wp:attachment":[{"href":"https:\/\/france-gastronomie.shop\/fr\/wp-json\/wp\/v2\/media?parent=1334"}],"wp:term":[{"taxonomy":"product_brand","embeddable":true,"href":"https:\/\/france-gastronomie.shop\/fr\/wp-json\/wp\/v2\/product_brand?post=1334"},{"taxonomy":"product_cat","embeddable":true,"href":"https:\/\/france-gastronomie.shop\/fr\/wp-json\/wp\/v2\/product_cat?post=1334"},{"taxonomy":"product_tag","embeddable":true,"href":"https:\/\/france-gastronomie.shop\/fr\/wp-json\/wp\/v2\/product_tag?post=1334"}],"curies":[{"name":"wp","href":"https:\/\/api.w.org\/{rel}","templated":true}]}}