{"id":1319,"date":"2025-11-11T18:41:29","date_gmt":"2025-11-11T18:41:29","guid":{"rendered":"https:\/\/france-gastronomie.shop\/?post_type=product&#038;p=1319"},"modified":"2025-11-24T16:52:22","modified_gmt":"2025-11-24T16:52:22","slug":"les-hauts-des-coteaux-chateauneuf-du-pape","status":"publish","type":"product","link":"https:\/\/france-gastronomie.shop\/fr\/produit\/les-hauts-des-coteaux-chateauneuf-du-pape\/","title":{"rendered":"Les Hauts des Coteaux <br\/> Ch\u00e2teauneuf du Pape"},"content":{"rendered":"<h5>Les Hauts des Coteaux<\/h5>\n<h5>AOC Ch\u00e2teauneuf du Pape<\/h5>\n<p>Terroir d\u2019origine<br \/>\nCoteaux et Galets roul\u00e9s<\/p>\n<p>Vinification<br \/>\nEgrappage, cuvaison 25 jours, d\u00e9lestages et remontages journaliers.<br \/>\nTemp\u00e9rature de fermentation 28 \u00e0 30\u00b0C.<\/p>\n<p>Vieillissement<br \/>\n12 mois en f\u00fbts, puis plusieurs mois en cuve<\/p>\n<p>C\u00e9pages<br \/>\nGrenache 90%, Mourv\u00e8dre 5 %, Syrah 5 %<\/p>\n<p>Notes de d\u00e9gustation de notre \u0153nologue<br \/>\nLes Hauts des Coteaux est un vin issu d\u2019une s\u00e9lection de quelques parcelles de plus de 50 ans, situ\u00e9 dans nos meilleurs coteaux avec de tr\u00e8s faibles rendements. Ceci lui conf\u00e8re une grande intensit\u00e9<br \/>\net complexit\u00e9 aromatique ainsi qu\u2019une forte structure tannique. Son passage en f\u00fbts de ch\u00eane lui apporte des ar\u00f4mes de vanille ainsi que de grill\u00e9s et de r\u00e9glisse.<\/p>\n<p>Mise en bouteille<br \/>\nA la propri\u00e9t\u00e9<\/p>\n<p>Conseils de d\u00e9gustation<br \/>\nGarde: 5-10 ans. 16\u00b0 &#8211; 18\u00b0C<\/p>\n<p>Conseils d\u2019accompagnement<br \/>\nIl s\u2019accorde avec tous les plats en sauce, gibiers et fromages.<\/p>\n","protected":false},"excerpt":{"rendered":"<h5>AOC Ch\u00e2teauneuf du Pape<\/h5>\n<p>En 1925, un groupe de vignerons convaincu par les valeurs de solidarit\u00e9 et d\u2019entraide s\u2019unit. Onze ans apr\u00e8s, ces vignerons visionnaires participeront \u00e0 la construction de la 1\u00e8re appellation de France: CH\u00c2TEAUNEUF-DU-PAPE.<br \/>\nSoud\u00e9s comme \u00e0 l\u2019origine, les 189 Vignerons du CELLIER DES PRINCES sont aujourd\u2019hui fiers de faire appr\u00e9cier leurs vins sur les cinq continents et de pouvoir transmettre leurs valeurs de convivialit\u00e9 et d\u2019excellence.<\/p>\n<p>C\u00e9pages<br \/>\nGrenache 90%, Mourv\u00e8dre 5 %, Syrah 5 %<\/p>\n","protected":false},"featured_media":25133,"comment_status":"closed","ping_status":"closed","template":"","meta":[],"product_brand":[],"product_cat":[85,251,242,244,285,250,29],"product_tag":[],"class_list":{"0":"post-1319","1":"product","2":"type-product","3":"status-publish","4":"has-post-thumbnail","6":"product_cat-vins","7":"product_cat-grands-vins","8":"product_cat-regions","9":"product_cat-vallee-du-rhone","10":"product_cat-chateauneuf-du-pape","11":"product_cat-couleur","12":"product_cat-vin-rouge","14":"first","15":"instock","16":"taxable","17":"shipping-taxable","18":"purchasable","19":"product-type-simple"},"jetpack_sharing_enabled":true,"_links":{"self":[{"href":"https:\/\/france-gastronomie.shop\/fr\/wp-json\/wp\/v2\/product\/1319","targetHints":{"allow":["GET"]}}],"collection":[{"href":"https:\/\/france-gastronomie.shop\/fr\/wp-json\/wp\/v2\/product"}],"about":[{"href":"https:\/\/france-gastronomie.shop\/fr\/wp-json\/wp\/v2\/types\/product"}],"replies":[{"embeddable":true,"href":"https:\/\/france-gastronomie.shop\/fr\/wp-json\/wp\/v2\/comments?post=1319"}],"wp:featuredmedia":[{"embeddable":true,"href":"https:\/\/france-gastronomie.shop\/fr\/wp-json\/wp\/v2\/media\/25133"}],"wp:attachment":[{"href":"https:\/\/france-gastronomie.shop\/fr\/wp-json\/wp\/v2\/media?parent=1319"}],"wp:term":[{"taxonomy":"product_brand","embeddable":true,"href":"https:\/\/france-gastronomie.shop\/fr\/wp-json\/wp\/v2\/product_brand?post=1319"},{"taxonomy":"product_cat","embeddable":true,"href":"https:\/\/france-gastronomie.shop\/fr\/wp-json\/wp\/v2\/product_cat?post=1319"},{"taxonomy":"product_tag","embeddable":true,"href":"https:\/\/france-gastronomie.shop\/fr\/wp-json\/wp\/v2\/product_tag?post=1319"}],"curies":[{"name":"wp","href":"https:\/\/api.w.org\/{rel}","templated":true}]}}