{"id":13156,"date":"2022-11-11T11:26:55","date_gmt":"2022-11-11T11:26:55","guid":{"rendered":"https:\/\/france-gastronomie.shop\/?post_type=product&#038;p=13156"},"modified":"2025-11-11T18:26:43","modified_gmt":"2025-11-11T18:26:43","slug":"domaine-de-la-libellule-aoc-vacqueyras-2","status":"publish","type":"product","link":"https:\/\/france-gastronomie.shop\/fr\/produit\/domaine-de-la-libellule-aoc-vacqueyras-2\/","title":{"rendered":"Domaine de la Libellule <br\/> AOC Vacqueyras"},"content":{"rendered":"<h5>Domaine de la Libellule<\/h5>\n<h5>AOC Vacqueyras<\/h5>\n<p>Terroir d\u2019origine<br \/>\nHautes terrasses caillouteuse des Garrigues sud sur Sarrians avec galets et gravier calcaires sur argiles brunes.<\/p>\n<p>Vinification<br \/>\nEgrappage. Pressurage pneumatique. Fermentation \u00e0 basse temp\u00e9rature entre 12 et 14\u00b0. Pas de fermentation malolactique afin de pr\u00e9server la fraicheur.<\/p>\n<p>C\u00e9pages<br \/>\n75% Grenache Blanc, 10% Roussanne, 5% Viognier, 5% Clairette, 5% Marsanne<\/p>\n<p>Notes de d\u00e9gustation<br \/>\nLe nez est intense et complexe avec des notes de fleurs blanches et de p\u00eaches.<br \/>\nLa bouche est tr\u00e8s \u00e9quilibr\u00e9e avec du gras et de la fraicheur et une longue persistance aromatique<\/p>\n<p>Conseils de d\u00e9gustation<br \/>\nA boire d\u00e8s maintenant ou peut \u00eatre conserv\u00e9 de 1 \u00e0 3 ans.<\/p>\n<p>Conseils d\u2019accompagnement<br \/>\nServir entre 12 et 14\u00b0C en ap\u00e9ritif ou avec des poissons, fruits de mer et crustac\u00e9s, viandes blanches et fromages de ch\u00e8vre.<\/p>\n<p>R\u00e9compenses<br \/>\nM\u00e9daille Or Gilbert et Gaillard 2021<\/p>\n","protected":false},"excerpt":{"rendered":"<h5>AOC Vacqueyras<\/h5>\n<p>En 1925, un groupe de vignerons convaincu par les valeurs de solidarit\u00e9 et d\u2019entraide s\u2019unit. Onze ans apr\u00e8s, ces vignerons visionnaires participeront \u00e0 la construction de la 1\u00e8re appellation de France : CH\u00c2TEAUNEUF-DU-PAPE.<br \/>\nSoud\u00e9s comme \u00e0 l\u2019origine, les 189 Vignerons du CELLIER DES PRINCES sont aujourd\u2019hui fiers de faire appr\u00e9cier leurs vins sur les cinq continents et de pouvoir transmettre leurs valeurs de convivialit\u00e9 et d\u2019excellence.<\/p>\n<p>C\u00e9pages<br \/>\n75% Grenache Blanc, 10% Roussanne, 5% Viognier, 5% Clairette, 5% Marsanne<\/p>\n","protected":false},"featured_media":9778,"comment_status":"closed","ping_status":"closed","template":"","meta":[],"product_brand":[],"product_cat":[85,242,244,284,250,19],"product_tag":[],"class_list":{"0":"post-13156","1":"product","2":"type-product","3":"status-publish","4":"has-post-thumbnail","6":"product_cat-vins","7":"product_cat-regions","8":"product_cat-vallee-du-rhone","9":"product_cat-vacqueyras","10":"product_cat-couleur","11":"product_cat-vin-blanc","13":"first","14":"instock","15":"taxable","16":"shipping-taxable","17":"purchasable","18":"product-type-simple"},"jetpack_sharing_enabled":true,"_links":{"self":[{"href":"https:\/\/france-gastronomie.shop\/fr\/wp-json\/wp\/v2\/product\/13156","targetHints":{"allow":["GET"]}}],"collection":[{"href":"https:\/\/france-gastronomie.shop\/fr\/wp-json\/wp\/v2\/product"}],"about":[{"href":"https:\/\/france-gastronomie.shop\/fr\/wp-json\/wp\/v2\/types\/product"}],"replies":[{"embeddable":true,"href":"https:\/\/france-gastronomie.shop\/fr\/wp-json\/wp\/v2\/comments?post=13156"}],"wp:featuredmedia":[{"embeddable":true,"href":"https:\/\/france-gastronomie.shop\/fr\/wp-json\/wp\/v2\/media\/9778"}],"wp:attachment":[{"href":"https:\/\/france-gastronomie.shop\/fr\/wp-json\/wp\/v2\/media?parent=13156"}],"wp:term":[{"taxonomy":"product_brand","embeddable":true,"href":"https:\/\/france-gastronomie.shop\/fr\/wp-json\/wp\/v2\/product_brand?post=13156"},{"taxonomy":"product_cat","embeddable":true,"href":"https:\/\/france-gastronomie.shop\/fr\/wp-json\/wp\/v2\/product_cat?post=13156"},{"taxonomy":"product_tag","embeddable":true,"href":"https:\/\/france-gastronomie.shop\/fr\/wp-json\/wp\/v2\/product_tag?post=13156"}],"curies":[{"name":"wp","href":"https:\/\/api.w.org\/{rel}","templated":true}]}}