{"id":1312,"date":"2020-08-18T10:02:24","date_gmt":"2020-08-18T10:02:24","guid":{"rendered":"https:\/\/france-gastronomie.shop\/?post_type=product&#038;p=1312"},"modified":"2025-11-27T11:21:59","modified_gmt":"2025-11-27T11:21:59","slug":"domaine-le-mourre-chateauneuf-du-pape","status":"publish","type":"product","link":"https:\/\/france-gastronomie.shop\/fr\/produit\/domaine-le-mourre-chateauneuf-du-pape\/","title":{"rendered":"Domaine Le Mourre <br\/> Ch\u00e2teauneuf du Pape"},"content":{"rendered":"<h5>Domaine Le Mourre<\/h5>\n<h5>AOC Ch\u00e2teauneuf du Pape<\/h5>\n<p>Le Domaine Le Mourre tient son nom du proven\u00e7al \u00ab Lou Mourre \u00bb qui signifie petite colline. Le vignoble situ\u00e9 sur ce promontoire est cultiv\u00e9 depuis des g\u00e9n\u00e9rations par la famille vigneronne<br \/>\npropri\u00e9taire du Domaine. Ce Mourre rec\u00e8le \u00e9galement les traces des 1ier paysans du Vaucluse datant du N\u00e9olithique ancien (5000 av. JC). En effet, des empierrements de galets de quartzite<br \/>\n(symbole du terroir de l\u2019appellation Ch\u00e2teauneuf-du-Pape) ont \u00e9t\u00e9 d\u00e9couverts ainsi que des \u00e9l\u00e9ments de faucille et meule, signes d\u2019une activit\u00e9 agricole naissante. Les vignes des parcelles b\u00e9n\u00e9ficient d\u2019une exposition sud id\u00e9ale pour la maturit\u00e9 des raisins qui donnent ainsi des vins alliant rondeur et complexit\u00e9 aromatique.<\/p>\n<p>Terroir d\u2019origine<br \/>\nGalets roul\u00e9s et sols sablonneux<\/p>\n<p>Vinification<br \/>\nEgrappage, cuvaison 28 jours, pigeages, d\u00e9lestages et remontages journaliers.<br \/>\nTemp\u00e9rature de fermentation 27 \u00e0 30\u00b0C.<\/p>\n<p>Vieillissement<br \/>\n10 \u00e0 12 mois en cuve<\/p>\n<p>C\u00e9pages<br \/>\nGrenache 100%<\/p>\n<p>Notes de d\u00e9gustation de notre \u0153nologue<br \/>\nRobe rouge grenat \u00e9clatante. Nez intense et frais de fruits rouges et d\u2019\u00e9pices typiques du Grenache. Beau volume en bouche avec des tanins souples et fondus, beaucoup de rondeur et de sucrosit\u00e9.<br \/>\nBelle longueur aromatique.<\/p>\n<p>Mise en bouteille<br \/>\nA la propri\u00e9t\u00e9<\/p>\n<p>Conseils de d\u00e9gustation<br \/>\nGarde: 5 &#8211; 8 ans. 16\u00b0 &#8211; 18\u00b0C<\/p>\n<p>Conseils d\u2019accompagnement<br \/>\nIl s\u2019accorde avec les plats en sauce, les viandes grill\u00e9es, le gibier et les fromages.<\/p>\n<p>Vintage 2012<br \/>\nM\u00e9daille d\u2019Or F\u00e9minalise 2013<br \/>\nM\u00e9daille de Bronze Vinsobres 2013<\/p>\n","protected":false},"excerpt":{"rendered":"<h5>AOC Ch\u00e2teauneuf du Pape<\/h5>\n<p>En 1925, un groupe de vignerons convaincu par les valeurs de solidarit\u00e9 et d\u2019entraide s\u2019unit. Onze ans apr\u00e8s, ces vignerons visionnaires participeront \u00e0 la construction de la 1\u00e8re appellation de France: CH\u00c2TEAUNEUF-DU-PAPE.<br \/>\nSoud\u00e9s comme \u00e0 l\u2019origine, les 189 Vignerons du CELLIER DES PRINCES sont aujourd\u2019hui fiers de faire appr\u00e9cier leurs vins sur les cinq continents et de pouvoir transmettre leurs valeurs de convivialit\u00e9 et d\u2019excellence.<\/p>\n<p>C\u00e9pages<br \/>\nGrenache 100%<\/p>\n","protected":false},"featured_media":1313,"comment_status":"closed","ping_status":"closed","template":"","meta":[],"product_brand":[],"product_cat":[85,251,242,244,285,250,29],"product_tag":[],"class_list":{"0":"post-1312","1":"product","2":"type-product","3":"status-publish","4":"has-post-thumbnail","6":"product_cat-vins","7":"product_cat-grands-vins","8":"product_cat-regions","9":"product_cat-vallee-du-rhone","10":"product_cat-chateauneuf-du-pape","11":"product_cat-couleur","12":"product_cat-vin-rouge","14":"first","15":"instock","16":"taxable","17":"shipping-taxable","18":"purchasable","19":"product-type-simple"},"jetpack_sharing_enabled":true,"_links":{"self":[{"href":"https:\/\/france-gastronomie.shop\/fr\/wp-json\/wp\/v2\/product\/1312","targetHints":{"allow":["GET"]}}],"collection":[{"href":"https:\/\/france-gastronomie.shop\/fr\/wp-json\/wp\/v2\/product"}],"about":[{"href":"https:\/\/france-gastronomie.shop\/fr\/wp-json\/wp\/v2\/types\/product"}],"replies":[{"embeddable":true,"href":"https:\/\/france-gastronomie.shop\/fr\/wp-json\/wp\/v2\/comments?post=1312"}],"wp:featuredmedia":[{"embeddable":true,"href":"https:\/\/france-gastronomie.shop\/fr\/wp-json\/wp\/v2\/media\/1313"}],"wp:attachment":[{"href":"https:\/\/france-gastronomie.shop\/fr\/wp-json\/wp\/v2\/media?parent=1312"}],"wp:term":[{"taxonomy":"product_brand","embeddable":true,"href":"https:\/\/france-gastronomie.shop\/fr\/wp-json\/wp\/v2\/product_brand?post=1312"},{"taxonomy":"product_cat","embeddable":true,"href":"https:\/\/france-gastronomie.shop\/fr\/wp-json\/wp\/v2\/product_cat?post=1312"},{"taxonomy":"product_tag","embeddable":true,"href":"https:\/\/france-gastronomie.shop\/fr\/wp-json\/wp\/v2\/product_tag?post=1312"}],"curies":[{"name":"wp","href":"https:\/\/api.w.org\/{rel}","templated":true}]}}