{"id":13115,"date":"2022-01-19T09:51:12","date_gmt":"2022-01-19T09:51:12","guid":{"rendered":"https:\/\/france-gastronomie.shop\/?post_type=product&#038;p=13115"},"modified":"2024-11-04T10:54:23","modified_gmt":"2024-11-04T10:54:23","slug":"aoc-chateauneuf-du-pape-bio-cellier-des-princes","status":"publish","type":"product","link":"https:\/\/france-gastronomie.shop\/fr\/produit\/aoc-chateauneuf-du-pape-bio-cellier-des-princes\/","title":{"rendered":"Ch\u00e2teauneuf du Pape BIO <br\/> Cellier des princes"},"content":{"rendered":"<h5>Cellier des princes<\/h5>\n<h5>AOC Ch\u00e2teauneuf du Pape BIO<\/h5>\n<p>Terroir d\u2019origine<br \/>\nGalets roul\u00e9s sur sous-sol d&rsquo;argile et de silice, principalement sur le village de Courth\u00e9zon<\/p>\n<p>Vinification<br \/>\n\u00c9grappage, cuvaison de 20 \u00e0 30 jours en cuve inox, remontages et d\u00e9lestages journaliers. Temp\u00e9rature 28 \u00e0 30\u00b0C.<br \/>\nElevage en cuve b\u00e9ton pour assouplir les tanins<\/p>\n<p>Vieillissement<br \/>\n10 \u00e0 12 mois en cuve b\u00e9ton. Pas de bois afin de montrer la parfaite expression du terroir et la puret\u00e9 du fruit.<\/p>\n<p>C\u00e9pages<br \/>\nGrenache 90%, Mourv\u00e8dre 5 %, Syrah 5 %<\/p>\n<p>Notes de d\u00e9gustation de notre \u0153nologue<br \/>\nCette cuv\u00e9e nature a \u00e9t\u00e9 r\u00e9alis\u00e9e dans le respect de l&rsquo;environnement. C&rsquo;est un vin avec une robe rubis, un nez intense de m\u00fbres et d&rsquo;\u00e9pices.<br \/>\nLa bouche est fruit\u00e9e, puissante, avec des tanins \u00e9l\u00e9gants, et une longue persistance aromatique.<\/p>\n<p>Conseils de d\u00e9gustation<br \/>\nA d\u00e9guster d\u00e8s maintenant et peut \u00eatre gard\u00e9 5-6 ans. Servir \u00e0 16\u00b0-18\u00b0C.<\/p>\n<p>Conseils d\u2019accompagnement<br \/>\nCe vin s&rsquo;accordera parfaitement aux viandes r\u00f4ties ou en sauce, aux gibiers et formera un accord parfait avec les fromages affin\u00e9s.<\/p>\n<p>R\u00e9compenses<br \/>\nMill\u00e9sime 2020: 90 Pts &amp; Medaille d&rsquo;Or Gilbert &amp; Gaillard<br \/>\nMill\u00e9sime 2019: 90 Pts &amp; M\u00e9daille Or Gilbert &amp; Gaillard<\/p>\n","protected":false},"excerpt":{"rendered":"<h5>AOC Ch\u00e2teauneuf du Pape BIO<\/h5>\n<p>En 1925, un groupe de vignerons convaincu par les valeurs de solidarit\u00e9 et d\u2019entraide s\u2019unit. Onze ans apr\u00e8s, ces vignerons visionnaires participeront \u00e0 la construction de la 1\u00e8re appellation de France : CH\u00c2TEAUNEUF-DU-PAPE.<br \/>\nSoud\u00e9s comme \u00e0 l\u2019origine, les 189 Vignerons du CELLIER DES PRINCES sont aujourd\u2019hui fiers de faire appr\u00e9cier leurs vins sur les cinq continents et de pouvoir transmettre leurs valeurs de convivialit\u00e9 et d\u2019excellence.<\/p>\n<p>C\u00e9pages<br \/>\nGrenache 90%, Mourv\u00e8dre 5 %, Syrah 5 %<\/p>\n","protected":false},"featured_media":13136,"comment_status":"closed","ping_status":"closed","template":"","meta":[],"product_brand":[],"product_cat":[85,251,242,244,285,250,29,252],"product_tag":[],"class_list":{"0":"post-13115","1":"product","2":"type-product","3":"status-publish","4":"has-post-thumbnail","6":"product_cat-vins","7":"product_cat-grands-vins","8":"product_cat-regions","9":"product_cat-vallee-du-rhone","10":"product_cat-chateauneuf-du-pape","11":"product_cat-couleur","12":"product_cat-vin-rouge","13":"product_cat-bio","15":"first","16":"instock","17":"taxable","18":"shipping-taxable","19":"purchasable","20":"product-type-simple"},"jetpack_sharing_enabled":true,"_links":{"self":[{"href":"https:\/\/france-gastronomie.shop\/fr\/wp-json\/wp\/v2\/product\/13115","targetHints":{"allow":["GET"]}}],"collection":[{"href":"https:\/\/france-gastronomie.shop\/fr\/wp-json\/wp\/v2\/product"}],"about":[{"href":"https:\/\/france-gastronomie.shop\/fr\/wp-json\/wp\/v2\/types\/product"}],"replies":[{"embeddable":true,"href":"https:\/\/france-gastronomie.shop\/fr\/wp-json\/wp\/v2\/comments?post=13115"}],"wp:featuredmedia":[{"embeddable":true,"href":"https:\/\/france-gastronomie.shop\/fr\/wp-json\/wp\/v2\/media\/13136"}],"wp:attachment":[{"href":"https:\/\/france-gastronomie.shop\/fr\/wp-json\/wp\/v2\/media?parent=13115"}],"wp:term":[{"taxonomy":"product_brand","embeddable":true,"href":"https:\/\/france-gastronomie.shop\/fr\/wp-json\/wp\/v2\/product_brand?post=13115"},{"taxonomy":"product_cat","embeddable":true,"href":"https:\/\/france-gastronomie.shop\/fr\/wp-json\/wp\/v2\/product_cat?post=13115"},{"taxonomy":"product_tag","embeddable":true,"href":"https:\/\/france-gastronomie.shop\/fr\/wp-json\/wp\/v2\/product_tag?post=13115"}],"curies":[{"name":"wp","href":"https:\/\/api.w.org\/{rel}","templated":true}]}}