{"id":13110,"date":"2025-11-11T09:13:13","date_gmt":"2025-11-11T09:13:13","guid":{"rendered":"https:\/\/france-gastronomie.shop\/?post_type=product&#038;p=13110"},"modified":"2025-11-27T11:27:25","modified_gmt":"2025-11-27T11:27:25","slug":"mas-des-falaises-aop-cairanne","status":"publish","type":"product","link":"https:\/\/france-gastronomie.shop\/fr\/produit\/mas-des-falaises-aop-cairanne\/","title":{"rendered":"Mas des Falaises <br\/> AOP Cairanne"},"content":{"rendered":"<h5>Mas des Falaises<\/h5>\n<h5>AOP Cairanne<\/h5>\n<p>Terroir d\u2019origine<br \/>\nArgiles rouges caillouteuses des garrigues.<\/p>\n<p>Vinification<br \/>\nEgrappage, longue mac\u00e9ration de 4 semaines pour extraire de fa\u00e7on d\u00e9licate et douce la couleur et les tannins, avec d\u00e9lestages et remontages r\u00e9guliers.<br \/>\nElevage en cuve b\u00e9ton afin de montrer l&rsquo;expression la plus pure du terroir et de sa typicit\u00e9.<\/p>\n<p>Vieillissement<br \/>\n8 mois en cuve b\u00e9ton.<\/p>\n<p>C\u00e9pages<br \/>\n65% Grenache, 20% Syrah, 15% Carignan<\/p>\n<p>Notes de d\u00e9gustation<br \/>\nCe vin \u00e0 la robe d&rsquo;un rubis rouge profond est tr\u00e8s aromatique avec un nez intense de cerise, cassis et d&rsquo;\u00e9pices.<br \/>\nEn bouche, il d\u00e9livre une belle structure ainsi que des tanins fins et soyeux. La finale est longue et \u00e9pic\u00e9e.<\/p>\n<p>Conseils de d\u00e9gustation<br \/>\nA boire d\u00e8s maintenant ou peut \u00eatre conserv\u00e9 de 6 \u00e0 8 ans.<\/p>\n<p>Conseils d\u2019accompagnement<br \/>\nServir entre 16\u00b0 et 18\u00b0C.<br \/>\nId\u00e9al avec des plats en sauce, des viandes grill\u00e9es, les tajines ou bien avec des fromages affin\u00e9s.<\/p>\n<p>R\u00e9compenses<br \/>\nMill\u00e9sime 2020: M\u00e9daille Or Orange 2021<br \/>\nMill\u00e9sime 2019: 90 Pts James Suckling \/\/ M\u00e9daille Or Lyon 2020 \/\/<br \/>\nM\u00e9daille Or Grenaches du Monde<br \/>\nMill\u00e9sime 2018: 91 Pts James Suckling \/\/ Or Gilbert &amp; Gaillard<\/p>\n","protected":false},"excerpt":{"rendered":"<h5>AOP Cairanne<\/h5>\n<p>En 1925, un groupe de vignerons convaincu par les valeurs de solidarit\u00e9 et d\u2019entraide s\u2019unit. Onze ans apr\u00e8s, ces vignerons visionnaires participeront \u00e0 la construction de la 1\u00e8re appellation de France : CH\u00c2TEAUNEUF-DU-PAPE.<br \/>\nSoud\u00e9s comme \u00e0 l\u2019origine, les 189 Vignerons du CELLIER DES PRINCES sont aujourd\u2019hui fiers de faire appr\u00e9cier leurs vins sur les cinq continents et de pouvoir transmettre leurs valeurs de convivialit\u00e9 et d\u2019excellence.<\/p>\n<p>C\u00e9pages<br \/>\n65% Grenache, 20% Syrah, 15% Carignan<\/p>\n","protected":false},"featured_media":9775,"comment_status":"closed","ping_status":"closed","template":"","meta":[],"product_brand":[],"product_cat":[661,85,242,244,250,29],"product_tag":[],"class_list":{"0":"post-13110","1":"product","2":"type-product","3":"status-publish","4":"has-post-thumbnail","6":"product_cat-cairanne","7":"product_cat-vins","8":"product_cat-regions","9":"product_cat-vallee-du-rhone","10":"product_cat-couleur","11":"product_cat-vin-rouge","13":"first","14":"instock","15":"sale","16":"taxable","17":"shipping-taxable","18":"purchasable","19":"product-type-simple"},"jetpack_sharing_enabled":true,"_links":{"self":[{"href":"https:\/\/france-gastronomie.shop\/fr\/wp-json\/wp\/v2\/product\/13110","targetHints":{"allow":["GET"]}}],"collection":[{"href":"https:\/\/france-gastronomie.shop\/fr\/wp-json\/wp\/v2\/product"}],"about":[{"href":"https:\/\/france-gastronomie.shop\/fr\/wp-json\/wp\/v2\/types\/product"}],"replies":[{"embeddable":true,"href":"https:\/\/france-gastronomie.shop\/fr\/wp-json\/wp\/v2\/comments?post=13110"}],"wp:featuredmedia":[{"embeddable":true,"href":"https:\/\/france-gastronomie.shop\/fr\/wp-json\/wp\/v2\/media\/9775"}],"wp:attachment":[{"href":"https:\/\/france-gastronomie.shop\/fr\/wp-json\/wp\/v2\/media?parent=13110"}],"wp:term":[{"taxonomy":"product_brand","embeddable":true,"href":"https:\/\/france-gastronomie.shop\/fr\/wp-json\/wp\/v2\/product_brand?post=13110"},{"taxonomy":"product_cat","embeddable":true,"href":"https:\/\/france-gastronomie.shop\/fr\/wp-json\/wp\/v2\/product_cat?post=13110"},{"taxonomy":"product_tag","embeddable":true,"href":"https:\/\/france-gastronomie.shop\/fr\/wp-json\/wp\/v2\/product_tag?post=13110"}],"curies":[{"name":"wp","href":"https:\/\/api.w.org\/{rel}","templated":true}]}}