{"id":13100,"date":"2022-01-17T09:54:15","date_gmt":"2022-01-17T09:54:15","guid":{"rendered":"https:\/\/france-gastronomie.shop\/?post_type=product&#038;p=13100"},"modified":"2024-11-06T11:24:55","modified_gmt":"2024-11-06T11:24:55","slug":"ch-guillaume-blanc-malbec-bordeaux-superieur","status":"publish","type":"product","link":"https:\/\/france-gastronomie.shop\/fr\/produit\/ch-guillaume-blanc-malbec-bordeaux-superieur\/","title":{"rendered":"Ch. Guillaume Blanc Malbec <br\/> Bordeaux Sup\u00e9rieur"},"content":{"rendered":"<h5>Ch\u00e2teau Guillaume Blanc Malbec<\/h5>\n<h5>AOC Bordeaux Sup\u00e9rieur<\/h5>\n<p>Origine &#8211; terroir<br \/>\nLe Ch\u00e2teau Guillaume Blanc est situ\u00e9 \u00e0 quelques kilom\u00e8tres de Sainte Foy la Grande, aux confins de la Gironde, existe depuis 16\u00e8me si\u00e8cle. Le domaine doit son nom \u00e0 l&rsquo;ancien ma\u00eetre de maison, Guillaume Blanc, \u00e9lu consulat de la c\u00e9l\u00e8bre bastide voisine de Sainte Foy la Grande, haut lieu de l&rsquo;exportation du vin vers l&rsquo;Angleterre.<br \/>\nLe Ch\u00e2teau Guillaume Blanc est dot\u00e9 d&rsquo;une charmante b\u00e2tisse de type chartreuse. Le vignoble s&rsquo;\u00e9tend aujourd&rsquo;hui sur<br \/>\n65 hectares de vignes form\u00e9es d&rsquo;une myriade de parcelles diff\u00e9rentes. Le ch\u00e2teau b\u00e9n\u00e9ficie d&rsquo;un terroir complexe et unique. Les Cabernets sont plant\u00e9s dans les zones les plus graveleuses, Merlots sont plant\u00e9s sur les coteaux argilo-calcaires. Le Malbec repr\u00e9sente 5 hectares de vignes, id\u00e9alement plant\u00e9s sur un terroir argilo-calcaire.<br \/>\nLe domaine est certifi\u00e9 Haute Valeur Environnementale et s&rsquo;engage \u00e0 utiliser des pratiques respectueuses de l&rsquo;environnement. La combinaison de tous ces facteurs permet d&rsquo;obtenir des vins \u00e9quilibr\u00e9s, riches et structur\u00e9s dans plusieurs c\u00e9pages.<\/p>\n<p>Culture de la vigne<br \/>\nTravail des sols<br \/>\nTaille manuelle<br \/>\nEpamprage, effeuillage et \u00e9claircissage selon les parcelles<\/p>\n<p>Vinification<br \/>\nFermentation dans des cuves en inox \u00e0 temp\u00e9rature contr\u00f4l\u00e9e<br \/>\nVinification traditionnelle<br \/>\nRemontage sans air pour garder le fruit<br \/>\nMicro-oxyg\u00e9nation pour arrondir les tanins<\/p>\n<p>C\u00e9pages<br \/>\n100% Malbec<\/p>\n<p>D\u00e9gustation<br \/>\nLe Ch\u00e2teau Guillaume Blanc se pare d&rsquo;une profonde aux reflets violets. Au nez il d\u00e9voile d&rsquo;\u00e9l\u00e9gantes notes de fruits rouges, de poivre et de clous de girofle. La bouche est ronde et \u00e9quilibr\u00e9e, aux tanins soyeux, s&rsquo;\u00e9tirant sur une belle longueur.<\/p>\n<p>Accords mets &amp; vins<br \/>\nLe Ch\u00e2teau Guillaume Blanc\u00a0 se d\u00e9gustera sur des aiguillettes de canard aux pommes caram\u00e9lis\u00e9es, ou bien une entrec\u00f4te aux herbes, un gratin de courgettes et pour finir un g\u00e2teau au chocolat.<br \/>\nServir \u00e0 18\u00b0C.<\/p>\n<p>Recompenses<br \/>\n2019: M\u00e9daille d&rsquo;Or &#8211; Decanter WWA 2020 95\/10<br \/>\nM\u00e9daille d&rsquo;Or &#8211; Concours de Lyon 2020<\/p>\n","protected":false},"excerpt":{"rendered":"<h5>AOC Bordeaux Sup\u00e9rieur<\/h5>\n<p>Maison Le Star est la concr\u00e9tisation d\u2019un r\u00eave et l\u2019expression d\u2019une passion.<br \/>\nEntour\u00e9 d\u2019une \u00e9quipe de professionnels, \u0153nologues et sommeliers, garants de la qualit\u00e9 des vins que nous produisons et s\u00e9lectionnons, nous offrons aux futurs amateurs et aux connaisseurs du monde entier des vins fran\u00e7ais de qualit\u00e9 au prix juste.<\/p>\n<p>C\u00e9pages<br \/>\n100% Malbec<\/p>\n","protected":false},"featured_media":9772,"comment_status":"closed","ping_status":"closed","template":"","meta":[],"product_brand":[],"product_cat":[85,242,243,265,250,29],"product_tag":[],"class_list":{"0":"post-13100","1":"product","2":"type-product","3":"status-publish","4":"has-post-thumbnail","6":"product_cat-vins","7":"product_cat-regions","8":"product_cat-bordeaux","9":"product_cat-bordeaux-superieur","10":"product_cat-couleur","11":"product_cat-vin-rouge","13":"first","14":"outofstock","15":"taxable","16":"shipping-taxable","17":"purchasable","18":"product-type-simple"},"jetpack_sharing_enabled":true,"_links":{"self":[{"href":"https:\/\/france-gastronomie.shop\/fr\/wp-json\/wp\/v2\/product\/13100","targetHints":{"allow":["GET"]}}],"collection":[{"href":"https:\/\/france-gastronomie.shop\/fr\/wp-json\/wp\/v2\/product"}],"about":[{"href":"https:\/\/france-gastronomie.shop\/fr\/wp-json\/wp\/v2\/types\/product"}],"replies":[{"embeddable":true,"href":"https:\/\/france-gastronomie.shop\/fr\/wp-json\/wp\/v2\/comments?post=13100"}],"wp:featuredmedia":[{"embeddable":true,"href":"https:\/\/france-gastronomie.shop\/fr\/wp-json\/wp\/v2\/media\/9772"}],"wp:attachment":[{"href":"https:\/\/france-gastronomie.shop\/fr\/wp-json\/wp\/v2\/media?parent=13100"}],"wp:term":[{"taxonomy":"product_brand","embeddable":true,"href":"https:\/\/france-gastronomie.shop\/fr\/wp-json\/wp\/v2\/product_brand?post=13100"},{"taxonomy":"product_cat","embeddable":true,"href":"https:\/\/france-gastronomie.shop\/fr\/wp-json\/wp\/v2\/product_cat?post=13100"},{"taxonomy":"product_tag","embeddable":true,"href":"https:\/\/france-gastronomie.shop\/fr\/wp-json\/wp\/v2\/product_tag?post=13100"}],"curies":[{"name":"wp","href":"https:\/\/api.w.org\/{rel}","templated":true}]}}