{"id":13096,"date":"2022-01-17T09:05:41","date_gmt":"2022-01-17T09:05:41","guid":{"rendered":"https:\/\/france-gastronomie.shop\/?post_type=product&#038;p=13096"},"modified":"2025-10-31T10:47:27","modified_gmt":"2025-10-31T10:47:27","slug":"entre-parentheses-vin-de-bordeaux-2","status":"publish","type":"product","link":"https:\/\/france-gastronomie.shop\/fr\/produit\/entre-parentheses-vin-de-bordeaux-2\/","title":{"rendered":"Entre-Parenth\u00e8ses <br\/> Vin de Bordeaux"},"content":{"rendered":"<h5>Entre-Parenth\u00e8ses<\/h5>\n<h5>AOC Vin de Bordeaux<\/h5>\n<p>TERROIR<br \/>\nFruit du travail de s\u00e9lection rigoureux de nos vignerons s\u00e9lection de nos vignerons, Entre Parenth\u00e8ses repr\u00e9sente<br \/>\nrepr\u00e9sente la quintessence des meilleurs terroirs argilo-calcaires des meilleurs terroirs argilo-calcaires du vignoble bordelais. Ces terroirs ont \u00e9t\u00e9 sp\u00e9cialement s\u00e9lectionn\u00e9s pour leur capacit\u00e9 \u00e0 produire des vins distingu\u00e9s d&rsquo;une belle intensit\u00e9 aromatique<\/p>\n<p>VINIFICATION<br \/>\nLes raisins sont ferment\u00e9s dans des cuves en acier inoxydable\u00a0 \u00e0 une temp\u00e9rature contr\u00f4l\u00e9e de 20\u00b0C., avec des remontages r\u00e9guliers pour obtenir une couleur profonde et des ar\u00f4mes concentr\u00e9s.<\/p>\n<p>CEPAGES<br \/>\nMerlot (92%), Cabernet Franc (4%), Cabernet Sauvignon (2%), Malbec (2%)<\/p>\n<p>DEGUSTATION<br \/>\nEntre Parenth\u00e8ses Bordeaux se pare d\u2019une robe limpide, aux nuances rubis profond. Il r\u00e9v\u00e8le un bouquet aux ar\u00f4mes de petits fruits rouges m\u00fbrs sur une pointe \u00e9pic\u00e9e. La palais est rond et bien \u00e9quilibr\u00e9, sur des\u00a0tanins fondus et structur\u00e9. Un Bordeaux moderne et d\u00e9complex\u00e9.<\/p>\n<p>ACCORDS METS &amp; VINS<br \/>\nEntre Parenth\u00e8ses est parfait pour les occasions de boire en toute d\u00e9contraction, qu&rsquo;il soit servi \u00e0 l&rsquo;ap\u00e9ritif, avec des plats simples simples (hamburgers, p\u00e2tes) ou plus raffin\u00e9s (magret de canard, entrec\u00f4te). Il accompagnera \u00e9galement<br \/>\nbien certains fromages, comme le Comt\u00e9.<br \/>\nServir entre 16 et 18\u00b0C.<\/p>\n","protected":false},"excerpt":{"rendered":"<h2><span style=\"color: #ff0000;\"><strong>Attention!!<br \/>\nVous pouvez b\u00e9n\u00e9ficier d&rsquo;une offre promotionnelle exceptionnelle\u00a0<a href=\"https:\/\/france-gastronomie.shop\/fr\/category\/notre-conseil\/\">ICI<\/a><\/strong><\/span><\/h2>\n<p>&nbsp;<\/p>\n<h5>AOC Vin de Bordeaux<\/h5>\n<p>Maison Le Star est la concr\u00e9tisation d\u2019un r\u00eave et l\u2019expression d\u2019une passion.<br \/>\nEntour\u00e9 d\u2019une \u00e9quipe de professionnels, \u0153nologues et sommeliers, garants de la qualit\u00e9 des vins que nous produisons et s\u00e9lectionnons, nous offrons aux futurs amateurs et aux connaisseurs du monde entier des vins fran\u00e7ais de qualit\u00e9 au prix juste.<\/p>\n<p>C\u00e9pages<br \/>\nMerlot (92%), Cabernet Franc (4%), Cabernet Sauvignon (2%), Malbec (2%)<\/p>\n","protected":false},"featured_media":9769,"comment_status":"open","ping_status":"closed","template":"","meta":[],"product_brand":[],"product_cat":[85,243,263,250,29],"product_tag":[],"class_list":{"0":"post-13096","1":"product","2":"type-product","3":"status-publish","4":"has-post-thumbnail","6":"product_cat-vins","7":"product_cat-bordeaux","8":"product_cat-vins-de-bordeaux","9":"product_cat-couleur","10":"product_cat-vin-rouge","12":"first","13":"instock","14":"sale","15":"taxable","16":"shipping-taxable","17":"purchasable","18":"product-type-simple"},"jetpack_sharing_enabled":true,"_links":{"self":[{"href":"https:\/\/france-gastronomie.shop\/fr\/wp-json\/wp\/v2\/product\/13096","targetHints":{"allow":["GET"]}}],"collection":[{"href":"https:\/\/france-gastronomie.shop\/fr\/wp-json\/wp\/v2\/product"}],"about":[{"href":"https:\/\/france-gastronomie.shop\/fr\/wp-json\/wp\/v2\/types\/product"}],"replies":[{"embeddable":true,"href":"https:\/\/france-gastronomie.shop\/fr\/wp-json\/wp\/v2\/comments?post=13096"}],"wp:featuredmedia":[{"embeddable":true,"href":"https:\/\/france-gastronomie.shop\/fr\/wp-json\/wp\/v2\/media\/9769"}],"wp:attachment":[{"href":"https:\/\/france-gastronomie.shop\/fr\/wp-json\/wp\/v2\/media?parent=13096"}],"wp:term":[{"taxonomy":"product_brand","embeddable":true,"href":"https:\/\/france-gastronomie.shop\/fr\/wp-json\/wp\/v2\/product_brand?post=13096"},{"taxonomy":"product_cat","embeddable":true,"href":"https:\/\/france-gastronomie.shop\/fr\/wp-json\/wp\/v2\/product_cat?post=13096"},{"taxonomy":"product_tag","embeddable":true,"href":"https:\/\/france-gastronomie.shop\/fr\/wp-json\/wp\/v2\/product_tag?post=13096"}],"curies":[{"name":"wp","href":"https:\/\/api.w.org\/{rel}","templated":true}]}}