{"id":1305,"date":"2020-08-18T09:40:15","date_gmt":"2020-08-18T09:40:15","guid":{"rendered":"https:\/\/france-gastronomie.shop\/?post_type=product&#038;p=1305"},"modified":"2025-11-25T07:47:35","modified_gmt":"2025-11-25T07:47:35","slug":"domaine-les-escondudes-chateauneuf-du-pape","status":"publish","type":"product","link":"https:\/\/france-gastronomie.shop\/fr\/produit\/domaine-les-escondudes-chateauneuf-du-pape\/","title":{"rendered":"Les Escondudes <br\/> Ch\u00e2teauneuf du Pape"},"content":{"rendered":"<h5>Domaine Les Escondudes<\/h5>\n<h5>AOC Ch\u00e2teauneuf du Pape<\/h5>\n<p>Terroir d\u2019origine<br \/>\nGalets roul\u00e9s<\/p>\n<p>Vinification<br \/>\nEgrappage, cuvaison 20 jours, pigeages et remontages journaliers.<br \/>\nTemp\u00e9rature de fermentation 28 \u00e0 30\u00b0C.<\/p>\n<p>Vieillissement<br \/>\n10 \u00e0 12 mois en cuve<\/p>\n<p>C\u00e9pages<br \/>\nGrenache 100%<\/p>\n<p>Notes de d\u00e9gustation de notre \u0153nologue<br \/>\nLe Domaine Les Escondudes a une robe \u00e9clatante rouge grenat \u00e0 reflets rubis. De par son terroir, l\u2019enc\u00e9pagement et son mode de vinification traditionnel, ce vin pr\u00e9sente une belle charpente et des tanins tr\u00e8s soyeux. Au nez, ce vin tr\u00e8s \u00e9l\u00e9gant d\u00e9voile des notes de fruits rouges, cassis et cerise que l\u2019on retrouve au palais avec une finale \u00e9pic\u00e9e.<\/p>\n<p>Mise en bouteille<br \/>\nA la propri\u00e9t\u00e9<\/p>\n<p>Conseils de d\u00e9gustation<br \/>\nGarde: 5 &#8211; 8 ans. 16\u00b0 &#8211; 18\u00b0C<\/p>\n<p>Conseils d\u2019accompagnement<br \/>\nIl s\u2019accorde avec des viandes grill\u00e9es, gibier \u00e0 plumes, canard \u00e0 l\u2019orange, civet de li\u00e8vre etc.<\/p>\n<p>R\u00e9compenses et Citations<br \/>\n2012: M\u00e9daille Or Vinsobres 2013 (1er prix Chateauneuf)<br \/>\nM\u00e9daille Or Feminalise<br \/>\nM\u00e9daille Argent Avignon 2013<br \/>\nRobert Parker : 87-89<br \/>\n2011: M\u00e9daille Or 85\/100 Gilbert &amp; Gaillard 2013<br \/>\nM\u00e9daille Bronze IWC London<br \/>\n2010: M\u00e9daille Or Orange 2011<br \/>\nM\u00e9daille Argent F\u00e9minalise 2011<br \/>\nM\u00e9daille Argent Vinsobres 2011<br \/>\nM\u00e9daille de Bronze M\u00e2con 2011<br \/>\n2009: M\u00e9daille Or Orange 2010<br \/>\nM\u00e9daille Or F\u00e9minalise 2010<br \/>\nM\u00e9daille Or Vinsobres 2010<br \/>\nRobert Parker : 84-86<br \/>\n2008: M\u00e9daille Or Orange 2009 avec f\u00e9licitations du Jury<\/p>\n","protected":false},"excerpt":{"rendered":"<h5>2013-2014<br \/>\nAOC Ch\u00e2teauneuf du Pape<\/h5>\n<p>En 1925, un groupe de vignerons convaincu par les valeurs de solidarit\u00e9 et d\u2019entraide s\u2019unit. Onze ans apr\u00e8s, ces vignerons visionnaires participeront \u00e0 la construction de la 1\u00e8re appellation de France: CH\u00c2TEAUNEUF-DU-PAPE.<br \/>\nSoud\u00e9s comme \u00e0 l\u2019origine, les 189 Vignerons du CELLIER DES PRINCES sont aujourd\u2019hui fiers de faire appr\u00e9cier leurs vins sur les cinq continents et de pouvoir transmettre leurs valeurs de convivialit\u00e9 et d\u2019excellence.<\/p>\n<p>C\u00e9pages<br \/>\nGrenache 100%<\/p>\n","protected":false},"featured_media":1306,"comment_status":"closed","ping_status":"closed","template":"","meta":[],"product_brand":[],"product_cat":[85,251,242,244,285,250,29],"product_tag":[],"class_list":{"0":"post-1305","1":"product","2":"type-product","3":"status-publish","4":"has-post-thumbnail","6":"product_cat-vins","7":"product_cat-grands-vins","8":"product_cat-regions","9":"product_cat-vallee-du-rhone","10":"product_cat-chateauneuf-du-pape","11":"product_cat-couleur","12":"product_cat-vin-rouge","14":"first","15":"instock","16":"taxable","17":"shipping-taxable","18":"purchasable","19":"product-type-simple"},"jetpack_sharing_enabled":true,"_links":{"self":[{"href":"https:\/\/france-gastronomie.shop\/fr\/wp-json\/wp\/v2\/product\/1305","targetHints":{"allow":["GET"]}}],"collection":[{"href":"https:\/\/france-gastronomie.shop\/fr\/wp-json\/wp\/v2\/product"}],"about":[{"href":"https:\/\/france-gastronomie.shop\/fr\/wp-json\/wp\/v2\/types\/product"}],"replies":[{"embeddable":true,"href":"https:\/\/france-gastronomie.shop\/fr\/wp-json\/wp\/v2\/comments?post=1305"}],"wp:featuredmedia":[{"embeddable":true,"href":"https:\/\/france-gastronomie.shop\/fr\/wp-json\/wp\/v2\/media\/1306"}],"wp:attachment":[{"href":"https:\/\/france-gastronomie.shop\/fr\/wp-json\/wp\/v2\/media?parent=1305"}],"wp:term":[{"taxonomy":"product_brand","embeddable":true,"href":"https:\/\/france-gastronomie.shop\/fr\/wp-json\/wp\/v2\/product_brand?post=1305"},{"taxonomy":"product_cat","embeddable":true,"href":"https:\/\/france-gastronomie.shop\/fr\/wp-json\/wp\/v2\/product_cat?post=1305"},{"taxonomy":"product_tag","embeddable":true,"href":"https:\/\/france-gastronomie.shop\/fr\/wp-json\/wp\/v2\/product_tag?post=1305"}],"curies":[{"name":"wp","href":"https:\/\/api.w.org\/{rel}","templated":true}]}}