{"id":1291,"date":"2020-08-18T09:08:42","date_gmt":"2020-08-18T09:08:42","guid":{"rendered":"https:\/\/france-gastronomie.shop\/?post_type=product&#038;p=1291"},"modified":"2024-11-04T10:54:03","modified_gmt":"2024-11-04T10:54:03","slug":"cellier-des-princeschateauneuf-du-pape","status":"publish","type":"product","link":"https:\/\/france-gastronomie.shop\/fr\/produit\/cellier-des-princeschateauneuf-du-pape\/","title":{"rendered":"Ch\u00e2teauneuf du Pape <br\/> Cellier des Princes"},"content":{"rendered":"<h5>Cellier des Princes<\/h5>\n<h5>AOC Ch\u00e2teauneuf du Pape<\/h5>\n<p>Terroir d\u2019origine<br \/>\nArgilo Siliceux et galets roul\u00e9s<\/p>\n<p>Vinification<br \/>\nEgrappage, mac\u00e9ration pelliculaire 6 heures, pressurage. Fermentation \u00e0 basse temp\u00e9rature 14 \u00e0 16\u00b0C.<\/p>\n<p>Vieillissement<br \/>\nElevage en cuve pour 80% et en f\u00fbts pendant 4 mois pour 20%<\/p>\n<p>C\u00e9pages<br \/>\nGrenache blanc 60%, Clairette 15%, Bourboulenc 15%, Roussanne 10%<\/p>\n<p>Notes de d\u00e9gustation de notre \u0153nologue<br \/>\nCe vin pr\u00e9sente une belle robe jaune or brillante aux reflets tr\u00e8s lumineux.<br \/>\nLe mode de vinification \u00e0 basse temp\u00e9rature et l\u2019\u00e9levage pour partie en barrique offre \u00e0 ce vin une tr\u00e8s grande finesse et complexit\u00e9 aromatique.<br \/>\nLe nez est dans un registre de miel, de cire d\u2019abeille et de fleurs blanches, acacia et aub\u00e9pine.<br \/>\nLa bouche pr\u00e9sente un parfait \u00e9quilibre alcool\/acidit\u00e9 avec beaucoup de gras et de volume.<\/p>\n<p>Mise en bouteille<br \/>\nA la propri\u00e9t\u00e9<\/p>\n<p>Conseils de d\u00e9gustation<br \/>\n3 ans. 12\u00b0C et 14\u00b0C<\/p>\n<p>Conseils d\u2019accompagnement<br \/>\nIl s\u2019accorde parfaitement \u00e0 tous les plats de crustac\u00e9s et de poissons, ainsi qu\u2019avec les fromages de ch\u00e8vre. Il peut accompagner tous les desserts.<\/p>\n","protected":false},"excerpt":{"rendered":"<h5>AOC Ch\u00e2teauneuf du Pape<\/h5>\n<p>En 1925, un groupe de vignerons convaincu par les valeurs de solidarit\u00e9 et d\u2019entraide s\u2019unit. Onze ans apr\u00e8s, ces vignerons visionnaires participeront \u00e0 la construction de la 1\u00e8re appellation de France: CH\u00c2TEAUNEUF-DU-PAPE.<br \/>\nSoud\u00e9s comme \u00e0 l\u2019origine, les 189 Vignerons du CELLIER DES PRINCES sont aujourd\u2019hui fiers de faire appr\u00e9cier leurs vins sur les cinq continents et de pouvoir transmettre leurs valeurs de convivialit\u00e9 et d\u2019excellence.<\/p>\n<p>C\u00e9pages<br \/>\nGrenache blanc 60%, Clairette 15%, Bourboulenc 15%, Roussanne 10%<\/p>\n","protected":false},"featured_media":1292,"comment_status":"closed","ping_status":"closed","template":"","meta":[],"product_brand":[],"product_cat":[85,251,242,244,285,250,19],"product_tag":[],"class_list":{"0":"post-1291","1":"product","2":"type-product","3":"status-publish","4":"has-post-thumbnail","6":"product_cat-vins","7":"product_cat-grands-vins","8":"product_cat-regions","9":"product_cat-vallee-du-rhone","10":"product_cat-chateauneuf-du-pape","11":"product_cat-couleur","12":"product_cat-vin-blanc","14":"first","15":"outofstock","16":"taxable","17":"shipping-taxable","18":"purchasable","19":"product-type-simple"},"jetpack_sharing_enabled":true,"_links":{"self":[{"href":"https:\/\/france-gastronomie.shop\/fr\/wp-json\/wp\/v2\/product\/1291","targetHints":{"allow":["GET"]}}],"collection":[{"href":"https:\/\/france-gastronomie.shop\/fr\/wp-json\/wp\/v2\/product"}],"about":[{"href":"https:\/\/france-gastronomie.shop\/fr\/wp-json\/wp\/v2\/types\/product"}],"replies":[{"embeddable":true,"href":"https:\/\/france-gastronomie.shop\/fr\/wp-json\/wp\/v2\/comments?post=1291"}],"wp:featuredmedia":[{"embeddable":true,"href":"https:\/\/france-gastronomie.shop\/fr\/wp-json\/wp\/v2\/media\/1292"}],"wp:attachment":[{"href":"https:\/\/france-gastronomie.shop\/fr\/wp-json\/wp\/v2\/media?parent=1291"}],"wp:term":[{"taxonomy":"product_brand","embeddable":true,"href":"https:\/\/france-gastronomie.shop\/fr\/wp-json\/wp\/v2\/product_brand?post=1291"},{"taxonomy":"product_cat","embeddable":true,"href":"https:\/\/france-gastronomie.shop\/fr\/wp-json\/wp\/v2\/product_cat?post=1291"},{"taxonomy":"product_tag","embeddable":true,"href":"https:\/\/france-gastronomie.shop\/fr\/wp-json\/wp\/v2\/product_tag?post=1291"}],"curies":[{"name":"wp","href":"https:\/\/api.w.org\/{rel}","templated":true}]}}