{"id":1242,"date":"2020-08-18T04:31:30","date_gmt":"2020-08-18T04:31:30","guid":{"rendered":"https:\/\/france-gastronomie.shop\/?post_type=product&#038;p=1242"},"modified":"2025-11-24T17:15:38","modified_gmt":"2025-11-24T17:15:38","slug":"la-couronne-du-prince-cotes-du-rhone","status":"publish","type":"product","link":"https:\/\/france-gastronomie.shop\/fr\/produit\/la-couronne-du-prince-cotes-du-rhone\/","title":{"rendered":"La Couronne <br\/> AOC C\u00f4tes du Rh\u00f4ne"},"content":{"rendered":"<h5>La Couronne du Prince<\/h5>\n<h5>AOC C\u00f4tes du Rh\u00f4ne<\/h5>\n<p>Terroir d\u2019origine<br \/>\nCoteaux ou mourres argilo siliceux.<\/p>\n<p>Vinification<br \/>\nEgrappage, Cuvaison de 10 \u00e0 15 jours, d\u00e9lestages journaliers et remontages.<br \/>\nTemp\u00e9rature de fermentation de 28 \u00e0 30\u00b0 C.<\/p>\n<p>Vieillissement<br \/>\n12 mois en f\u00fbts de ch\u00eane<\/p>\n<p>C\u00e9pages<br \/>\nGrenache 55%, Syrah 40%, Mourv\u00e8dre 5%<\/p>\n<p>Notes de d\u00e9gustation de notre \u0153nologue<br \/>\nCe vin est issu de parcelles s\u00e9lectionn\u00e9es pour leur terroir, leur \u00e2ge et leur enc\u00e9pagement. La vendange est tri\u00e9e et ramass\u00e9e \u00e0 tr\u00e8s grande maturit\u00e9. Ce vin est un assemblage de trois c\u00e9pages typiques des C\u00f4tes du Rh\u00f4ne. Le Grenache apporte la puissance, le gras et la rondeur, la Syrah am\u00e8ne les ar\u00f4mes de cassis et les nuances violettes et sombres de la robe et enfin le Mourv\u00e8dre offre sa complexit\u00e9, sa structure et sa charpente. Son passage en f\u00fbts de ch\u00eane lui conf\u00e8re des parfums de vanille, de grill\u00e9 et de r\u00e9glisse.<\/p>\n<p>Mise en bouteille<br \/>\nA la propri\u00e9t\u00e9<\/p>\n<p>Conseils de d\u00e9gustation<br \/>\nVin \u00e0 boire dans les 5 ans. 14 \u00b0C et 18 \u00b0C.<\/p>\n<p>Conseils d\u2019accompagnement<br \/>\nIl peut \u00eatre consomm\u00e9 avec tous les plats de la cuisine m\u00e9diterran\u00e9enne m\u00eame \u00e9pic\u00e9s et s\u2019accorde parfaitement avec des plats en sauce ou du gibier.<\/p>\n","protected":false},"excerpt":{"rendered":"<h5>AOC C\u00f4tes du Rh\u00f4ne<\/h5>\n<p>En 1925, un groupe de vignerons convaincu par les valeurs de solidarit\u00e9 et d\u2019entraide s\u2019unit. Onze ans apr\u00e8s, ces vignerons visionnaires participeront \u00e0 la construction de la 1\u00e8re appellation de France: CH\u00c2TEAUNEUF-DU-PAPE.<br \/>\nSoud\u00e9s comme \u00e0 l\u2019origine, les 189 Vignerons du CELLIER DES PRINCES sont aujourd\u2019hui fiers de faire appr\u00e9cier leurs vins sur les cinq continents et de pouvoir transmettre leurs valeurs de convivialit\u00e9 et d\u2019excellence.<\/p>\n<p>C\u00e9pages<br \/>\nGrenache 55%, Syrah 40%, Mourv\u00e8dre 5%<\/p>\n","protected":false},"featured_media":25138,"comment_status":"closed","ping_status":"closed","template":"","meta":[],"product_brand":[],"product_cat":[85,242,244,282,250,29],"product_tag":[],"class_list":{"0":"post-1242","1":"product","2":"type-product","3":"status-publish","4":"has-post-thumbnail","6":"product_cat-vins","7":"product_cat-regions","8":"product_cat-vallee-du-rhone","9":"product_cat-cotes-du-rhone","10":"product_cat-couleur","11":"product_cat-vin-rouge","13":"first","14":"instock","15":"taxable","16":"shipping-taxable","17":"purchasable","18":"product-type-simple"},"jetpack_sharing_enabled":true,"_links":{"self":[{"href":"https:\/\/france-gastronomie.shop\/fr\/wp-json\/wp\/v2\/product\/1242","targetHints":{"allow":["GET"]}}],"collection":[{"href":"https:\/\/france-gastronomie.shop\/fr\/wp-json\/wp\/v2\/product"}],"about":[{"href":"https:\/\/france-gastronomie.shop\/fr\/wp-json\/wp\/v2\/types\/product"}],"replies":[{"embeddable":true,"href":"https:\/\/france-gastronomie.shop\/fr\/wp-json\/wp\/v2\/comments?post=1242"}],"wp:featuredmedia":[{"embeddable":true,"href":"https:\/\/france-gastronomie.shop\/fr\/wp-json\/wp\/v2\/media\/25138"}],"wp:attachment":[{"href":"https:\/\/france-gastronomie.shop\/fr\/wp-json\/wp\/v2\/media?parent=1242"}],"wp:term":[{"taxonomy":"product_brand","embeddable":true,"href":"https:\/\/france-gastronomie.shop\/fr\/wp-json\/wp\/v2\/product_brand?post=1242"},{"taxonomy":"product_cat","embeddable":true,"href":"https:\/\/france-gastronomie.shop\/fr\/wp-json\/wp\/v2\/product_cat?post=1242"},{"taxonomy":"product_tag","embeddable":true,"href":"https:\/\/france-gastronomie.shop\/fr\/wp-json\/wp\/v2\/product_tag?post=1242"}],"curies":[{"name":"wp","href":"https:\/\/api.w.org\/{rel}","templated":true}]}}