{"id":1196,"date":"2020-08-17T07:50:48","date_gmt":"2020-08-17T07:50:48","guid":{"rendered":"https:\/\/france-gastronomie.shop\/produit\/chateau-clos-du-moulinmedoc-cru-bourgeois\/"},"modified":"2024-10-31T09:35:14","modified_gmt":"2024-10-31T09:35:14","slug":"chateau-clos-du-moulinmedoc-cru-bourgeois","status":"publish","type":"product","link":"https:\/\/france-gastronomie.shop\/fr\/produit\/chateau-clos-du-moulinmedoc-cru-bourgeois\/","title":{"rendered":"Ch\u00e2teau Clos du Moulin <br\/> M\u00e9doc Cru Bourgeois"},"content":{"rendered":"<h5>Ch\u00e2teau Clos du Moulin<\/h5>\n<h5>AOC M\u00e9doc Cru Bourgeois<\/h5>\n<p>ORIGINE<br \/>\nLes origines du ch\u00e2teau Clos du Moulin remontent jusqu\u2019au 19e si\u00e8cle.<br \/>\nIl fut class\u00e9 Cru Bourgeois d\u00e8s 1932. Les vignes, d\u2019un \u00e2ge moyen de 30 ans, sont plant\u00e9es sur 11 hectares qui sont divis\u00e9s en diff\u00e9rentes parcelles.<br \/>\nCelles-ci sont caract\u00e9ris\u00e9es par un erroir xtraordinaire: les sols graveleux, situ\u00e9s directement sur les bords de la Gironde, et les plateaux de calcaire, \u00e0 2km de la Gironde, donnent toute leur force et leur finesse aux baies et par cons\u00e9quent aux vins de la propri\u00e9t\u00e9.<\/p>\n<p>VINIFICATION<br \/>\nVinification traditionnelle en cuves inox thermor\u00e9gul\u00e9es. \u00c9levage en barriques de ch\u00eane fran\u00e7ais.<\/p>\n<p>CEPAGES<br \/>\n50% Merlot, 50% Cabernet Sauvignon<\/p>\n<p>DEGUSTATION<br \/>\nRobe dense et profonde. Nez de belle intensit\u00e9 sur des notes de torr\u00e9faction et de fruits rouges.<br \/>\nLa bouche est fruit\u00e9e et \u00e9l\u00e9gante, sur une belle tension et terminant sur une finale tout en longueur.<\/p>\n<p>SERVICE<br \/>\n17\u00b0C<br \/>\nPotentiel de garde: 6 \u00e0 8 ans<\/p>\n<p>ACCORDS METS ET VIN<br \/>\nCe vin se d\u00e9gustera avec une pintade aux c\u00e8pes, un carr\u00e9 d\u2019agneau aux herbes ou encore sur des fromages affin\u00e9s.<\/p>\n<p>RECOMPENSES:<br \/>\n2014: M\u00e9daille d\u2019Or \u2013 Bordeaux 2016<br \/>\n2013: M\u00e9daille d\u2019Argent \u2013 Bordeaux 2015<br \/>\n2012: M\u00e9daille d\u2019Or \u2013 Paris 2014<\/p>\n","protected":false},"excerpt":{"rendered":"<h5>AOC M\u00e9doc Cru Bourgeois<\/h5>\n<p>Maison Le Star est la concr\u00e9tisation d\u2019un r\u00eave et l\u2019expression d\u2019une passion.<br \/>\nEntour\u00e9 d\u2019une \u00e9quipe de professionnels, \u0153nologues et sommeliers, garants de la qualit\u00e9 des vins que nous produisons et s\u00e9lectionnons, nous offrons aux futurs amateurs et aux connaisseurs du monde entier des vins fran\u00e7ais de qualit\u00e9 au prix juste.<\/p>\n<p>CEPAGES<br \/>\n50% Merlot, 50% Cabernet Sauvignon<\/p>\n","protected":false},"featured_media":2037,"comment_status":"closed","ping_status":"closed","template":"","meta":[],"product_brand":[],"product_cat":[85,242,243,271,250,29],"product_tag":[],"class_list":{"0":"post-1196","1":"product","2":"type-product","3":"status-publish","4":"has-post-thumbnail","6":"product_cat-vins","7":"product_cat-regions","8":"product_cat-bordeaux","9":"product_cat-medoc","10":"product_cat-couleur","11":"product_cat-vin-rouge","13":"first","14":"outofstock","15":"taxable","16":"shipping-taxable","17":"purchasable","18":"product-type-simple"},"jetpack_sharing_enabled":true,"_links":{"self":[{"href":"https:\/\/france-gastronomie.shop\/fr\/wp-json\/wp\/v2\/product\/1196","targetHints":{"allow":["GET"]}}],"collection":[{"href":"https:\/\/france-gastronomie.shop\/fr\/wp-json\/wp\/v2\/product"}],"about":[{"href":"https:\/\/france-gastronomie.shop\/fr\/wp-json\/wp\/v2\/types\/product"}],"replies":[{"embeddable":true,"href":"https:\/\/france-gastronomie.shop\/fr\/wp-json\/wp\/v2\/comments?post=1196"}],"wp:featuredmedia":[{"embeddable":true,"href":"https:\/\/france-gastronomie.shop\/fr\/wp-json\/wp\/v2\/media\/2037"}],"wp:attachment":[{"href":"https:\/\/france-gastronomie.shop\/fr\/wp-json\/wp\/v2\/media?parent=1196"}],"wp:term":[{"taxonomy":"product_brand","embeddable":true,"href":"https:\/\/france-gastronomie.shop\/fr\/wp-json\/wp\/v2\/product_brand?post=1196"},{"taxonomy":"product_cat","embeddable":true,"href":"https:\/\/france-gastronomie.shop\/fr\/wp-json\/wp\/v2\/product_cat?post=1196"},{"taxonomy":"product_tag","embeddable":true,"href":"https:\/\/france-gastronomie.shop\/fr\/wp-json\/wp\/v2\/product_tag?post=1196"}],"curies":[{"name":"wp","href":"https:\/\/api.w.org\/{rel}","templated":true}]}}