{"id":1053,"date":"2020-08-11T15:47:47","date_gmt":"2025-11-11T15:47:47","guid":{"rendered":"https:\/\/france-gastronomie.shop\/produit\/cellier-des-princes-cotes-du-rhone-2\/"},"modified":"2025-11-11T18:35:45","modified_gmt":"2025-11-11T18:35:45","slug":"cellier-des-princes-cotes-du-rhone-2","status":"publish","type":"product","link":"https:\/\/france-gastronomie.shop\/fr\/produit\/cellier-des-princes-cotes-du-rhone-2\/","title":{"rendered":"Le Sceau du Prince <br\/> AOC C\u00f4tes du Rh\u00f4ne"},"content":{"rendered":"<h5>Le Sceau du Prince<\/h5>\n<h5>AOC C\u00f4tes du Rh\u00f4ne Blanc<\/h5>\n<p>Terroir d\u2019origine<br \/>\nArgilo siliceux.<\/p>\n<p>Vinification<br \/>\nEgrappage, Pressurage, Fermentation \u00e0 basse temp\u00e9rature 14 \u00e0 16\u00b0 C.<\/p>\n<p>Vieillissement<br \/>\n2 \u00e0 3 mois en cuve.<\/p>\n<p>C\u00e9pages<br \/>\nGrenache blanc 60%, Clairette 29%, Bourboulenc 10% and Roussane 1%.<\/p>\n<p>Notes de d\u00e9gustation de notre \u0153nologue:<br \/>\nCe vin blanc a une robe jaune claire aux reflets tr\u00e8s lumineux.<br \/>\nLe mode de vinification \u00e0 basse temp\u00e9rature lui procure une grande finesse aromatique. Le nez pr\u00e9sente des notes d\u2019agrumes et de fleurs blanches.<br \/>\nEn bouche, il pr\u00e9sente un bel \u00e9quilibre avec de la fra\u00eecheur et beaucoup de gras.<\/p>\n<p>Mise en bouteille<br \/>\nA la propri\u00e9t\u00e9<\/p>\n<p>Conseils de d\u00e9gustation<br \/>\nGarde: 2 \u2013 3 ans. 10\u00b0 &#8211; 12\u00b0C.<\/p>\n<p>Conseils d\u2019accompagnement<br \/>\nIl peut \u00eatre bu seul, en ap\u00e9ritif, et s\u2019accorde parfaitement \u00e0 tous les plats de crustac\u00e9s et de poissons.<\/p>\n","protected":false},"excerpt":{"rendered":"<h5>AOC C\u00f4tes du Rh\u00f4ne<\/h5>\n<p>En 1925, un groupe de vignerons convaincu par les valeurs de solidarit\u00e9 et d\u2019entraide s\u2019unit. Onze ans apr\u00e8s, ces vignerons visionnaires participeront \u00e0 la construction de la 1\u00e8re appellation de France: CH\u00c2TEAUNEUF-DU-PAPE.<br \/>\nSoud\u00e9s comme \u00e0 l\u2019origine, les 189 Vignerons du CELLIER DES PRINCES sont aujourd\u2019hui fiers de faire appr\u00e9cier leurs vins sur les cinq continents et de pouvoir transmettre leurs valeurs de convivialit\u00e9 et d\u2019excellence.<\/p>\n<p>C\u00e9pages:<br \/>\nGrenache blanc 60%, Clairette 29%, Bourboulenc 10% a Roussane 1%<\/p>\n","protected":false},"featured_media":21193,"comment_status":"closed","ping_status":"closed","template":"","meta":[],"product_brand":[],"product_cat":[85,242,244,282,250,19],"product_tag":[],"class_list":{"0":"post-1053","1":"product","2":"type-product","3":"status-publish","4":"has-post-thumbnail","6":"product_cat-vins","7":"product_cat-regions","8":"product_cat-vallee-du-rhone","9":"product_cat-cotes-du-rhone","10":"product_cat-couleur","11":"product_cat-vin-blanc","13":"first","14":"instock","15":"taxable","16":"shipping-taxable","17":"purchasable","18":"product-type-simple"},"jetpack_sharing_enabled":true,"_links":{"self":[{"href":"https:\/\/france-gastronomie.shop\/fr\/wp-json\/wp\/v2\/product\/1053","targetHints":{"allow":["GET"]}}],"collection":[{"href":"https:\/\/france-gastronomie.shop\/fr\/wp-json\/wp\/v2\/product"}],"about":[{"href":"https:\/\/france-gastronomie.shop\/fr\/wp-json\/wp\/v2\/types\/product"}],"replies":[{"embeddable":true,"href":"https:\/\/france-gastronomie.shop\/fr\/wp-json\/wp\/v2\/comments?post=1053"}],"wp:featuredmedia":[{"embeddable":true,"href":"https:\/\/france-gastronomie.shop\/fr\/wp-json\/wp\/v2\/media\/21193"}],"wp:attachment":[{"href":"https:\/\/france-gastronomie.shop\/fr\/wp-json\/wp\/v2\/media?parent=1053"}],"wp:term":[{"taxonomy":"product_brand","embeddable":true,"href":"https:\/\/france-gastronomie.shop\/fr\/wp-json\/wp\/v2\/product_brand?post=1053"},{"taxonomy":"product_cat","embeddable":true,"href":"https:\/\/france-gastronomie.shop\/fr\/wp-json\/wp\/v2\/product_cat?post=1053"},{"taxonomy":"product_tag","embeddable":true,"href":"https:\/\/france-gastronomie.shop\/fr\/wp-json\/wp\/v2\/product_tag?post=1053"}],"curies":[{"name":"wp","href":"https:\/\/api.w.org\/{rel}","templated":true}]}}