{"id":10372,"date":"2021-05-20T07:47:34","date_gmt":"2021-05-20T07:47:34","guid":{"rendered":"https:\/\/france-gastronomie.shop\/?post_type=product&#038;p=10372"},"modified":"2024-10-31T09:49:32","modified_gmt":"2024-10-31T09:49:32","slug":"chateau-de-laumerade-cru-classe-louis-fabre","status":"publish","type":"product","link":"https:\/\/france-gastronomie.shop\/fr\/produit\/chateau-de-laumerade-cru-classe-louis-fabre\/","title":{"rendered":"Louis Fabre <br\/> Cru Class\u00e9 <br\/> Ch\u00e2teau de l&rsquo;Aum\u00e9rade"},"content":{"rendered":"<h5>Ch\u00e2teau de l&rsquo;Aum\u00e9rade Cru Class\u00e9<br \/>\nLouis Fabre<\/h5>\n<h5>AOP C\u00f4tes de Provence\u00a0Cru Class\u00e9<\/h5>\n<p>C\u00e9pages<br \/>\n90% Syrah, 10% Grenache<\/p>\n<p>Mill\u00e9sime: 2016<\/p>\n<p>Degr\u00e9: 14,5 % Vol.<\/p>\n<p>Terroir<br \/>\nTerroir argilo-calcaire<\/p>\n<p>Vinification<br \/>\nR\u00e9colte manuelle de parcelles s\u00e9lectionn\u00e9es.<br \/>\nEgrappage avant mise en cuve pour \u00eatre vinifi\u00e9e de fa\u00e7on traditionnelle entre 25\u00b0 et 30\u00b0 C pendant 20 \u00e0 30 jours.<br \/>\nRemontages quotidiens. Fermentation malolactique en cuve. Elevage 100% barrique pendant 12 \u00e0 18 mois.<\/p>\n<p>Histoire<br \/>\nLa cuv\u00e9e Louis Fabre, pr\u00e9sent\u00e9e en bouteille bordelaise Exception, est log\u00e9e en caisse bois (6 bouteilles couch\u00e9es).<br \/>\nCette cuv\u00e9e est r\u00e9serv\u00e9e \u00e0 l&rsquo;\u00e9lite de la gastronomie et aux grands amateurs d&rsquo;exception.<\/p>\n<p>D\u00e9gustation<br \/>\nRobe rouge grenat.<br \/>\nAu nez, il s\u00e9duit par l\u2019intensit\u00e9 de ses ar\u00f4mes et s\u2019exprime sur des notes de fruits rouges et d\u2019\u00e9pices.<br \/>\nEn bouche, l\u2019harmonie r\u00e8gne en ma\u00eetre avec une superbe expression tannique. Du volume et des touches poivr\u00e9es, accompagnent une longueur en bouche de caract\u00e8re.<\/p>\n<p>Accords<br \/>\nAvec cette remarquable cuv\u00e9e, on choisira une belle gastronomie de viandes mijot\u00e9es (gibier, b\u0153uf bourguignon, terrines\u2026) et fromages de caract\u00e8re. Un passage en carafe de quelques heures est conseill\u00e9.<\/p>\n<p>R\u00e9compenses<br \/>\nM\u00e9daille d\u2019Or au concours des vins de la foire de Brignoles 2006<br \/>\nSceau de qualit\u00e9 internationale \u00e0 la S\u00e9lection Mondiale des Vins du Canada 2007<\/p>\n","protected":false},"excerpt":{"rendered":"<h5>Louis Fabre<br \/>\nAOP C\u00f4tes de Provence\u00a0Cru Class\u00e9<\/h5>\n<h5>Les vins Domaine &amp; Ch\u00e2teaux Fabre<\/h5>\n<p>Fabre en Provence, depuis 1920, ambassadeur des six Domaines &amp; Ch\u00e2teaux de notre famille.<br \/>\n550 ha de vignes en AOP C\u00f4tes de Provence dont 112 hectares en \u00ab\u00a0Cru Class\u00e9\u00a0\u00bb depuis 1955.<\/p>\n<p>C\u00e9pages<br \/>\n90% Syrah, 10% Grenache<\/p>\n","protected":false},"featured_media":10376,"comment_status":"open","ping_status":"closed","template":"","meta":[],"product_brand":[],"product_cat":[679,85,242,247,250,29],"product_tag":[],"class_list":{"0":"post-10372","1":"product","2":"type-product","3":"status-publish","4":"has-post-thumbnail","6":"product_cat-cotesdeprovance","7":"product_cat-vins","8":"product_cat-regions","9":"product_cat-autres-regions","10":"product_cat-couleur","11":"product_cat-vin-rouge","13":"first","14":"instock","15":"taxable","16":"shipping-taxable","17":"purchasable","18":"product-type-simple"},"jetpack_sharing_enabled":true,"_links":{"self":[{"href":"https:\/\/france-gastronomie.shop\/fr\/wp-json\/wp\/v2\/product\/10372","targetHints":{"allow":["GET"]}}],"collection":[{"href":"https:\/\/france-gastronomie.shop\/fr\/wp-json\/wp\/v2\/product"}],"about":[{"href":"https:\/\/france-gastronomie.shop\/fr\/wp-json\/wp\/v2\/types\/product"}],"replies":[{"embeddable":true,"href":"https:\/\/france-gastronomie.shop\/fr\/wp-json\/wp\/v2\/comments?post=10372"}],"wp:featuredmedia":[{"embeddable":true,"href":"https:\/\/france-gastronomie.shop\/fr\/wp-json\/wp\/v2\/media\/10376"}],"wp:attachment":[{"href":"https:\/\/france-gastronomie.shop\/fr\/wp-json\/wp\/v2\/media?parent=10372"}],"wp:term":[{"taxonomy":"product_brand","embeddable":true,"href":"https:\/\/france-gastronomie.shop\/fr\/wp-json\/wp\/v2\/product_brand?post=10372"},{"taxonomy":"product_cat","embeddable":true,"href":"https:\/\/france-gastronomie.shop\/fr\/wp-json\/wp\/v2\/product_cat?post=10372"},{"taxonomy":"product_tag","embeddable":true,"href":"https:\/\/france-gastronomie.shop\/fr\/wp-json\/wp\/v2\/product_tag?post=10372"}],"curies":[{"name":"wp","href":"https:\/\/api.w.org\/{rel}","templated":true}]}}