{"id":10366,"date":"2021-05-20T07:06:59","date_gmt":"2021-05-20T07:06:59","guid":{"rendered":"https:\/\/france-gastronomie.shop\/?post_type=product&#038;p=10366"},"modified":"2024-10-31T09:47:23","modified_gmt":"2024-10-31T09:47:23","slug":"chateau-de-laumerade-cru-classe-dame-de-piegros","status":"publish","type":"product","link":"https:\/\/france-gastronomie.shop\/fr\/produit\/chateau-de-laumerade-cru-classe-dame-de-piegros\/","title":{"rendered":"Dame de Piegros <br\/> Cru Class\u00e9 <br\/> Ch\u00e2teau de l&rsquo;Aum\u00e9rade"},"content":{"rendered":"<h5>Ch\u00e2teau de l&rsquo;Aum\u00e9rade Cru Class\u00e9<br \/>\nDame de Piegros<\/h5>\n<h5>AOP C\u00f4tes de Provence\u00a0Cru Class\u00e9<\/h5>\n<p>C\u00e9pages<br \/>\n79% Syrah, 21% Grenache<\/p>\n<p>Mill\u00e9sime: 2017<\/p>\n<p>Degr\u00e9: 14 % Vol.<\/p>\n<p>Terroir<br \/>\nPropri\u00e9t\u00e9 de 300 ha dont 80 en Cru Class\u00e9, \u00e9tendue dans le triangle d\u2019or des C\u00f4tes de Provence, sur une vasteplaine dot\u00e9e d\u2019un terroir argilo-calcaire, \u00e9pic\u00e9 et min\u00e9ral.<\/p>\n<p>Vinification<br \/>\nParcelles vendang\u00e9es \u00e0 la main. Apr\u00e8s \u00e9grappage, la mac\u00e9ration se d\u00e9roule entre 20 et 30\u00b0 pendant 8 \u00e0 25 jours,<br \/>\nRemontages r\u00e9guliers. La fermentation malolactique se fait en cuve puis l\u2019\u00e9levage de 12 mois s&rsquo;effectue \u00e0 50% en barriques de second vin.<\/p>\n<p>Histoire<br \/>\nCe vin a \u00e9t\u00e9 cr\u00e9\u00e9 en hommage \u00e0 la Dame de Piegros, qui fut au XVII\u00e8me si\u00e8cle un personnage influent du monde du vin. Son testament stipulait que le domaine &#8211; ancien fief de Piegros &#8211; soit toujours g\u00e9r\u00e9 dans la tradition proven\u00e7ale.<\/p>\n<p>D\u00e9gustation<br \/>\nRobe rouge aux reflets grenat.<br \/>\nNez intense de fruits noirs et d&rsquo;\u00e9pices accompagn\u00e9s de notes bois\u00e9es discr\u00e8tes et bien fondues qui donnent au vin son caract\u00e8re.<br \/>\nEn bouche, le vin poss\u00e8de un beau volume et un \u00e9quilibre remarquable. Apr\u00e8s une attaque charnue, des tanins fins et velout\u00e9s tapissent le palais. Une \u00e9l\u00e9gante concentration s&rsquo;exprime en finale sur des notes de cerises noires. L&rsquo;\u00e9quilibre gustatif entre sensations acide, alcool et tanins, garantit un potentiel de garde de 5 \u00e0 8 ans. Tout d\u00e9pend de la pr\u00e9f\u00e9rence du d\u00e9gustateur pour un vin jeune viril ou un vin plus souple et aux ar\u00f4mes plus complexes.<br \/>\nA d\u00e9guster entre 15\u00b0 et 20\u00b0.<\/p>\n<p>Accords<br \/>\nId\u00e9al avec des plats de viande cuisin\u00e9s et des fromages \u00e0 p\u00e2te dure. Un passage en carafe de quelques heures est conseill\u00e9.<\/p>\n<p>R\u00e9compenses<br \/>\n2017: M\u00e9daille de Bronze au Decanter Asia Wine Awards 89\/100<\/p>\n","protected":false},"excerpt":{"rendered":"<h5>Dame de Piegros<br \/>\nAOP C\u00f4tes de Provence\u00a0Cru Class\u00e9<\/h5>\n<h5>Les vins Domaine &amp; Ch\u00e2teaux Fabre<\/h5>\n<p>Fabre en Provence, depuis 1920, ambassadeur des six Domaines &amp; Ch\u00e2teaux de notre famille.<br \/>\n550 ha de vignes en AOP C\u00f4tes de Provence dont 112 hectares en \u00ab\u00a0Cru Class\u00e9\u00a0\u00bb depuis 1955.<\/p>\n<p>C\u00e9pages<br \/>\n79% Syrah, 21% Grenache<\/p>\n","protected":false},"featured_media":10379,"comment_status":"open","ping_status":"closed","template":"","meta":[],"product_brand":[],"product_cat":[679,85,242,247,250,29],"product_tag":[],"class_list":{"0":"post-10366","1":"product","2":"type-product","3":"status-publish","4":"has-post-thumbnail","6":"product_cat-cotesdeprovance","7":"product_cat-vins","8":"product_cat-regions","9":"product_cat-autres-regions","10":"product_cat-couleur","11":"product_cat-vin-rouge","13":"first","14":"instock","15":"taxable","16":"shipping-taxable","17":"purchasable","18":"product-type-simple"},"jetpack_sharing_enabled":true,"_links":{"self":[{"href":"https:\/\/france-gastronomie.shop\/fr\/wp-json\/wp\/v2\/product\/10366","targetHints":{"allow":["GET"]}}],"collection":[{"href":"https:\/\/france-gastronomie.shop\/fr\/wp-json\/wp\/v2\/product"}],"about":[{"href":"https:\/\/france-gastronomie.shop\/fr\/wp-json\/wp\/v2\/types\/product"}],"replies":[{"embeddable":true,"href":"https:\/\/france-gastronomie.shop\/fr\/wp-json\/wp\/v2\/comments?post=10366"}],"wp:featuredmedia":[{"embeddable":true,"href":"https:\/\/france-gastronomie.shop\/fr\/wp-json\/wp\/v2\/media\/10379"}],"wp:attachment":[{"href":"https:\/\/france-gastronomie.shop\/fr\/wp-json\/wp\/v2\/media?parent=10366"}],"wp:term":[{"taxonomy":"product_brand","embeddable":true,"href":"https:\/\/france-gastronomie.shop\/fr\/wp-json\/wp\/v2\/product_brand?post=10366"},{"taxonomy":"product_cat","embeddable":true,"href":"https:\/\/france-gastronomie.shop\/fr\/wp-json\/wp\/v2\/product_cat?post=10366"},{"taxonomy":"product_tag","embeddable":true,"href":"https:\/\/france-gastronomie.shop\/fr\/wp-json\/wp\/v2\/product_tag?post=10366"}],"curies":[{"name":"wp","href":"https:\/\/api.w.org\/{rel}","templated":true}]}}