{"id":3,"date":"2021-01-11T13:04:18","date_gmt":"2021-01-11T13:04:18","guid":{"rendered":"http:\/\/france.gastro\/?page_id=3"},"modified":"2024-04-23T09:53:36","modified_gmt":"2024-04-23T09:53:36","slug":"privacy-policy","status":"publish","type":"page","link":"https:\/\/france-gastronomie.shop\/fr\/privacy-policy\/","title":{"rendered":"Politique de confidentialit\u00e9"},"content":{"rendered":"\t\t<div data-elementor-type=\"wp-page\" data-elementor-id=\"3\" class=\"elementor elementor-3\" data-elementor-post-type=\"page\">\n\t\t\t\t\t\t<section class=\"wd-negative-gap elementor-section elementor-top-section elementor-element elementor-element-73e5f666 elementor-section-boxed elementor-section-height-default elementor-section-height-default\" data-id=\"73e5f666\" data-element_type=\"section\">\n\t\t\t\t\t\t<div class=\"elementor-container elementor-column-gap-default\">\n\t\t\t\t\t<div class=\"elementor-column elementor-col-100 elementor-top-column elementor-element elementor-element-39a81780\" data-id=\"39a81780\" data-element_type=\"column\">\n\t\t\t<div class=\"elementor-widget-wrap elementor-element-populated\">\n\t\t\t\t\t\t<div class=\"elementor-element elementor-element-26fa3b4f color-scheme-inherit text-left elementor-widget elementor-widget-text-editor\" data-id=\"26fa3b4f\" data-element_type=\"widget\" data-widget_type=\"text-editor.default\">\n\t\t\t\t\t\t\t\t\t<p><strong>PROTECTION DES DONN\u00c9ES ET ENVOI DE COMMUNICATIONS COMMERCIALES<\/strong><\/p>\n<p>EURUNI CZ, s.r.o., Ko\u0159ensk\u00e9ho 1038\/11, 150 00 Prague 5, ID 27175847 prend soin de prot\u00e9ger les donn\u00e9es personnelles que vous nous fournissez.<\/p>\n<p>EURUNI CZ, s.r.o. se soucie de la s\u00e9curit\u00e9 des donn\u00e9es personnelles que vous nous fournissez. Nous avons pris des mesures techniques et organisationnelles appropri\u00e9es pour prot\u00e9ger vos donn\u00e9es de mani\u00e8re suffisante au regard de la gravit\u00e9 de leur traitement. Aucune personne non autoris\u00e9e n&rsquo;a acc\u00e8s aux donn\u00e9es personnelles que nous avons recueillies aupr\u00e8s de vous.<\/p>\n<ol>\n<li>La protection des donn\u00e9es personnelles de l&rsquo;acheteur, qui est une personne physique, est assur\u00e9e par la loi n\u00b0 101\/2000 Coll. sur la protection des donn\u00e9es personnelles, telle que modifi\u00e9e.<\/li>\n<li>L&rsquo;Acheteur accepte le traitement des donn\u00e9es personnelles suivantes: nom et pr\u00e9nom, adresse du domicile, num\u00e9ro d&rsquo;identification, num\u00e9ro d&rsquo;identification fiscale, adresse e-mail et num\u00e9ro de t\u00e9l\u00e9phone (ci-apr\u00e8s d\u00e9nomm\u00e9es collectivement \u00a0\u00bb donn\u00e9es personnelles \u00ab\u00a0).<\/li>\n<li>L&rsquo;acheteur accepte que le vendeur traite ses donn\u00e9es personnelles afin d&rsquo;exercer les droits et obligations pr\u00e9vus par le contrat d&rsquo;achat et afin d&rsquo;envoyer des informations et des communications commerciales au vendeur.<\/li>\n<li>l&rsquo;Acheteur reconna\u00eet qu&rsquo;il est tenu de fournir ses donn\u00e9es personnelles (lors de l&rsquo;inscription, dans son compte utilisateur, lors de la passation d&rsquo;une commande depuis l&rsquo;interface web de la boutique) de mani\u00e8re correcte et v\u00e9ridique et qu&rsquo;il est tenu d&rsquo;informer le Vendeur sans d\u00e9lai excessif de toute modification de ses donn\u00e9es personnelles.<\/li>\n<li>Le Vendeur peut confier \u00e0 un tiers, en tant que sous-traitant, le traitement des donn\u00e9es personnelles de l&rsquo;Acheteur. A l&rsquo;exception des personnes transportant les marchandises, les donn\u00e9es personnelles ne seront pas transf\u00e9r\u00e9es \u00e0 des tiers par le Vendeur sans le consentement pr\u00e9alable de l&rsquo;Acheteur.<\/li>\n<li>Les donn\u00e9es personnelles seront trait\u00e9es pour une dur\u00e9e ind\u00e9termin\u00e9e. Les donn\u00e9es personnelles seront trait\u00e9es sous forme \u00e9lectronique de mani\u00e8re automatis\u00e9e ou sous forme imprim\u00e9e de mani\u00e8re non automatis\u00e9e.<\/li>\n<li>L&rsquo;Acheteur confirme que les donn\u00e9es personnelles fournies sont exactes et qu&rsquo;il a \u00e9t\u00e9 inform\u00e9 qu&rsquo;il s&rsquo;agit d&rsquo;une fourniture volontaire de donn\u00e9es personnelles. L&rsquo;Acheteur d\u00e9clare avoir \u00e9t\u00e9 inform\u00e9 qu&rsquo;il peut retirer son consentement au traitement des donn\u00e9es personnelles en relation avec le Vendeur par notification \u00e9crite d\u00e9livr\u00e9e \u00e0 l&rsquo;adresse du Vendeur.<\/li>\n<li>Si l&rsquo;Acheteur estime que le Vendeur ou le Processeur (point 5.) traite ses donn\u00e9es personnelles en violation de la protection de la vie priv\u00e9e et personnelle de l&rsquo;Acheteur ou en violation de la loi, notamment si les donn\u00e9es personnelles sont inexactes au regard de la finalit\u00e9 de leur traitement, il peut :<\/li>\n<\/ol>\n<p>&#8211; demander une explication au vendeur ou au transformateur<\/p>\n<p>&#8211; exiger du vendeur ou du transformateur qu&rsquo;il rem\u00e9die \u00e0 la situation.<\/p>\n<p>Il peut notamment s&rsquo;agir de bloquer, rectifier, compl\u00e9ter ou d\u00e9truire les donn\u00e9es \u00e0 caract\u00e8re personnel. Si la demande de l&rsquo;acheteur en vertu de la phrase pr\u00e9c\u00e9dente s&rsquo;av\u00e8re justifi\u00e9e, le vendeur ou le sous-traitant doit imm\u00e9diatement rem\u00e9dier \u00e0 l&rsquo;\u00e9tat d\u00e9fectueux. Si le vendeur ou le sous-traitant ne donne pas suite \u00e0 la demande, l&rsquo;acheteur a le droit de contacter directement l&rsquo;autorit\u00e9 de protection des donn\u00e9es. Cette disposition est sans pr\u00e9judice du droit de l&rsquo;acheteur d&rsquo;adresser sa plainte directement \u00e0 l&rsquo;autorit\u00e9 de protection des donn\u00e9es.<\/p>\n<ol start=\"9\">\n<li>Si l&rsquo;acheteur demande des informations sur le traitement de ses donn\u00e9es personnelles, le vendeur est tenu de lui fournir ces informations. Le Vendeur est en droit de facturer des frais raisonnables pour la fourniture d&rsquo;informations conform\u00e9ment \u00e0 la phrase pr\u00e9c\u00e9dente, sans d\u00e9passer les co\u00fbts n\u00e9cessaires pour fournir les informations.<\/li>\n<li>L&rsquo;acheteur accepte d&rsquo;envoyer des informations relatives aux biens, services ou activit\u00e9s du vendeur \u00e0 l&rsquo;adresse \u00e9lectronique de l&rsquo;acheteur et accepte \u00e9galement que le vendeur envoie des communications commerciales \u00e0 l&rsquo;adresse \u00e9lectronique de l&rsquo;acheteur.<\/li>\n<\/ol>\n<p>Ces conditions sont en vigueur \u00e0 partir de 1. 5. 2024<\/p>\t\t\t\t\t\t\t\t<\/div>\n\t\t\t\t\t<\/div>\n\t\t<\/div>\n\t\t\t\t\t<\/div>\n\t\t<\/section>\n\t\t\t\t<\/div>\n\t\t","protected":false},"excerpt":{"rendered":"<p>PROTECTION DES DONN\u00c9ES ET ENVOI DE COMMUNICATIONS COMMERCIALES EURUNI CZ, s.r.o., Ko\u0159ensk\u00e9ho 1038\/11, 150 00 Prague 5, ID 27175847 prend<\/p>\n","protected":false},"author":1,"featured_media":0,"parent":0,"menu_order":0,"comment_status":"closed","ping_status":"closed","template":"","meta":{"footnotes":""},"class_list":["post-3","page","type-page","status-publish","hentry"],"jetpack_sharing_enabled":true,"_links":{"self":[{"href":"https:\/\/france-gastronomie.shop\/fr\/wp-json\/wp\/v2\/pages\/3","targetHints":{"allow":["GET"]}}],"collection":[{"href":"https:\/\/france-gastronomie.shop\/fr\/wp-json\/wp\/v2\/pages"}],"about":[{"href":"https:\/\/france-gastronomie.shop\/fr\/wp-json\/wp\/v2\/types\/page"}],"author":[{"embeddable":true,"href":"https:\/\/france-gastronomie.shop\/fr\/wp-json\/wp\/v2\/users\/1"}],"replies":[{"embeddable":true,"href":"https:\/\/france-gastronomie.shop\/fr\/wp-json\/wp\/v2\/comments?post=3"}],"version-history":[{"count":4,"href":"https:\/\/france-gastronomie.shop\/fr\/wp-json\/wp\/v2\/pages\/3\/revisions"}],"predecessor-version":[{"id":17783,"href":"https:\/\/france-gastronomie.shop\/fr\/wp-json\/wp\/v2\/pages\/3\/revisions\/17783"}],"wp:attachment":[{"href":"https:\/\/france-gastronomie.shop\/fr\/wp-json\/wp\/v2\/media?parent=3"}],"curies":[{"name":"wp","href":"https:\/\/api.w.org\/{rel}","templated":true}]}}