{"id":9905,"date":"2021-05-05T10:09:27","date_gmt":"2021-05-05T10:09:27","guid":{"rendered":"https:\/\/france-gastronomie.shop\/produit\/chateau-la-goviniere\/"},"modified":"2024-05-21T11:36:20","modified_gmt":"2024-05-21T11:36:20","slug":"chateau-la-goviniere","status":"publish","type":"product","link":"https:\/\/france-gastronomie.shop\/en\/produit\/chateau-la-goviniere\/","title":{"rendered":"Ch\u00e2teau La Govini\u00e8re <br\/> Lussac Saint-Emilion"},"content":{"rendered":"<h5>Ch\u00e2teau La Govini\u00e8re<\/h5>\n<h5>AOC Lussac Saint-\u00c9milion<\/h5>\n<p>Origine &#8211; terroir<br \/>\nCh\u00e2teau La Govini\u00e8re is located in the heart of the Lussac appellation, just a short distance from the prestigious town of Saint-\u00c9milion. With a surface area of 12 hectares divided between valleys and plateaus and clay-limestone, clay-silt and red earth soils, this small family vineyard is cultivated by Olivier and Carine Cliarpentier, now the fourth generation at the head of the estate.<\/p>\n<p>Vinification<br \/>\nSustainable winegrowing.<br \/>\nTraditional winemaking without the addition of sulphites.<br \/>\nLong macerations.<br \/>\nAged in vats.<\/p>\n<p>Grapes varieties<br \/>\nMerlot, Cabernet Franc, Cabernet Sauvignon<\/p>\n<p>Tasting notes<br \/>\nCh\u00e2teau La Govini\u00e8re has a beautiful clear ruby colour and reveals delicious aromas of fresh red berries on the nose.<br \/>\nOn the palate, it is a well-balanced wine, with finesse and a pleasant freshness that lingers on the finish.<\/p>\n<p>Food &amp; wine pairing<br \/>\nCh\u00e2teau La Govini\u00e8re will be ideal with a lamb mouse, a duck breast and its pan-fried mushrooms or a salad of confit gizzards.<br \/>\nServe between 16\u00b0 and 18\u00b0C.<\/p>\n","protected":false},"excerpt":{"rendered":"<h5>AOC Lussac Saint-\u00c9milion<\/h5>\n<p>Maison Le Star is the fulfilment of a dream and the expression of a deep passion.<br \/>\nWith the help of our team of wine professionals, oenologists and sommeliers who strive to ensure the quality of the wines we produce and select, my aim is to give future wine lovers and connaisseurs throughout the world the opportunity to discover exceptional French wines at accessible prices.<\/p>\n<p>Grapes varieties<br \/>\nMerlot, Cabernet Franc, Cabernet Sauvignon<\/p>\n","protected":false},"featured_media":9904,"comment_status":"open","ping_status":"closed","template":"","meta":[],"product_brand":[],"product_cat":[322,333,340,346,324,327],"product_tag":[],"class_list":{"0":"post-9905","1":"product","2":"type-product","3":"status-publish","4":"has-post-thumbnail","6":"product_cat-wines","7":"product_cat-regions-en","8":"product_cat-bordeaux-en","9":"product_cat-lussac-saint-emilion-en","10":"product_cat-color","11":"product_cat-red-wine","13":"first","14":"outofstock","15":"taxable","16":"shipping-taxable","17":"purchasable","18":"product-type-simple"},"jetpack_sharing_enabled":true,"_links":{"self":[{"href":"https:\/\/france-gastronomie.shop\/en\/wp-json\/wp\/v2\/product\/9905","targetHints":{"allow":["GET"]}}],"collection":[{"href":"https:\/\/france-gastronomie.shop\/en\/wp-json\/wp\/v2\/product"}],"about":[{"href":"https:\/\/france-gastronomie.shop\/en\/wp-json\/wp\/v2\/types\/product"}],"replies":[{"embeddable":true,"href":"https:\/\/france-gastronomie.shop\/en\/wp-json\/wp\/v2\/comments?post=9905"}],"wp:featuredmedia":[{"embeddable":true,"href":"https:\/\/france-gastronomie.shop\/en\/wp-json\/wp\/v2\/media\/9904"}],"wp:attachment":[{"href":"https:\/\/france-gastronomie.shop\/en\/wp-json\/wp\/v2\/media?parent=9905"}],"wp:term":[{"taxonomy":"product_brand","embeddable":true,"href":"https:\/\/france-gastronomie.shop\/en\/wp-json\/wp\/v2\/product_brand?post=9905"},{"taxonomy":"product_cat","embeddable":true,"href":"https:\/\/france-gastronomie.shop\/en\/wp-json\/wp\/v2\/product_cat?post=9905"},{"taxonomy":"product_tag","embeddable":true,"href":"https:\/\/france-gastronomie.shop\/en\/wp-json\/wp\/v2\/product_tag?post=9905"}],"curies":[{"name":"wp","href":"https:\/\/api.w.org\/{rel}","templated":true}]}}