{"id":9872,"date":"2021-05-05T07:45:18","date_gmt":"2021-05-05T07:45:18","guid":{"rendered":"https:\/\/france-gastronomie.shop\/produit\/chateau-haut-methee-cuvee-prestige\/"},"modified":"2024-05-20T11:30:28","modified_gmt":"2024-05-20T11:30:28","slug":"chateau-haut-methee-cuvee-prestige","status":"publish","type":"product","link":"https:\/\/france-gastronomie.shop\/en\/produit\/chateau-haut-methee-cuvee-prestige\/","title":{"rendered":"Ch. Haut M\u00e9th\u00e9e <br\/> Cuv\u00e9e Prestige"},"content":{"rendered":"<h5>Ch\u00e2teau Haut M\u00e9th\u00e9e<br \/>\nCuv\u00e9e Prestige<\/h5>\n<h5>AOC Vin de Bordeaux<\/h5>\n<p>Origine &#8211; terroir<br \/>\nCh\u00e2teau Haut M\u00e9th\u00e9e is a family estate owned by the same family for 4 generations. Eric Masse, the actual owner took over the vineyard in 1996 but has worked on the domain with its parents since 1983. Throughout the years, he expands the estate and covers now 55 hectares situated at C\u00e9zac, a small village situated between Blaye and Libourne. The 20 years old vineyard produce around 2600 hectoliters of wine per year and is planted on clay and limestone hills, ideally exposed to the sun.<\/p>\n<p>Vinification<br \/>\nPicking at optimal maturity.<br \/>\nWinemaking in thermo-regulated vats.<br \/>\nFermentation in cement and stainless steel vats.<br \/>\nAgeing in cement vats.<\/p>\n<p>Grapes varieties<br \/>\n60% Cabernet Sauvignon, 35% Merlot, 5% Cabernet Franc<\/p>\n<p>Tasting notes<br \/>\nCh\u00e2teau Haut-M\u00e9th\u00e9e reveals a bright red color with purple highlights.<br \/>\nThe nose displays intense and charming notes of concentrated black fruit such as blackberry and black currant.<br \/>\nThe palate is supple, round and fleshy with well-blended tannins and a lingering finish on fruity aromas.<\/p>\n<p>Food &amp; wine pairing<br \/>\nCh\u00e2teau Haut M\u00e9th\u00e9e will be ideal with a grilled entrecote, a roasted pork in sauce, a platter of cheese or with chocolate-based desserts.<br \/>\nServe between 16\u00b0 et 18\u00b0C.<\/p>\n<p>Awards<br \/>\n2018: Gold Medal \u2013 Concours de Lyon 2019<br \/>\n2018: Silver Medal \u2013 Concours de Bruxelles 2019<\/p>\n","protected":false},"excerpt":{"rendered":"<h5>AOC Vin de Bordeaux<\/h5>\n<p>Maison Le Star is the fulfilment of a dream and the expression of a deep passion.<br \/>\nWith the help of our team of wine professionals, oenologists and sommeliers who strive to ensure the quality of the wines we produce and select, my aim is to give future wine lovers and connaisseurs throughout the world the opportunity to discover exceptional French wines at accessible prices.<\/p>\n<p>Grapes varieties<br \/>\n60% Cabernet Sauvignon, 35% Merlot, 5% Cabernet Franc<\/p>\n","protected":false},"featured_media":9871,"comment_status":"open","ping_status":"closed","template":"","meta":[],"product_brand":[],"product_cat":[322,333,340,358,324,327],"product_tag":[],"class_list":{"0":"post-9872","1":"product","2":"type-product","3":"status-publish","4":"has-post-thumbnail","6":"product_cat-wines","7":"product_cat-regions-en","8":"product_cat-bordeaux-en","9":"product_cat-vins-de-bordeaux-en","10":"product_cat-color","11":"product_cat-red-wine","13":"first","14":"outofstock","15":"taxable","16":"shipping-taxable","17":"purchasable","18":"product-type-simple"},"jetpack_sharing_enabled":true,"_links":{"self":[{"href":"https:\/\/france-gastronomie.shop\/en\/wp-json\/wp\/v2\/product\/9872","targetHints":{"allow":["GET"]}}],"collection":[{"href":"https:\/\/france-gastronomie.shop\/en\/wp-json\/wp\/v2\/product"}],"about":[{"href":"https:\/\/france-gastronomie.shop\/en\/wp-json\/wp\/v2\/types\/product"}],"replies":[{"embeddable":true,"href":"https:\/\/france-gastronomie.shop\/en\/wp-json\/wp\/v2\/comments?post=9872"}],"wp:featuredmedia":[{"embeddable":true,"href":"https:\/\/france-gastronomie.shop\/en\/wp-json\/wp\/v2\/media\/9871"}],"wp:attachment":[{"href":"https:\/\/france-gastronomie.shop\/en\/wp-json\/wp\/v2\/media?parent=9872"}],"wp:term":[{"taxonomy":"product_brand","embeddable":true,"href":"https:\/\/france-gastronomie.shop\/en\/wp-json\/wp\/v2\/product_brand?post=9872"},{"taxonomy":"product_cat","embeddable":true,"href":"https:\/\/france-gastronomie.shop\/en\/wp-json\/wp\/v2\/product_cat?post=9872"},{"taxonomy":"product_tag","embeddable":true,"href":"https:\/\/france-gastronomie.shop\/en\/wp-json\/wp\/v2\/product_tag?post=9872"}],"curies":[{"name":"wp","href":"https:\/\/api.w.org\/{rel}","templated":true}]}}