{"id":931,"date":"2020-08-04T05:24:40","date_gmt":"2020-08-04T05:24:40","guid":{"rendered":"https:\/\/france-gastronomie.shop\/produit\/heredita-cotes-du-rhone\/"},"modified":"2024-11-04T11:20:04","modified_gmt":"2024-11-04T11:20:04","slug":"heredita-cotes-du-rhone","status":"publish","type":"product","link":"https:\/\/france-gastronomie.shop\/en\/produit\/heredita-cotes-du-rhone\/","title":{"rendered":"H\u00e9r\u00e9dita <br\/> AOC C\u00f4tes du Rh\u00f4ne"},"content":{"rendered":"<h5>H\u00e9r\u00e9dita<\/h5>\n<h5>AOC C\u00f4tes du Rh\u00f4ne<\/h5>\n<p>TERROIR<br \/>\nClay, silicious soils and limestone with some round pebbles on the surface. The vineyards are located around Ch\u00e2teauneuf du Pape.<\/p>\n<p>WINEMAKING<br \/>\nTotally destemmed, 4 weeks vatting time with daily releases and pumping over.<br \/>\nControlled fermentation temperature between 25\u00b0 and 30\u00b0 C.<\/p>\n<p>AGEING<br \/>\n8 months in stainless steel vats<\/p>\n<p>GRAPE VARIETIES<br \/>\nGrenache 70% &amp; Syrah 30%<\/p>\n<p>H\u00e9r\u00e9dita is a cuv\u00e9e born from the collaboration between Philippe Cambie, the Grenache master, specialist of the Ch\u00e2teauneuf-du-Pape Cru, named \u00ab Winemaker of the Year 2010 \u00bb by Robert Parker, and Thierry Ferlay, talented winemaker of Cellier des Princes since 2009 his exceptional Cuv\u00e9e made from old vines of Grenache combines tradition and modernity. As a motto \u00ab NOVE SED NON NOVA \u00bb, not new material, but new way.<\/p>\n<p>TASTING NOTES<br \/>\nVery elegant and perfumed nose, exhibiting note of fresh red berries and liquorice.<br \/>\nVelvety mouthfeel with smooth tannins and a finale showing a lot of spices.<\/p>\n<p>TASTING ADVICES<br \/>\nTo enjoy now or can be kept 3-4 years. Serve at 14 &#8211; 16\u00b0C<\/p>\n<p>FOOD PAIRINGS<br \/>\nThis can be enjoyed now with any Mediterranean dishes, grilled meat, stew and cheese.<\/p>\n<p>AWARDS<br \/>\n2018: Gold Pertuis<\/p>\n","protected":false},"excerpt":{"rendered":"<h5>AOC C\u00f4tes du Rh\u00f4ne<\/h5>\n<p>In 1925, a group of winegrowers convinced by the values of solidarity and mutual aid joined forces. Eleven years later, these visionary winegrowers participated in the construction of the first appellation in France: CH\u00c2TEAUNEUF-DU-PAPE.<br \/>\nThe 189 winegrowers of the CELLIER DES PRINCES, united as they were in the beginning, are proud to share their wines on all five continents and to transmit their values of conviviality and excellence.<\/p>\n<p>GRAPE VARIETIES<br \/>\nGrenache 70% &amp; Syrah 30%<\/p>\n","protected":false},"featured_media":25131,"comment_status":"closed","ping_status":"closed","template":"","meta":[],"product_brand":[],"product_cat":[322,333,374,377,324,327],"product_tag":[],"class_list":{"0":"post-931","1":"product","2":"type-product","3":"status-publish","4":"has-post-thumbnail","6":"product_cat-wines","7":"product_cat-regions-en","8":"product_cat-vallee-du-rhone-en","9":"product_cat-cotes-du-rhone-en","10":"product_cat-color","11":"product_cat-red-wine","13":"first","14":"instock","15":"taxable","16":"shipping-taxable","17":"purchasable","18":"product-type-simple"},"jetpack_sharing_enabled":true,"_links":{"self":[{"href":"https:\/\/france-gastronomie.shop\/en\/wp-json\/wp\/v2\/product\/931","targetHints":{"allow":["GET"]}}],"collection":[{"href":"https:\/\/france-gastronomie.shop\/en\/wp-json\/wp\/v2\/product"}],"about":[{"href":"https:\/\/france-gastronomie.shop\/en\/wp-json\/wp\/v2\/types\/product"}],"replies":[{"embeddable":true,"href":"https:\/\/france-gastronomie.shop\/en\/wp-json\/wp\/v2\/comments?post=931"}],"wp:featuredmedia":[{"embeddable":true,"href":"https:\/\/france-gastronomie.shop\/en\/wp-json\/wp\/v2\/media\/25131"}],"wp:attachment":[{"href":"https:\/\/france-gastronomie.shop\/en\/wp-json\/wp\/v2\/media?parent=931"}],"wp:term":[{"taxonomy":"product_brand","embeddable":true,"href":"https:\/\/france-gastronomie.shop\/en\/wp-json\/wp\/v2\/product_brand?post=931"},{"taxonomy":"product_cat","embeddable":true,"href":"https:\/\/france-gastronomie.shop\/en\/wp-json\/wp\/v2\/product_cat?post=931"},{"taxonomy":"product_tag","embeddable":true,"href":"https:\/\/france-gastronomie.shop\/en\/wp-json\/wp\/v2\/product_tag?post=931"}],"curies":[{"name":"wp","href":"https:\/\/api.w.org\/{rel}","templated":true}]}}