{"id":5066,"date":"2020-12-14T10:26:28","date_gmt":"2020-12-14T10:26:28","guid":{"rendered":"https:\/\/france-gastronomie.shop\/produit\/forest-terrine-with-mushrooms\/"},"modified":"2024-01-17T08:45:40","modified_gmt":"2024-01-17T08:45:40","slug":"forest-terrine-with-mushrooms","status":"publish","type":"product","link":"https:\/\/france-gastronomie.shop\/en\/produit\/forest-terrine-with-mushrooms\/","title":{"rendered":"Forest terrine <br\/> with mushrooms"},"content":{"rendered":"<h5>Forest terrine with mushrooms<\/h5>\n<h5>LA CHAISERONNE<\/h5>\n<p>No coloring, no preservatives, no gluten<\/p>\n<p>Composition<br \/>\nMeat and liver of pork from Normandy (France) raised on barley flour, skimmed milk \u00bd, eggs, cream of Isigny PDO (milk), red beetroot, onions, modified corn starch, forest mushrooms 2.6%, port (sulphites), salt, pepper.<\/p>\n<p>Raw materials<br \/>\nPork meat: Pork raised in &#8220;South Manche&#8221; with barley flour, 50% of which is semi-outdoor and processed in Normandy.<br \/>\nSince 1990, La Chaiseronne, in partnership with our breeders, has built up precise specifications stipulating that the animal lives in a healthy environment at a natural pace with an exclusive food made for La Chaiseronne.<br \/>\nThis food:<br \/>\n&#8211; includes 75% cereals, 65% of which is crushed barley, peas, vegetable oilcake to which are added minerals, minerals, vitamins and minerals.<br \/>\nvitamins and trace elements essential for the balance of the ration.<br \/>\n&#8211; and guaranteed the total absence of animal meal, fish meal, growth factor, antibiotics, GMOs, etc.<br \/>\nThis balanced diet extends the rearing period by about 3 weeks and gives a tender, soft, and tender meat particularly tasty.<br \/>\nCr\u00e8me d&#8217;Isigny PDO: Appellation d&#8217;Origine Contr\u00f4l\u00e9e. The cream is produced by the Isigny sur Mer dairy in Normandy with milk from Normandy.<\/p>\n<p>Allergens<br \/>\nEggs and by-products, milk and by-products, sulphites and derivatives.<\/p>\n<p>GMO<br \/>\nNone<\/p>\n<p>Net weight<br \/>\n0,19 kg<\/p>\n<p>Shelf life<br \/>\n3 years<\/p>\n<p>Conservation<br \/>\nAmbient temperature 10 to 20\u00b0C. After opening, store at +2\u00b0 and consume quickly.<\/p>\n<p>Nutritional values<\/p>\n<table width=\"297\">\n<tbody>\n<tr>\n<td width=\"194\">Energy values per 100g (kJ)<\/td>\n<td width=\"103\">1699<\/td>\n<\/tr>\n<tr>\n<td>Energy values per 100g (kcal)<\/td>\n<td>406<\/td>\n<\/tr>\n<tr>\n<td>Fat<\/td>\n<td>40,5g<\/td>\n<\/tr>\n<tr>\n<td>Of which saturated fat<\/td>\n<td>17,7g<\/td>\n<\/tr>\n<tr>\n<td>Carbohydrates<\/td>\n<td>4,6g<\/td>\n<\/tr>\n<tr>\n<td>Of which sugars<\/td>\n<td>1,5g<\/td>\n<\/tr>\n<tr>\n<td>Proteins<\/td>\n<td>5,7g<\/td>\n<\/tr>\n<tr>\n<td>salt<\/td>\n<td>1,5g<\/td>\n<\/tr>\n<\/tbody>\n<\/table>\n","protected":false},"excerpt":{"rendered":"<h5>LA CHAISERONNE<\/h5>\n<p>Since its inception, La Chaiseronne has been committed to a sustainable development approach based on 4 aims:<br \/>\n1. Promote quality and proximity<br \/>\n2. Respect animal welfare and human health<br \/>\n3. Develop employment and skills<br \/>\n4. Reduce our impact on the environment<\/p>\n","protected":false},"featured_media":5064,"comment_status":"open","ping_status":"closed","template":"","meta":[],"product_brand":[],"product_cat":[595,380],"product_tag":[],"class_list":{"0":"post-5066","1":"product","2":"type-product","3":"status-publish","4":"has-post-thumbnail","6":"product_cat-terrines-en","7":"product_cat-grocery","9":"first","10":"outofstock","11":"taxable","12":"shipping-taxable","13":"purchasable","14":"product-type-simple"},"jetpack_sharing_enabled":true,"_links":{"self":[{"href":"https:\/\/france-gastronomie.shop\/en\/wp-json\/wp\/v2\/product\/5066","targetHints":{"allow":["GET"]}}],"collection":[{"href":"https:\/\/france-gastronomie.shop\/en\/wp-json\/wp\/v2\/product"}],"about":[{"href":"https:\/\/france-gastronomie.shop\/en\/wp-json\/wp\/v2\/types\/product"}],"replies":[{"embeddable":true,"href":"https:\/\/france-gastronomie.shop\/en\/wp-json\/wp\/v2\/comments?post=5066"}],"wp:featuredmedia":[{"embeddable":true,"href":"https:\/\/france-gastronomie.shop\/en\/wp-json\/wp\/v2\/media\/5064"}],"wp:attachment":[{"href":"https:\/\/france-gastronomie.shop\/en\/wp-json\/wp\/v2\/media?parent=5066"}],"wp:term":[{"taxonomy":"product_brand","embeddable":true,"href":"https:\/\/france-gastronomie.shop\/en\/wp-json\/wp\/v2\/product_brand?post=5066"},{"taxonomy":"product_cat","embeddable":true,"href":"https:\/\/france-gastronomie.shop\/en\/wp-json\/wp\/v2\/product_cat?post=5066"},{"taxonomy":"product_tag","embeddable":true,"href":"https:\/\/france-gastronomie.shop\/en\/wp-json\/wp\/v2\/product_tag?post=5066"}],"curies":[{"name":"wp","href":"https:\/\/api.w.org\/{rel}","templated":true}]}}