{"id":4958,"date":"2020-12-09T11:51:04","date_gmt":"2020-12-09T11:51:04","guid":{"rendered":"https:\/\/france-gastronomie.shop\/produit\/navarin-of-lamb-cooked-in-cider\/"},"modified":"2023-12-20T00:24:27","modified_gmt":"2023-12-20T00:24:27","slug":"navarin-of-lamb-cooked-in-cider","status":"publish","type":"product","link":"https:\/\/france-gastronomie.shop\/en\/produit\/navarin-of-lamb-cooked-in-cider\/","title":{"rendered":"Navarin of lamb <br\/> cooked in cider"},"content":{"rendered":"<h5>Navarin of lamb cooked in cider<\/h5>\n<h5>LA CHAISERONNE<\/h5>\n<p>No coloring, no preservatives, no gluten<\/p>\n<p>Composition<br \/>\nLamb meat from Normandy (France) 52%, cooking broth, dried beans, Br\u00e9c\u00e9en cider 11% (sulphites), carrots, onions, turnips, salt, cider vinegar (sulphites), sugar, garlic, pepper.<\/p>\n<p>Raw materials<br \/>\nSheep meat from France<br \/>\nFresh vegetables exclusively from Normandy (Manche and Calvados) during the production season it is i.e. from September 1st to May 31st: during the break period, they come from the region &#8220;Val de Loire and Brittany&#8221;, France and Europe.<br \/>\nCider &#8220;Le Br\u00e9c\u00e9en&#8221; produced in Br\u00e9cey (50).<br \/>\nDry bean from seasonal agriculture produced by Mr DELATOUCHE in Eure et Loire.<\/p>\n<p>Allergens<br \/>\nSulphur dioxide and sulphites.<\/p>\n<p>GMO<br \/>\nNone<\/p>\n<p>Net weight<br \/>\n0,75 kg<\/p>\n<p>Shelf life<br \/>\n3 years<\/p>\n<p>Conservation<br \/>\nAmbient temperature 15 to 25 \u00b0 C<\/p>\n<p>Nutritional values<\/p>\n<table width=\"297\">\n<tbody>\n<tr>\n<td width=\"194\">Energy values per 100g (kJ)<\/td>\n<td width=\"103\">561<\/td>\n<\/tr>\n<tr>\n<td>Energy values per 100g (kcal)<\/td>\n<td>134<\/td>\n<\/tr>\n<tr>\n<td>Fat<\/td>\n<td>6,3g<\/td>\n<\/tr>\n<tr>\n<td>Of which saturated fat<\/td>\n<td>3g<\/td>\n<\/tr>\n<tr>\n<td>Carbohydrates<\/td>\n<td>7,2g<\/td>\n<\/tr>\n<tr>\n<td>Of which sugars<\/td>\n<td>2g<\/td>\n<\/tr>\n<tr>\n<td>Proteins<\/td>\n<td>12,1g<\/td>\n<\/tr>\n<tr>\n<td>salt<\/td>\n<td>1,1g<\/td>\n<\/tr>\n<\/tbody>\n<\/table>\n","protected":false},"excerpt":{"rendered":"<h5>LA CHAISERONNE<\/h5>\n<p>Since its inception, La Chaiseronne has been committed to a sustainable development approach based on 4 aims:<br \/>\n1. Promote quality and proximity<br \/>\n2. Respect animal welfare and human health<br \/>\n3. Develop employment and skills<br \/>\n4. Reduce our impact on the environment<\/p>\n","protected":false},"featured_media":21359,"comment_status":"open","ping_status":"closed","template":"","meta":[],"product_brand":[],"product_cat":[321],"product_tag":[],"class_list":{"0":"post-4958","1":"product","2":"type-product","3":"status-publish","4":"has-post-thumbnail","6":"product_cat-ready-meals","8":"first","9":"instock","10":"sale","11":"taxable","12":"shipping-taxable","13":"purchasable","14":"product-type-simple"},"jetpack_sharing_enabled":true,"_links":{"self":[{"href":"https:\/\/france-gastronomie.shop\/en\/wp-json\/wp\/v2\/product\/4958","targetHints":{"allow":["GET"]}}],"collection":[{"href":"https:\/\/france-gastronomie.shop\/en\/wp-json\/wp\/v2\/product"}],"about":[{"href":"https:\/\/france-gastronomie.shop\/en\/wp-json\/wp\/v2\/types\/product"}],"replies":[{"embeddable":true,"href":"https:\/\/france-gastronomie.shop\/en\/wp-json\/wp\/v2\/comments?post=4958"}],"wp:featuredmedia":[{"embeddable":true,"href":"https:\/\/france-gastronomie.shop\/en\/wp-json\/wp\/v2\/media\/21359"}],"wp:attachment":[{"href":"https:\/\/france-gastronomie.shop\/en\/wp-json\/wp\/v2\/media?parent=4958"}],"wp:term":[{"taxonomy":"product_brand","embeddable":true,"href":"https:\/\/france-gastronomie.shop\/en\/wp-json\/wp\/v2\/product_brand?post=4958"},{"taxonomy":"product_cat","embeddable":true,"href":"https:\/\/france-gastronomie.shop\/en\/wp-json\/wp\/v2\/product_cat?post=4958"},{"taxonomy":"product_tag","embeddable":true,"href":"https:\/\/france-gastronomie.shop\/en\/wp-json\/wp\/v2\/product_tag?post=4958"}],"curies":[{"name":"wp","href":"https:\/\/api.w.org\/{rel}","templated":true}]}}