{"id":4921,"date":"2020-12-09T09:18:20","date_gmt":"2020-12-09T09:18:20","guid":{"rendered":"https:\/\/france-gastronomie.shop\/produit\/tripes-with-normandy-cider\/"},"modified":"2023-12-20T00:24:26","modified_gmt":"2023-12-20T00:24:26","slug":"tripes-with-normandy-cider","status":"publish","type":"product","link":"https:\/\/france-gastronomie.shop\/en\/produit\/tripes-with-normandy-cider\/","title":{"rendered":"Tripes with cider <br\/> Normandy"},"content":{"rendered":"<h5>Tripes with Normandy cider<\/h5>\n<h5>LA CHAISERONNE<\/h5>\n<p>No coloring, no preservatives, no gluten<\/p>\n<p>Composition<br \/>\nStomachs and feet of beef (France) 76%, water, carrots, onions, Br\u00e9c\u00e9en cider 6% (sulphites), salt, pepper.<\/p>\n<p>Raw materials<br \/>\nBeef: Beef, heifer, young cow of the Normandy breed or meat breed reared in Normandy, or communes bordering our department (50), cut down and cut up in the South Channel (50). Animals selected by us for their meat quality (age, conformity, fattening state) with our local breeders who are members of the association &#8220;Normandy at the table of chefs&#8221;. These animals are slaughtered in a slaughterhouse close to the place where they are raised in order to preserve the comfort of the animals.<br \/>\nthe animal and to avoid the stress of transport and slaughter (less than 40 km from the place of slaughter). Ou beef is approved &#8220;Gourmandie&#8221;.<br \/>\nFresh vegetables exclusively from Normandy (Manche and Calvados) during the production season it is i.e. from September 1st to May 31st: during the break period, they come from the region &#8220;Val de Loire and Brittany&#8221;, France and Europe.<br \/>\nCider &#8220;Le Br\u00e9c\u00e9en&#8221; produced in Br\u00e9cey (50).<\/p>\n<p>Allergens<br \/>\nSulphur dioxide and sulphites.<\/p>\n<p>GMO<br \/>\nNone<\/p>\n<p>Net weight<br \/>\n0,75 kg<\/p>\n<p>Shelf life<br \/>\n3 years<\/p>\n<p>Conservation<br \/>\nAmbient temperature 15 to 25 \u00b0 C<\/p>\n<p>Nutritional values<\/p>\n<table width=\"297\">\n<tbody>\n<tr>\n<td width=\"194\">Energy values per 100g (kJ)<\/td>\n<td width=\"103\">410<\/td>\n<\/tr>\n<tr>\n<td>Energy values per 100g (kcal)<\/td>\n<td>99<\/td>\n<\/tr>\n<tr>\n<td>Fat<\/td>\n<td>3,3g<\/td>\n<\/tr>\n<tr>\n<td>Of which saturated fat<\/td>\n<td>1g<\/td>\n<\/tr>\n<tr>\n<td>Carbohydrates<\/td>\n<td>0,3g<\/td>\n<\/tr>\n<tr>\n<td>Of which sugars<\/td>\n<td>0,1g<\/td>\n<\/tr>\n<tr>\n<td>Proteins<\/td>\n<td>17g<\/td>\n<\/tr>\n<tr>\n<td>salt<\/td>\n<td>1,6g<\/td>\n<\/tr>\n<\/tbody>\n<\/table>\n","protected":false},"excerpt":{"rendered":"<h5>LA CHAISERONNE<\/h5>\n<p>Since its inception, La Chaiseronne has been committed to a sustainable development approach based on 4 aims:<br \/>\n1. Promote quality and proximity<br \/>\n2. Respect animal welfare and human health<br \/>\n3. Develop employment and skills<br \/>\n4. Reduce our impact on the environment<\/p>\n","protected":false},"featured_media":26009,"comment_status":"open","ping_status":"closed","template":"","meta":[],"product_brand":[],"product_cat":[321],"product_tag":[],"class_list":{"0":"post-4921","1":"product","2":"type-product","3":"status-publish","4":"has-post-thumbnail","6":"product_cat-ready-meals","8":"first","9":"outofstock","10":"taxable","11":"shipping-taxable","12":"purchasable","13":"product-type-simple"},"jetpack_sharing_enabled":true,"_links":{"self":[{"href":"https:\/\/france-gastronomie.shop\/en\/wp-json\/wp\/v2\/product\/4921","targetHints":{"allow":["GET"]}}],"collection":[{"href":"https:\/\/france-gastronomie.shop\/en\/wp-json\/wp\/v2\/product"}],"about":[{"href":"https:\/\/france-gastronomie.shop\/en\/wp-json\/wp\/v2\/types\/product"}],"replies":[{"embeddable":true,"href":"https:\/\/france-gastronomie.shop\/en\/wp-json\/wp\/v2\/comments?post=4921"}],"wp:featuredmedia":[{"embeddable":true,"href":"https:\/\/france-gastronomie.shop\/en\/wp-json\/wp\/v2\/media\/26009"}],"wp:attachment":[{"href":"https:\/\/france-gastronomie.shop\/en\/wp-json\/wp\/v2\/media?parent=4921"}],"wp:term":[{"taxonomy":"product_brand","embeddable":true,"href":"https:\/\/france-gastronomie.shop\/en\/wp-json\/wp\/v2\/product_brand?post=4921"},{"taxonomy":"product_cat","embeddable":true,"href":"https:\/\/france-gastronomie.shop\/en\/wp-json\/wp\/v2\/product_cat?post=4921"},{"taxonomy":"product_tag","embeddable":true,"href":"https:\/\/france-gastronomie.shop\/en\/wp-json\/wp\/v2\/product_tag?post=4921"}],"curies":[{"name":"wp","href":"https:\/\/api.w.org\/{rel}","templated":true}]}}