{"id":3752,"date":"2020-11-12T07:25:33","date_gmt":"2020-11-12T07:25:33","guid":{"rendered":"https:\/\/france-gastronomie.shop\/produit\/pommard-1er-cruclos-des-epenots\/"},"modified":"2024-05-22T09:24:11","modified_gmt":"2024-05-22T09:24:11","slug":"pommard-1er-cruclos-des-epenots","status":"publish","type":"product","link":"https:\/\/france-gastronomie.shop\/en\/produit\/pommard-1er-cruclos-des-epenots\/","title":{"rendered":"Pommard 1er Cru <br\/> Clos des Epenots"},"content":{"rendered":"<h5>AOC Pommard 1er Cru &#8211; Clos des Epenots<\/h5>\n<h5>Harvest of the Domain Ch\u00e2teau de Meursault<\/h5>\n<p>CLIMAT<br \/>\nThanks to its deep ferruginous soil, this outstanding terroir provides high quality grapes combining a beautiful bouquet and a mouth with character worthy of the greatest wines.<br \/>\nName of the climat: Clos des Epenots (Les Petits Epenots)<br \/>\nOperated vineyard surface: 3.6 hectares<br \/>\nGrape variety: 100% Pinot Noir<br \/>\nSoil: red ferruginous and gravel soil located on old alluvial deposits<br \/>\nExposure: East \/ South-East<br \/>\nLocation: bottom of the hillside<\/p>\n<p>VINIFICATION AND AGEING<br \/>\nHarvest: manual harvest followed by a manual sorting and an optical sorting of the grapes<br \/>\nVinification: after destalking the grapes, the juice, skin and pulp are put into the vat for the cold maceration.<br \/>\nIt lasts from 15 to 18 days. The alcoholic fermentation will follow, lasting from 5 to 6 days. These steps may be punctuated by pushdowns.<br \/>\nAgeing: in new oak barrels (30%) as well as in oak barrels of one or two years, preceded by the pneumatic pressing with juice separation.<br \/>\nTime of ageing: 15 to 18 months<\/p>\n<p>Bottled at Ch\u00e2teau de Meursault<\/p>\n<p>TASTING<br \/>\nThe nose offers a great aromatic bouquet with black berries and spicy notes.<br \/>\nThe palate is dense, complex and well-structured, offering black berries aromas and silky tanins.<br \/>\nService Temperature between 15\u00b0 and 17\u00b0C<br \/>\nCellaring potential from now to 15 years<\/p>\n<p>Food &amp; wine pairings: red meat, cheese<\/p>\n","protected":false},"excerpt":{"rendered":"<h5>AOC Pommard 1er Cru &#8211; Clos des Epenots<\/h5>\n<h5>Harvest of the Domain Ch\u00e2teau de Meursault<\/h5>\n<p>The Ch\u00e2teau de Meursault is located in the heart of Burgundy, in the C\u00f4te de Beaune, in the prestigious Meursault appellation, a world reference for great white wines. To enter the Ch\u00e2teau de Meursault is to enter a mythical wine estate in Burgundy, a place steeped in history where you can taste &#8220;the cru&#8221; of the C\u00f4te de Beaune in a place of unique architecture.<\/p>\n<p>Grape variety: 100% Pinot Noir<\/p>\n","protected":false},"featured_media":12319,"comment_status":"open","ping_status":"closed","template":"","meta":[],"product_brand":[],"product_cat":[322,328,333,359,370,324,327],"product_tag":[],"class_list":{"0":"post-3752","1":"product","2":"type-product","3":"status-publish","4":"has-post-thumbnail","6":"product_cat-wines","7":"product_cat-great-wines","8":"product_cat-regions-en","9":"product_cat-bourgogne-en","10":"product_cat-pommard-en","11":"product_cat-color","12":"product_cat-red-wine","14":"first","15":"outofstock","16":"taxable","17":"shipping-taxable","18":"purchasable","19":"product-type-simple"},"jetpack_sharing_enabled":true,"_links":{"self":[{"href":"https:\/\/france-gastronomie.shop\/en\/wp-json\/wp\/v2\/product\/3752","targetHints":{"allow":["GET"]}}],"collection":[{"href":"https:\/\/france-gastronomie.shop\/en\/wp-json\/wp\/v2\/product"}],"about":[{"href":"https:\/\/france-gastronomie.shop\/en\/wp-json\/wp\/v2\/types\/product"}],"replies":[{"embeddable":true,"href":"https:\/\/france-gastronomie.shop\/en\/wp-json\/wp\/v2\/comments?post=3752"}],"wp:featuredmedia":[{"embeddable":true,"href":"https:\/\/france-gastronomie.shop\/en\/wp-json\/wp\/v2\/media\/12319"}],"wp:attachment":[{"href":"https:\/\/france-gastronomie.shop\/en\/wp-json\/wp\/v2\/media?parent=3752"}],"wp:term":[{"taxonomy":"product_brand","embeddable":true,"href":"https:\/\/france-gastronomie.shop\/en\/wp-json\/wp\/v2\/product_brand?post=3752"},{"taxonomy":"product_cat","embeddable":true,"href":"https:\/\/france-gastronomie.shop\/en\/wp-json\/wp\/v2\/product_cat?post=3752"},{"taxonomy":"product_tag","embeddable":true,"href":"https:\/\/france-gastronomie.shop\/en\/wp-json\/wp\/v2\/product_tag?post=3752"}],"curies":[{"name":"wp","href":"https:\/\/api.w.org\/{rel}","templated":true}]}}