{"id":3717,"date":"2020-11-11T19:01:30","date_gmt":"2020-11-11T19:01:30","guid":{"rendered":"https:\/\/france-gastronomie.shop\/produit\/bourgogneclos-du-chateau\/"},"modified":"2024-05-13T10:20:14","modified_gmt":"2024-05-13T10:20:14","slug":"bourgogneclos-du-chateau","status":"publish","type":"product","link":"https:\/\/france-gastronomie.shop\/en\/produit\/bourgogneclos-du-chateau\/","title":{"rendered":"Bourgogne <br\/> Clos du Ch\u00e2teau"},"content":{"rendered":"<h5>AOC Bourgogne &#8211; Clos du Ch\u00e2teau<\/h5>\n<h5>Harvest of the domain Ch\u00e2teau de Meursault<\/h5>\n<p>CLIMAT<br \/>\nThe Clos receives particular attention due to its location in the park of the Ch\u00e2teau.<br \/>\nReal ambassador of our wines, it is vinified and aged like one of our best Meursault Premiers Crus.<br \/>\nLevel of appellation: Bourgogne<br \/>\nOperated vineyard surface: 7.5 hectares cultivated organically since 2017<br \/>\nGrape variety: 100% Chardonnay<br \/>\nSoil: clay-limestone and gravel<br \/>\nExposure: East<br \/>\nLocation: in the park of Chateau de Meursault<\/p>\n<p>VINIFICATION AND AGEING<br \/>\nThe harvest is followed by a gentle and progressive pressing, which allows to select only the richest juices.<br \/>\nVinification: after a static clarification, the grape must is put into oak barrels to start their alcoholic fermentation<br \/>\nAgeing: on fine lees in new oak barrels (35%), in oak barrels of one or two years and in stainless steel vats.<br \/>\nTime of ageing: 15 to 19 months<\/p>\n<p>Bottled at Ch\u00e2teau de Meursault<\/p>\n<p>TASTING<br \/>\nThe nose expresses white flowers, stone fruits and buttered bread notes. The mouth is mineral and elegant.<br \/>\nA delicate oaky accent brings extra length in the mouth while keeping a good balance.<br \/>\nService Temperature between 12\u00b0 and 14\u00b0C<br \/>\nCellaring potential from now to 7 years<\/p>\n<p>Food and wine pairings: fish, sea food, chicken<\/p>\n","protected":false},"excerpt":{"rendered":"<h5>AOC Bourgogne &#8211; Clos du Ch\u00e2teau<\/h5>\n<h5>Harvest of the domain Ch\u00e2teau de Meursault<\/h5>\n<p>The Ch\u00e2teau de Meursault is located in the heart of Burgundy, in the C\u00f4te de Beaune, in the prestigious Meursault appellation, a world reference for great white wines. To enter the Ch\u00e2teau de Meursault is to enter a mythical wine estate in Burgundy, a place steeped in history where you can taste &#8220;the cru&#8221; of the C\u00f4te de Beaune in a place of unique architecture.<\/p>\n<p>Grape variety: 100% Chardonnay<\/p>\n","protected":false},"featured_media":12292,"comment_status":"open","ping_status":"closed","template":"","meta":[],"product_brand":[],"product_cat":[322,328,333,359,362,324,325],"product_tag":[],"class_list":{"0":"post-3717","1":"product","2":"type-product","3":"status-publish","4":"has-post-thumbnail","6":"product_cat-wines","7":"product_cat-great-wines","8":"product_cat-regions-en","9":"product_cat-bourgogne-en","10":"product_cat-bourgogne-en-2","11":"product_cat-color","12":"product_cat-white-wine","14":"first","15":"instock","16":"taxable","17":"shipping-taxable","18":"purchasable","19":"product-type-simple"},"jetpack_sharing_enabled":true,"_links":{"self":[{"href":"https:\/\/france-gastronomie.shop\/en\/wp-json\/wp\/v2\/product\/3717","targetHints":{"allow":["GET"]}}],"collection":[{"href":"https:\/\/france-gastronomie.shop\/en\/wp-json\/wp\/v2\/product"}],"about":[{"href":"https:\/\/france-gastronomie.shop\/en\/wp-json\/wp\/v2\/types\/product"}],"replies":[{"embeddable":true,"href":"https:\/\/france-gastronomie.shop\/en\/wp-json\/wp\/v2\/comments?post=3717"}],"wp:featuredmedia":[{"embeddable":true,"href":"https:\/\/france-gastronomie.shop\/en\/wp-json\/wp\/v2\/media\/12292"}],"wp:attachment":[{"href":"https:\/\/france-gastronomie.shop\/en\/wp-json\/wp\/v2\/media?parent=3717"}],"wp:term":[{"taxonomy":"product_brand","embeddable":true,"href":"https:\/\/france-gastronomie.shop\/en\/wp-json\/wp\/v2\/product_brand?post=3717"},{"taxonomy":"product_cat","embeddable":true,"href":"https:\/\/france-gastronomie.shop\/en\/wp-json\/wp\/v2\/product_cat?post=3717"},{"taxonomy":"product_tag","embeddable":true,"href":"https:\/\/france-gastronomie.shop\/en\/wp-json\/wp\/v2\/product_tag?post=3717"}],"curies":[{"name":"wp","href":"https:\/\/api.w.org\/{rel}","templated":true}]}}