{"id":3710,"date":"2020-11-11T10:43:24","date_gmt":"2020-11-11T10:43:24","guid":{"rendered":"https:\/\/france-gastronomie.shop\/produit\/beaune-rouge\/"},"modified":"2024-05-20T10:20:11","modified_gmt":"2024-05-20T10:20:11","slug":"beaune-rouge","status":"publish","type":"product","link":"https:\/\/france-gastronomie.shop\/en\/produit\/beaune-rouge\/","title":{"rendered":"Beaune Rouge <br\/> Ch. de Meursault"},"content":{"rendered":"<h5>AOC Beaune Rouge<\/h5>\n<h5>Harvest of the domain Ch\u00e2teau de Meursault<\/h5>\n<p>CLIMAT<br \/>\nNames of the climats: Les Beaux Fougets, Les Pr\u00e9voles, Blanche Fleur<br \/>\nOperated vineyard surface: 1.1 hectares<br \/>\nGrape variety: 100% Pinot Noir<br \/>\nSoil: clay-limestone, gravel and dry (Blanche Fleur) and deep clay-limestone (Pr\u00e9voles et Beaux Fougets).<br \/>\nExposure: South<br \/>\nLocation: bottom of the hillside<\/p>\n<p>VINIFICATION AND AGEING<br \/>\nHarvest: manual harvest followed by a manual sorting and an optical sorting of the grapes<br \/>\nVinification: after destalking the grapes, the juice, skin and pulp are put into the vat for the cold maceration.<br \/>\nIt lasts from 15 to 18 days. The alcoholic fermentation will follow, lasting from 5 to 6 days.<br \/>\nThese steps may be punctuated by pushdowns.<br \/>\nAgeing: in new oak barrels (33%) as well as in oak barrels of one or two years, preceded by the pneumatic pressing with juice separation<br \/>\nTime of ageing: 15 months<\/p>\n<p>Bottled at Ch\u00e2teau de Meursault<\/p>\n<p>TASTING<br \/>\nThe nose is marked by toasted and spicy notes. The mouth reveals a fruity wine with supple tanins.<br \/>\nService Temperature between 15\u00b0 and 17\u00b0C<br \/>\nCellaring potential from now to 7 years<\/p>\n<p>Food &amp; wine pairings: chicken, red meat<\/p>\n","protected":false},"excerpt":{"rendered":"<h5>AOC Beaune Rouge<\/h5>\n<h5>Harvest of the domain Ch\u00e2teau de Meursault<\/h5>\n<p>The Ch\u00e2teau de Meursault is located in the heart of Burgundy, in the C\u00f4te de Beaune, in the prestigious Meursault appellation, a world reference for great white wines. To enter the Ch\u00e2teau de Meursault is to enter a mythical wine estate in Burgundy, a place steeped in history where you can taste &#8220;the cru&#8221; of the C\u00f4te de Beaune in a place of unique architecture.<\/p>\n<p>Grape variety: 100% Pinot Noir<\/p>\n","protected":false},"featured_media":12289,"comment_status":"open","ping_status":"closed","template":"","meta":[],"product_brand":[],"product_cat":[322,328,333,359,361,324,327],"product_tag":[],"class_list":{"0":"post-3710","1":"product","2":"type-product","3":"status-publish","4":"has-post-thumbnail","6":"product_cat-wines","7":"product_cat-great-wines","8":"product_cat-regions-en","9":"product_cat-bourgogne-en","10":"product_cat-beaune-en","11":"product_cat-color","12":"product_cat-red-wine","14":"first","15":"instock","16":"taxable","17":"shipping-taxable","18":"purchasable","19":"product-type-simple"},"jetpack_sharing_enabled":true,"_links":{"self":[{"href":"https:\/\/france-gastronomie.shop\/en\/wp-json\/wp\/v2\/product\/3710","targetHints":{"allow":["GET"]}}],"collection":[{"href":"https:\/\/france-gastronomie.shop\/en\/wp-json\/wp\/v2\/product"}],"about":[{"href":"https:\/\/france-gastronomie.shop\/en\/wp-json\/wp\/v2\/types\/product"}],"replies":[{"embeddable":true,"href":"https:\/\/france-gastronomie.shop\/en\/wp-json\/wp\/v2\/comments?post=3710"}],"wp:featuredmedia":[{"embeddable":true,"href":"https:\/\/france-gastronomie.shop\/en\/wp-json\/wp\/v2\/media\/12289"}],"wp:attachment":[{"href":"https:\/\/france-gastronomie.shop\/en\/wp-json\/wp\/v2\/media?parent=3710"}],"wp:term":[{"taxonomy":"product_brand","embeddable":true,"href":"https:\/\/france-gastronomie.shop\/en\/wp-json\/wp\/v2\/product_brand?post=3710"},{"taxonomy":"product_cat","embeddable":true,"href":"https:\/\/france-gastronomie.shop\/en\/wp-json\/wp\/v2\/product_cat?post=3710"},{"taxonomy":"product_tag","embeddable":true,"href":"https:\/\/france-gastronomie.shop\/en\/wp-json\/wp\/v2\/product_tag?post=3710"}],"curies":[{"name":"wp","href":"https:\/\/api.w.org\/{rel}","templated":true}]}}