{"id":3703,"date":"2020-11-06T10:47:31","date_gmt":"2020-11-06T10:47:31","guid":{"rendered":"https:\/\/france-gastronomie.shop\/produit\/beunes-blanches-fleurs-1er-cru\/"},"modified":"2024-05-13T10:19:50","modified_gmt":"2024-05-13T10:19:50","slug":"beunes-blanches-fleurs-1er-cru","status":"publish","type":"product","link":"https:\/\/france-gastronomie.shop\/en\/produit\/beunes-blanches-fleurs-1er-cru\/","title":{"rendered":"Beaune 1er Cru <br\/> Blanches-Fleurs"},"content":{"rendered":"<h5>Beaune 1er Cru<br \/>\nBlanches-Fleurs<\/h5>\n<h5>Harvest of the domain Ch\u00e2teau de Meursault<\/h5>\n<p>CLIMAT<br \/>\nName of the climat: Blanches Fleurs<br \/>\nOperated vineyard surface: 83.67 ares<br \/>\nGrape variety: 100% Chardonnay<br \/>\nSoil: clay-limestone<br \/>\nExposure: East \/ South-East<br \/>\nLocation: bottom of the hillside<\/p>\n<p>VINIFICATION AND AGEING<br \/>\nHarvest: manual harvest followed by a manual sorting of the grapes<br \/>\nVinification: after a static clarification, the grape must is put into oak barrels to start the alcoholic fermentation<br \/>\nAgeing: on fine lees in new oak barrels (35%) and in oak barrels of one or two years<br \/>\nTime of ageing: 13 months<\/p>\n<p>Bottled at Ch\u00e2teau de Meursault<\/p>\n<p>TASTING<br \/>\nThis Meursault has a yellow gold colour. It has an intense nose on yellow fruits: apricot and peach.<br \/>\nRound, powerful and opulent on the palate, this wine is gourmet but it retain the freshness of the vintage.<br \/>\nService Temperature between 12\u00b0 and 14\u00b0C<br \/>\nCellaring potential from now to 5 years<\/p>\n<p>Food and wine pairings: fish, chicken, sea food<\/p>\n","protected":false},"excerpt":{"rendered":"<h5>Harvest of the domain Ch\u00e2teau de Meursault<\/h5>\n<p>The Ch\u00e2teau de Meursault is located in the heart of Burgundy, in the C\u00f4te de Beaune, in the prestigious Meursault appellation, a world reference for great white wines. To enter the Ch\u00e2teau de Meursault is to enter a mythical wine estate in Burgundy, a place steeped in history where you can taste &#8220;the cru&#8221; of the C\u00f4te de Beaune in a place of unique architecture.<\/p>\n<p>Grape variety: 100% Chardonnay<\/p>\n","protected":false},"featured_media":12304,"comment_status":"open","ping_status":"closed","template":"","meta":[],"product_brand":[],"product_cat":[322,328,333,359,361,324,325],"product_tag":[],"class_list":{"0":"post-3703","1":"product","2":"type-product","3":"status-publish","4":"has-post-thumbnail","6":"product_cat-wines","7":"product_cat-great-wines","8":"product_cat-regions-en","9":"product_cat-bourgogne-en","10":"product_cat-beaune-en","11":"product_cat-color","12":"product_cat-white-wine","14":"first","15":"instock","16":"taxable","17":"shipping-taxable","18":"purchasable","19":"product-type-simple"},"jetpack_sharing_enabled":true,"_links":{"self":[{"href":"https:\/\/france-gastronomie.shop\/en\/wp-json\/wp\/v2\/product\/3703","targetHints":{"allow":["GET"]}}],"collection":[{"href":"https:\/\/france-gastronomie.shop\/en\/wp-json\/wp\/v2\/product"}],"about":[{"href":"https:\/\/france-gastronomie.shop\/en\/wp-json\/wp\/v2\/types\/product"}],"replies":[{"embeddable":true,"href":"https:\/\/france-gastronomie.shop\/en\/wp-json\/wp\/v2\/comments?post=3703"}],"wp:featuredmedia":[{"embeddable":true,"href":"https:\/\/france-gastronomie.shop\/en\/wp-json\/wp\/v2\/media\/12304"}],"wp:attachment":[{"href":"https:\/\/france-gastronomie.shop\/en\/wp-json\/wp\/v2\/media?parent=3703"}],"wp:term":[{"taxonomy":"product_brand","embeddable":true,"href":"https:\/\/france-gastronomie.shop\/en\/wp-json\/wp\/v2\/product_brand?post=3703"},{"taxonomy":"product_cat","embeddable":true,"href":"https:\/\/france-gastronomie.shop\/en\/wp-json\/wp\/v2\/product_cat?post=3703"},{"taxonomy":"product_tag","embeddable":true,"href":"https:\/\/france-gastronomie.shop\/en\/wp-json\/wp\/v2\/product_tag?post=3703"}],"curies":[{"name":"wp","href":"https:\/\/api.w.org\/{rel}","templated":true}]}}