{"id":2868,"date":"2020-09-10T07:41:34","date_gmt":"2020-09-10T07:41:34","guid":{"rendered":"https:\/\/france-gastronomie.shop\/produit\/chateau-de-laumerade-cru-classe\/"},"modified":"2024-05-10T09:02:18","modified_gmt":"2024-05-10T09:02:18","slug":"chateau-de-laumerade-cru-classe","status":"publish","type":"product","link":"https:\/\/france-gastronomie.shop\/en\/produit\/chateau-de-laumerade-cru-classe\/","title":{"rendered":"Seigneur de Piegros <br\/> Ros\u00e9 Cru class\u00e9 <br\/> Ch\u00e2teau de l&#8217;Aum\u00e9rade"},"content":{"rendered":"<h5>Ch\u00e2teau de l&#8217;Aum\u00e9rade Cru Class\u00e9<br \/>\nSeigneur de Piegros<\/h5>\n<h5>AOP C\u00f4tes de Provence\u00a0Cru Class\u00e9<\/h5>\n<p>Grape varieties<br \/>\nGrenache,\u00a0 Cinsault<\/p>\n<p>Degree: 13.5 % Vol.<\/p>\n<p>Terroir<br \/>\nThe estate jewel: 740 acres including 200 acres of Cru Class\u00e9 land in C\u00f4tes-de-Provence\u2019s \u2018Golden Triangle\u2019, on a vast plain with a spicy and mineral clay-imestone terroir.<br \/>\nParcel selection<\/p>\n<p>Vinification<br \/>\nTo enable a maximum conservation of the aromas and the quality of each grape variety the harvesting takes place in the evening and is followed by a low temperature maceration allowing a maximum extraction of the fragrances and aromas. After, a very gentle pneumatic pressing and low temperature fermentation is undertaken to guarantee the exceptional quality of this upscale wine. This &#8220;cuv\u00e9e&#8221; is bottled once a year.<\/p>\n<p>History<br \/>\nThis wine was created as a tribute to Seigneur de Piegros, who was known during the 17th century as an honourable wine gentleman. In his will and testament he stipulated that the domain, ancient fiefdom of Piegros, should always be managed according to the Provencal and family tradition<\/p>\n<p>Tasting<br \/>\n<span class=\"Y2IQFc\" lang=\"en\">Bright pink color with purple notes.<br \/>\n<\/span><span class=\"Y2IQFc\" lang=\"en\">Flattering and expressive nose with notes of apricot and white melon. It expresses great finesse and a lot of elegance. <\/span><span class=\"Y2IQFc\" lang=\"en\">The palate is fresh and silky with a very nice aromatic intensity. Nice length.<br \/>\n<\/span>Tasting at 12\/13\u00b0C.<\/p>\n<p>Accords<br \/>\nElegant ros\u00e9 for gastronomy. To be enjoy from aperitif to dessert with truffles, caviar, veal, poultry, fish, Reblochon or Mont d\u2019Or and with cream based desserts such as chocolate or cr\u00e8me br\u00fbl\u00e9e. Elegant ros\u00e9 for gastronomy. To be enjoy from aperitif to dessert. Excellent with truffles and caviar.<\/p>\n<p>Awards<br \/>\n2019: Silver medal at National Vinalies Competition<br \/>\n2018: Gold medal at Concours des Vins de Provence.<br \/>\nGold medal at National Vinalies Competition<br \/>\n2017: Guide Hachette des Vins 2018 &#8211; Appr\u00e9ciation: cit\u00e9<br \/>\n2016: Prix des Vinalies 2016<\/p>\n","protected":false},"excerpt":{"rendered":"<h5>AOP C\u00f4tes de Provence Cru Class\u00e9<\/h5>\n<h5>Les vins Domaine &amp; Ch\u00e2teaux Fabre<\/h5>\n<p>Fabre in Provence, since 1920, ambassador of the six Domaines &amp; Ch\u00e2teaux of our family.<br \/>\n550 hectares of vines in AOP C\u00f4tes de Provence, including 112 hectares in &#8220;Cru Class\u00e9&#8221; since 1955.<\/p>\n<p>Grape varieties<br \/>\nGrenache,\u00a0 Cinsault<\/p>\n","protected":false},"featured_media":10360,"comment_status":"closed","ping_status":"closed","template":"","meta":[],"product_brand":[],"product_cat":[682,322,328,333,339,324,326],"product_tag":[],"class_list":{"0":"post-2868","1":"product","2":"type-product","3":"status-publish","4":"has-post-thumbnail","6":"product_cat-cotesdeprovence-en","7":"product_cat-wines","8":"product_cat-great-wines","9":"product_cat-regions-en","10":"product_cat-other-regions","11":"product_cat-color","12":"product_cat-rose-wine","14":"first","15":"instock","16":"taxable","17":"shipping-taxable","18":"purchasable","19":"product-type-simple"},"jetpack_sharing_enabled":true,"_links":{"self":[{"href":"https:\/\/france-gastronomie.shop\/en\/wp-json\/wp\/v2\/product\/2868","targetHints":{"allow":["GET"]}}],"collection":[{"href":"https:\/\/france-gastronomie.shop\/en\/wp-json\/wp\/v2\/product"}],"about":[{"href":"https:\/\/france-gastronomie.shop\/en\/wp-json\/wp\/v2\/types\/product"}],"replies":[{"embeddable":true,"href":"https:\/\/france-gastronomie.shop\/en\/wp-json\/wp\/v2\/comments?post=2868"}],"wp:featuredmedia":[{"embeddable":true,"href":"https:\/\/france-gastronomie.shop\/en\/wp-json\/wp\/v2\/media\/10360"}],"wp:attachment":[{"href":"https:\/\/france-gastronomie.shop\/en\/wp-json\/wp\/v2\/media?parent=2868"}],"wp:term":[{"taxonomy":"product_brand","embeddable":true,"href":"https:\/\/france-gastronomie.shop\/en\/wp-json\/wp\/v2\/product_brand?post=2868"},{"taxonomy":"product_cat","embeddable":true,"href":"https:\/\/france-gastronomie.shop\/en\/wp-json\/wp\/v2\/product_cat?post=2868"},{"taxonomy":"product_tag","embeddable":true,"href":"https:\/\/france-gastronomie.shop\/en\/wp-json\/wp\/v2\/product_tag?post=2868"}],"curies":[{"name":"wp","href":"https:\/\/api.w.org\/{rel}","templated":true}]}}