{"id":2607,"date":"2020-09-03T11:08:08","date_gmt":"2020-09-03T11:08:08","guid":{"rendered":"https:\/\/france-gastronomie.shop\/produit\/medoc-caisse-en-bois\/"},"modified":"2024-05-22T08:53:57","modified_gmt":"2024-05-22T08:53:57","slug":"medoc-caisse-en-bois","status":"publish","type":"product","link":"https:\/\/france-gastronomie.shop\/en\/produit\/medoc-caisse-en-bois\/","title":{"rendered":"M\u00e9doc Cru Bourgeois <br\/> Wooden box 3 bottles"},"content":{"rendered":"<h5>AOC M\u00e9doc Cru Bourgeois &#8211; wooden box 3 bottles<\/h5>\n<h5>Ch\u00e2teau Cl\u00e9ment Saint-Jean<\/h5>\n<p>ORIGIN &#8211; TERROIR<br \/>\nSituated in the commune of B\u00e9gadan, Ch\u00e2teau Cl\u00e9ment Saint-Jean has been run and directly managed by the Uni-M\u00e9doc winery since 1996 under the careful eye of oenologist Laurent Vach\u00e9. The vineyards cover 36 hectares of very diverse soils: half of the vines are planted in clay-limestone soils whereas the other half grow in a sandy gravel terroir.<\/p>\n<p>VINIFICATION<br \/>\nTraditional vinification. 9 to 12 months in oak barrels.<\/p>\n<p>GRAPES VARIETIES<br \/>\nMerlot 58%, Cabernet Sauvignon 42%<\/p>\n<p>TASTING NOTES<br \/>\nBeautiful deep purple colour.<br \/>\nPleasant nose offering empyreumatic and spicy, followed by aromas of candied fruits and mellow black berries.<br \/>\nThe palate is very supple and fleshy.<\/p>\n<p>FOOD AND WINE PAIRING<br \/>\nThis wine makes the ideal partner for a duck breast with red cabbage, roasted game or hard cheeses.<\/p>\n<p>SERVICE<br \/>\n18\u00b0C<\/p>\n<p>AWARDS<br \/>\n2013: Silver Medal \u2013 Concours de Bordeaux 2015<br \/>\nBronze Medal \u2013 Concours de Paris 2015<br \/>\n2012: Gold Medal \u2013 Gilbert &amp; Gaillard<br \/>\n1* &#8211; Hachette Guide 2015<\/p>\n<h5>Ch\u00e2teau Moulin de l&#8217;Abbaye<\/h5>\n<p>ORIGIN &#8211; TERROIR<br \/>\nCh\u00e2teau Moulin de l\u2019Abbaye is a small 8 hectare wine domaine situated on 100% clay-limestone soils.<br \/>\nIn 2013 the domaine was bought out by cooperative winery Uni-M\u00e9doc who now cultivate the vineyards<br \/>\nand have given this wine its Cru bourgeois status.<\/p>\n<p>VINIFICATION<br \/>\nTraditional vinification in temperature controlled stainless steel vats.<\/p>\n<p>GRAPES VARIETIES<br \/>\nCabernet Sauvignon 60%, Merlot 21%, Malbec 19%<\/p>\n<p>TASTING NOTES<br \/>\nBright purple colour.<br \/>\nNose disclosing a harmonious blend of fresh fruits and subtle toasty notes.<br \/>\nWell-balanced palate with intense notes of red berries, a smooth tannic structure and excellent length.<\/p>\n<p>FOOD AND WINE PAIRING<br \/>\nThe ideal partner for a rib of beef, braised lamb or cheeses such as Brillat Savarin.<\/p>\n<p>SERVICE<br \/>\n17 \u00b0C<\/p>\n<p>AWARDS<br \/>\n2013: Silver Medal M\u00e2con 2016<br \/>\nGold Medal Gilbert &amp; Gaillard 2015<\/p>\n<h5>Ch\u00e2teau Pontet Barrail<\/h5>\n<p>ORIGIN &#8211; TERROIR<br \/>\nCh\u00e2teau Pontet Barrail covers 17 hectares of land composed of clay-limestone and sandy-gravelly soils.<br \/>\nThe vines have an average ge of 38 years and thrive in this terroir which allows them to reach their full potential. The family&#8217;s work in the Chateau&#8217;s vineyards has been rewarded with &#8221;Cru Bourgeois&#8221; status which is a reference point in the M\u00e9doc region.<\/p>\n<p>VINIFICATION<br \/>\nTraditional stainless steel vats at controlled temperature<\/p>\n<p>GRAPES VARIETIES<br \/>\nCabernet Sauvignon 60%, Merlot 30%, Petit Verdot 6%, Cabernet franc 4%<\/p>\n<p>TASTING<br \/>\nGarnet colour. Toasty notes, spice, figs and black fruit on the nose.<br \/>\nA round and distinctive palate complemented by a silky texture, complex tannins and aromas of black fruit.<br \/>\nThe whole is refined and elegant with a long and aromatic finish.<\/p>\n<p>SERVICE SUGGESTIONS<br \/>\nEnjoy served alongside Marengo veal, an entrec\u00f4te steak in red wine sauce, fillet of beef &#8216;rossini&#8217; and a mature cantal cheese to finish.<\/p>\n<p>SERVICE<br \/>\n17\u00b0C<br \/>\nKeep in cellar for 5 to 10 years<\/p>\n<p>AWARDS<br \/>\n2013: Silver Medal Concours de Bordeaux 2015<br \/>\n2012: Silver Medal Concours de Bordeaux 2014<\/p>\n","protected":false},"excerpt":{"rendered":"<h5>AOC M\u00e9doc Cru Bourgeois<\/h5>\n<p>Maison Le Star is the fulfilment of a dream and the expression of a deep passion.<br \/>\nWith the help of our team of wine professionals, oenologists and sommeliers who strive to ensure the quality of the wines we produce and select, my aim is to give future wine lovers and connaisseurs throughout the world the opportunity to discover exceptional French wines at accessible prices.<\/p>\n<p>Ch\u00e2teau Cl\u00e9ment Saint-Jean<br \/>\nMerlot 58%, Cabernet Sauvignon 42%<\/p>\n<p>Ch\u00e2teau Moulin de l&#8217;Abbaye<br \/>\nCabernet Sauvignon 60%, Merlot 21%, Malbec 19%<\/p>\n<p>Ch\u00e2teau Pontet Barrail<br \/>\nCabernet Sauvignon 60%, Merlot 30%, Petit Verdot 6%, Cabernet franc 4%<\/p>\n","protected":false},"featured_media":8105,"comment_status":"closed","ping_status":"closed","template":"","meta":[],"product_brand":[],"product_cat":[322,328,333,340,349,324,327],"product_tag":[],"class_list":{"0":"post-2607","1":"product","2":"type-product","3":"status-publish","4":"has-post-thumbnail","6":"product_cat-wines","7":"product_cat-great-wines","8":"product_cat-regions-en","9":"product_cat-bordeaux-en","10":"product_cat-medoc-en","11":"product_cat-color","12":"product_cat-red-wine","14":"first","15":"outofstock","16":"taxable","17":"shipping-taxable","18":"purchasable","19":"product-type-simple"},"jetpack_sharing_enabled":true,"_links":{"self":[{"href":"https:\/\/france-gastronomie.shop\/en\/wp-json\/wp\/v2\/product\/2607","targetHints":{"allow":["GET"]}}],"collection":[{"href":"https:\/\/france-gastronomie.shop\/en\/wp-json\/wp\/v2\/product"}],"about":[{"href":"https:\/\/france-gastronomie.shop\/en\/wp-json\/wp\/v2\/types\/product"}],"replies":[{"embeddable":true,"href":"https:\/\/france-gastronomie.shop\/en\/wp-json\/wp\/v2\/comments?post=2607"}],"wp:featuredmedia":[{"embeddable":true,"href":"https:\/\/france-gastronomie.shop\/en\/wp-json\/wp\/v2\/media\/8105"}],"wp:attachment":[{"href":"https:\/\/france-gastronomie.shop\/en\/wp-json\/wp\/v2\/media?parent=2607"}],"wp:term":[{"taxonomy":"product_brand","embeddable":true,"href":"https:\/\/france-gastronomie.shop\/en\/wp-json\/wp\/v2\/product_brand?post=2607"},{"taxonomy":"product_cat","embeddable":true,"href":"https:\/\/france-gastronomie.shop\/en\/wp-json\/wp\/v2\/product_cat?post=2607"},{"taxonomy":"product_tag","embeddable":true,"href":"https:\/\/france-gastronomie.shop\/en\/wp-json\/wp\/v2\/product_tag?post=2607"}],"curies":[{"name":"wp","href":"https:\/\/api.w.org\/{rel}","templated":true}]}}