{"id":25443,"date":"2025-12-02T17:35:30","date_gmt":"2025-12-03T09:49:23","guid":{"rendered":"https:\/\/france-gastronomie.shop\/produit\/cuttlefish-a-la-setoise\/"},"modified":"2025-12-03T09:49:23","modified_gmt":"2025-12-03T09:49:23","slug":"cuttlefish-a-la-setoise","status":"publish","type":"product","link":"https:\/\/france-gastronomie.shop\/en\/produit\/cuttlefish-a-la-setoise\/","title":{"rendered":"Cuttlefish <br\/> \u00e0 la S\u00e9toise"},"content":{"rendered":"<p><strong>Cuttlefish \u00e0 la S\u00e9toise Azais-Polito<\/strong><\/p>\n<p><span class=\"x1lliihq x1plvlek xryxfnj x1n2onr6 xyejjpt x15dsfln x193iq5w xeuugli x1fj9vlw x13faqbe x1vvkbs x1s928wv xhkezso x1gmr53x x1cpjm7i x1fgarty x1943h6x x1i0vuye xvs91rp xo1l8bm x5n08af x10wh9bi xpm28yp x8viiok x1o7cslx\" dir=\"auto\"><span class=\"x193iq5w xeuugli x13faqbe x1vvkbs xt0psk2 x1i0vuye xvs91rp xo1l8bm x5n08af x10wh9bi xpm28yp x8viiok x1o7cslx x126k92a\">The AZA\u00cfS-POLITO cuttlefish is in the final of the \u00c9PICURES 2025 competition in Paris!  <\/span><\/span><\/p>\n<p><span class=\"x1lliihq x1plvlek xryxfnj x1n2onr6 xyejjpt x15dsfln x193iq5w xeuugli x1fj9vlw x13faqbe x1vvkbs x1s928wv xhkezso x1gmr53x x1cpjm7i x1fgarty x1943h6x x1i0vuye xvs91rp xo1l8bm x5n08af x10wh9bi xpm28yp x8viiok x1o7cslx\" dir=\"auto\"><span class=\"x193iq5w xeuugli x13faqbe x1vvkbs xt0psk2 x1i0vuye xvs91rp xo1l8bm x5n08af x10wh9bi xpm28yp x8viiok x1o7cslx x126k92a\">It is an emblematic recipe from S\u00e8te, born in the last century, already present in the first cooking dictionaries of the early nineteenth century. So succulent that it still lives on today in S\u00e8te families and the best fish restaurants in the region.<br \/>\nReal pieces of cuttlefish, cooked in a generous tomato sauce, garnished with black olives and potatoes: one of the best &#8220;stews&#8221; of S\u00e8te popular cuisine, without frills or artifice. <\/span><\/span><\/p>\n<p>Cuttlefish 20%, Tomato, Red wine, Onion, Extra virgin olive oil, Potato, Carrot, Black olive, Pastis, Salt, Garlic and Pepper.<\/p>\n<p>Store in a dry, dark and room temperature place.<br \/>\nAfter opening, keep in the refrigerator for 2 to 3 days.<\/p>\n<p>Allergens: Possible traces of crustaceans, molluscs, milk and eggs.<\/p>\n<p>Nutritional values per 100g<br \/>\nEnergy in KCal : 97.00<br \/>\nEnergy in KJ : 407.00<br \/>\nProt\u00e9ines \/ Proteins (g) : 12.68<br \/>\nCarbohydrates \/ Carbohydrates (g) : 2.25<br \/>\ndont sucres \/ of which sugar (g) : 0.58<br \/>\nMati\u00e8res fates \/ Lipids (g) : 3.21<br \/>\nof which A.G. Satures \/ of which saturated sats (g) : 0.53<br \/>\nSalt (g) : 0.52<\/p>\n","protected":false},"excerpt":{"rendered":"<p><strong>Cuttlefish \u00e0 la S\u00e9toise Azais-Polito<\/strong><\/p>\n<p>2 to 3 plates<\/p>\n<p>From father to son, for several decades, we have been working daily to preserve this expertise and our traditions. Our production methods have always followed the traditional artisan methods of canning. Always prepared by hand and according to our expertise, our preserves stand out from the rest thanks to their exceptional taste. The recipes for our soups, salads, ready meals and accompanying sauces are carefully selected from the finest ingredients of impeccable quality and scrupulously follow traditional recipes. It is this mastery of craftsmanship that today characterises our identity, enabling us to offer you moments of pure delight&#8230;<\/p>\n<p>These are authentic products, and it is their luminous simplicity that gives them their charm, just like S\u00e8te cuisine, which is stripped of all pretension in order to better convey the flavours of its terroir.<\/p>\n","protected":false},"featured_media":25390,"comment_status":"closed","ping_status":"closed","template":"","meta":[],"product_brand":[],"product_cat":[609,1118,380,321],"product_tag":[],"class_list":{"0":"post-25443","1":"product","2":"type-product","3":"status-publish","4":"has-post-thumbnail","6":"product_cat-cans","7":"product_cat-seafood-products","8":"product_cat-grocery","9":"product_cat-ready-meals","11":"first","12":"instock","13":"taxable","14":"shipping-taxable","15":"purchasable","16":"product-type-simple"},"jetpack_sharing_enabled":true,"_links":{"self":[{"href":"https:\/\/france-gastronomie.shop\/en\/wp-json\/wp\/v2\/product\/25443","targetHints":{"allow":["GET"]}}],"collection":[{"href":"https:\/\/france-gastronomie.shop\/en\/wp-json\/wp\/v2\/product"}],"about":[{"href":"https:\/\/france-gastronomie.shop\/en\/wp-json\/wp\/v2\/types\/product"}],"replies":[{"embeddable":true,"href":"https:\/\/france-gastronomie.shop\/en\/wp-json\/wp\/v2\/comments?post=25443"}],"wp:featuredmedia":[{"embeddable":true,"href":"https:\/\/france-gastronomie.shop\/en\/wp-json\/wp\/v2\/media\/25390"}],"wp:attachment":[{"href":"https:\/\/france-gastronomie.shop\/en\/wp-json\/wp\/v2\/media?parent=25443"}],"wp:term":[{"taxonomy":"product_brand","embeddable":true,"href":"https:\/\/france-gastronomie.shop\/en\/wp-json\/wp\/v2\/product_brand?post=25443"},{"taxonomy":"product_cat","embeddable":true,"href":"https:\/\/france-gastronomie.shop\/en\/wp-json\/wp\/v2\/product_cat?post=25443"},{"taxonomy":"product_tag","embeddable":true,"href":"https:\/\/france-gastronomie.shop\/en\/wp-json\/wp\/v2\/product_tag?post=25443"}],"curies":[{"name":"wp","href":"https:\/\/api.w.org\/{rel}","templated":true}]}}