{"id":25339,"date":"2025-12-01T17:55:44","date_gmt":"2025-12-02T12:26:38","guid":{"rendered":"https:\/\/france-gastronomie.shop\/produit\/stuffed-mussels-a-la-setoise\/"},"modified":"2025-12-03T09:56:40","modified_gmt":"2025-12-03T09:56:40","slug":"stuffed-mussels-a-la-setoise","status":"publish","type":"product","link":"https:\/\/france-gastronomie.shop\/en\/produit\/stuffed-mussels-a-la-setoise\/","title":{"rendered":"Stuffed Mussels <br\/> \u00e0 la S\u00e9toise"},"content":{"rendered":"<p><strong>Mussels stuffed \u00e0 la S\u00e9toise Azais-Polito<\/strong><\/p>\n<p>A typical S\u00e8te dish, our Stuffed Mussels are made with respect for the know-how and recipes of yesteryear.<br \/>\nThe work is entirely artisanal and manual. The mussels are stuffed by hand with pure pork stuffing flavored with aromatics from the South. This S\u00e8te speciality par excellence is made with first-choice raw materials, in particular with large moulds. Our Stuffed Mussels are guaranteed to be colouring-free.   <\/p>\n<p>Our Stuffed Mussels are ready to use. To enjoy them at their best, heat the contents of the jar over low heat, then arrange them on a dish with rice, spaghetti &#8220;Al Dente&#8221; or potatoes to your<x id=\"gid_0\"><\/x>liking. You will then coat everything with the rest of the sauce that you will have previously bound with our Rouille S\u00e9toise for a presentation like in the Pays S\u00e9tois.  <\/p>\n<p>MUSSEL stuffed 60% (Pure pork stuffing: Fresh EGG, Pork meat (France*), BREAD, Garlic, Parsley, Pepper, Salt), Sauce (Water,<br \/>\n Tomato, Onion, Carrot, White Wine, Tomato paste, Salt, Leek, Extra virgin olive oil, Thickener:<br \/>\n Carob seed flour, EGG and Aromatic plants).<br \/>\n*From animals born, raised and slaughtered in France<\/p>\n<p>After opening, keeps in the refrigerator for 2 to 3 days<\/p>\n<p>Allergens: MOLLUSCS (mussels), GLUTEN (bread), EGGS<br \/>\nGMO-free, Non-ionized.<\/p>\n<p>Nutritional values per 100g<br \/>\nEnergy in KCal: 88.00<br \/>\nEnergy in KJ: 369.00<br \/>\nProt\u00e9ines \/ Proteins (g): 8.00<br \/>\nCarbohydrates \/ Carbohydrates (g): 3.30<br \/>\nof which sugars \/ of which sugar (g): 0.80<br \/>\nMati\u00e8res fates \/ Lipids (g): 4.50<br \/>\nof which A.G. Satures \/ of which saturated sats (g): 1.70<br \/>\nFibres \/ Fibers (g): 1.30<br \/>\nSalt (g): 1.20<\/p>\n","protected":false},"excerpt":{"rendered":"<p><strong>Mussels stuffed \u00e0 la S\u00e9toise Azais-Polito<\/strong><\/p>\n<p>2 to 3 plates<\/p>\n<p>From father to son, for several decades, we have been working daily to preserve this expertise and our traditions. Our production methods have always followed the traditional artisan methods of canning. Always prepared by hand and according to our expertise, our preserves stand out from the rest thanks to their exceptional taste. The recipes for our soups, salads, ready meals and accompanying sauces are carefully selected from the finest ingredients of impeccable quality and scrupulously follow traditional recipes. It is this mastery of craftsmanship that today characterises our identity, enabling us to offer you moments of pure delight&#8230;<\/p>\n<p>These are authentic products, and it is their luminous simplicity that gives them their charm, just like S\u00e8te cuisine, which is stripped of all pretension in order to better convey the flavours of its terroir.<\/p>\n","protected":false},"featured_media":25287,"comment_status":"closed","ping_status":"closed","template":"","meta":[],"product_brand":[],"product_cat":[1118,380,321],"product_tag":[],"class_list":{"0":"post-25339","1":"product","2":"type-product","3":"status-publish","4":"has-post-thumbnail","6":"product_cat-seafood-products","7":"product_cat-grocery","8":"product_cat-ready-meals","10":"first","11":"instock","12":"taxable","13":"shipping-taxable","14":"purchasable","15":"product-type-simple"},"jetpack_sharing_enabled":true,"_links":{"self":[{"href":"https:\/\/france-gastronomie.shop\/en\/wp-json\/wp\/v2\/product\/25339","targetHints":{"allow":["GET"]}}],"collection":[{"href":"https:\/\/france-gastronomie.shop\/en\/wp-json\/wp\/v2\/product"}],"about":[{"href":"https:\/\/france-gastronomie.shop\/en\/wp-json\/wp\/v2\/types\/product"}],"replies":[{"embeddable":true,"href":"https:\/\/france-gastronomie.shop\/en\/wp-json\/wp\/v2\/comments?post=25339"}],"wp:featuredmedia":[{"embeddable":true,"href":"https:\/\/france-gastronomie.shop\/en\/wp-json\/wp\/v2\/media\/25287"}],"wp:attachment":[{"href":"https:\/\/france-gastronomie.shop\/en\/wp-json\/wp\/v2\/media?parent=25339"}],"wp:term":[{"taxonomy":"product_brand","embeddable":true,"href":"https:\/\/france-gastronomie.shop\/en\/wp-json\/wp\/v2\/product_brand?post=25339"},{"taxonomy":"product_cat","embeddable":true,"href":"https:\/\/france-gastronomie.shop\/en\/wp-json\/wp\/v2\/product_cat?post=25339"},{"taxonomy":"product_tag","embeddable":true,"href":"https:\/\/france-gastronomie.shop\/en\/wp-json\/wp\/v2\/product_tag?post=25339"}],"curies":[{"name":"wp","href":"https:\/\/api.w.org\/{rel}","templated":true}]}}