{"id":25336,"date":"2025-12-01T18:07:56","date_gmt":"2025-12-02T12:20:33","guid":{"rendered":"https:\/\/france-gastronomie.shop\/produit\/stuffed-squid-a-la-setoise\/"},"modified":"2025-12-03T10:08:25","modified_gmt":"2025-12-03T10:08:25","slug":"stuffed-squid-a-la-setoise","status":"publish","type":"product","link":"https:\/\/france-gastronomie.shop\/en\/produit\/stuffed-squid-a-la-setoise\/","title":{"rendered":"Stuffed squid <br\/> \u00e0 la S\u00e9toise"},"content":{"rendered":"<p>Stuffed squid \u00e0 la S\u00e9toise Azais-Polito<\/p>\n<p>A typical S\u00e8te dish, Our Stuffed Squid are made with respect for the know-how and recipes of yesteryear.<br \/>\nThe work is entirely artisanal and manual. The squid are stuffed by hand with pure pork stuffing flavored with herbs from the South. This S\u00e8te speciality par excellence is made with first-class raw materials, in particular with large squid. Our Stuffed Squid are guaranteed to be dye-free.   <\/p>\n<p>Our Stuffed Squid are ready to use. To enjoy them at their best, heat the contents of the jar over low heat, then arrange them on a dish with rice, spaghetti &#8220;Al Dente&#8221; or potatoes to your<x id=\"gid_0\"><\/x>liking. You will then cover everything with the rest of the sauce that you will have previously bound with our Rouille S\u00e9toise for a presentation like in the S\u00e8te region.  <\/p>\n<p>STUFFED SQUID 60% (Pure pork stuffing: Fresh EGG, Pork meat (France*), BREAD, Garlic, Parsley, Pepper), Sauce (Water, Tomato, Onion, Carrot, White Wine, Tomato Paste, Salt, Thickener: Carob seed flour, Leek, Extra virgin olive oil, EGG and Aromatic plants).<br \/>\n*From animals born, raised and slaughtered in France.<\/p>\n<p>After opening, keeps in the refrigerator for 2 to 3 days<\/p>\n<p>Allergens: CEPHALOPODS (squid) &#8211; GLUTEN (wheat\/bread) &#8211; EGGS<br \/>\nGMO-free, non-ionized.<\/p>\n<p>Nutritional values per 100g<br \/>\nEnergy in KCal : 114.00<br \/>\nEnergy in KJ : 475.00<br \/>\nProt\u00e9ines \/ Proteins (g) : 10.60<br \/>\nCarbohydrates \/ Carbohydrates (g) : 4.00<br \/>\nof which sugars \/ of which sugar (g) : 0.30<br \/>\nMati\u00e8res gras \/ Lipids (g) : 5.90<br \/>\ndont A.G. Satures \/ of which saturated sats (g) : 1.90<br \/>\nFibres \/ Fibers (g) : 1.10<br \/>\nSalt (g) : 0.93<\/p>\n","protected":false},"excerpt":{"rendered":"<p><strong>Stuffed squid \u00e0 la S\u00e9toise Azais-Polito<\/strong><\/p>\n<p>2 to 3 plates<\/p>\n<p>From father to son, for several decades, we have been working daily to preserve this expertise and our traditions. Our production methods have always followed the traditional artisan methods of canning. Always prepared by hand and according to our expertise, our preserves stand out from the rest thanks to their exceptional taste. The recipes for our soups, salads, ready meals and accompanying sauces are carefully selected from the finest ingredients of impeccable quality and scrupulously follow traditional recipes. It is this mastery of craftsmanship that today characterises our identity, enabling us to offer you moments of pure delight&#8230;<\/p>\n<p>These are authentic products, and it is their luminous simplicity that gives them their charm, just like S\u00e8te cuisine, which is stripped of all pretension in order to better convey the flavours of its terroir.<\/p>\n","protected":false},"featured_media":25292,"comment_status":"closed","ping_status":"closed","template":"","meta":[],"product_brand":[],"product_cat":[609,1118,380,321],"product_tag":[],"class_list":{"0":"post-25336","1":"product","2":"type-product","3":"status-publish","4":"has-post-thumbnail","6":"product_cat-cans","7":"product_cat-seafood-products","8":"product_cat-grocery","9":"product_cat-ready-meals","11":"first","12":"instock","13":"taxable","14":"shipping-taxable","15":"purchasable","16":"product-type-simple"},"jetpack_sharing_enabled":true,"_links":{"self":[{"href":"https:\/\/france-gastronomie.shop\/en\/wp-json\/wp\/v2\/product\/25336","targetHints":{"allow":["GET"]}}],"collection":[{"href":"https:\/\/france-gastronomie.shop\/en\/wp-json\/wp\/v2\/product"}],"about":[{"href":"https:\/\/france-gastronomie.shop\/en\/wp-json\/wp\/v2\/types\/product"}],"replies":[{"embeddable":true,"href":"https:\/\/france-gastronomie.shop\/en\/wp-json\/wp\/v2\/comments?post=25336"}],"wp:featuredmedia":[{"embeddable":true,"href":"https:\/\/france-gastronomie.shop\/en\/wp-json\/wp\/v2\/media\/25292"}],"wp:attachment":[{"href":"https:\/\/france-gastronomie.shop\/en\/wp-json\/wp\/v2\/media?parent=25336"}],"wp:term":[{"taxonomy":"product_brand","embeddable":true,"href":"https:\/\/france-gastronomie.shop\/en\/wp-json\/wp\/v2\/product_brand?post=25336"},{"taxonomy":"product_cat","embeddable":true,"href":"https:\/\/france-gastronomie.shop\/en\/wp-json\/wp\/v2\/product_cat?post=25336"},{"taxonomy":"product_tag","embeddable":true,"href":"https:\/\/france-gastronomie.shop\/en\/wp-json\/wp\/v2\/product_tag?post=25336"}],"curies":[{"name":"wp","href":"https:\/\/api.w.org\/{rel}","templated":true}]}}