{"id":24905,"date":"2025-10-20T13:21:00","date_gmt":"2025-10-22T09:07:32","guid":{"rendered":"https:\/\/france-gastronomie.shop\/produit\/set-cotes-du-rhone-decouverte\/"},"modified":"2025-10-29T14:55:37","modified_gmt":"2025-10-29T14:55:37","slug":"set-cotes-du-rhone-decouverte","status":"publish","type":"product","link":"https:\/\/france-gastronomie.shop\/en\/produit\/set-cotes-du-rhone-decouverte\/","title":{"rendered":"Set C\u00f4tes du Rh\u00f4ne &#8220;d\u00e9couverte&#8221;"},"content":{"rendered":"<h5>Domaine Vaucroze<\/h5>\n<h5>AOC C\u00f4tes du Rh\u00f4ne<\/h5>\n<p>AGEING<br \/>\n10 months in vat<\/p>\n<p>TASTING NOTES<br \/>\nThis wine is issued from old grenache and carignan. The grapes are picked at good maturity and sorted out before crushing. Grenache brings strength, fatness and softness, while Carignan brings structure and frame.<\/p>\n<h5>H\u00e9r\u00e9dita<\/h5>\n<h5>AOC C\u00f4tes du Rh\u00f4ne<\/h5>\n<p>AGEING<br \/>\n8 months in stainless steel vatsVIEILLISSEMENT<\/p>\n<p>H\u00e9r\u00e9dita is a cuv\u00e9e born from the collaboration between Philippe Cambie, the Grenache master, specialist of the Ch\u00e2teauneuf-du-Pape Cru, named \u00ab Winemaker of the Year 2010 \u00bb by Robert Parker, and Thierry Ferlay, talented winemaker of Cellier des Princes since 2009 his exceptional Cuv\u00e9e made from old vines of Grenache combines tradition and modernity. As a motto \u00ab NOVE SED NON NOVA \u00bb, not new material, but new way.<\/p>\n<p>TASTING NOTES<br \/>\nVery elegant and perfumed nose, exhibiting note of fresh red berries and liquorice.<br \/>\nVelvety mouthfeel with smooth tannins and a finale showing a lot of spices.<\/p>\n<h5>Domaine Saint Jacques<\/h5>\n<h5>AOC C\u00f4tes du Rh\u00f4ne BIO<\/h5>\n<p>AGEING<br \/>\n6 months in tanks<\/p>\n<p>Tasting notes<br \/>\nAn intense red colour with purple glints. The nose is powerful with dominant red fruits notes including raspberry, strawberry and spicy notes as liquorice and garrigue. The mouth exhibits a balance in mouth with ripe fruit, freshness and roundness. Tannins are well-rounded and smooth.<br \/>\nA lot of complexity and depth in this wine.<\/p>\n","protected":false},"excerpt":{"rendered":"<h1 class=\"product_title entry-title wd-entities-title\">Domaine Vaucroze<br \/>\nC\u00f4tes du Rh\u00f4ne<\/h1>\n<p>Grape varieties<br \/>\nGrenache 90%, Carignan 10%<\/p>\n<h1 class=\"product_title entry-title wd-entities-title\">H\u00e9r\u00e9dita<br \/>\nAOC C\u00f4tes du Rh\u00f4ne<\/h1>\n<p>Grape varieties<br \/>\nGrenache 70 % et Syrah 30 %<\/p>\n<h1 class=\"product_title entry-title wd-entities-title\">Domaine St-Jacques<br \/>\nAOC C\u00f4tes du Rh\u00f4ne BIO<\/h1>\n<p>Grape varieties: Grenache 65%, Syrah 15 %, Carignan 15%, Mourv\u00e8dre 5%<\/p>\n<p>&nbsp;<\/p>\n","protected":false},"featured_media":24875,"comment_status":"closed","ping_status":"closed","template":"","meta":[],"product_brand":[],"product_cat":[775,1102,619,322,333,374,377,324,327],"product_tag":[],"class_list":{"0":"post-24905","1":"product","2":"type-product","3":"status-publish","4":"has-post-thumbnail","6":"product_cat-our-advice","7":"product_cat-special-offer","8":"product_cat-uncategorized","9":"product_cat-wines","10":"product_cat-regions-en","11":"product_cat-vallee-du-rhone-en","12":"product_cat-cotes-du-rhone-en","13":"product_cat-color","14":"product_cat-red-wine","16":"first","17":"instock","18":"sale","19":"taxable","20":"shipping-taxable","21":"purchasable","22":"product-type-simple"},"jetpack_sharing_enabled":true,"_links":{"self":[{"href":"https:\/\/france-gastronomie.shop\/en\/wp-json\/wp\/v2\/product\/24905","targetHints":{"allow":["GET"]}}],"collection":[{"href":"https:\/\/france-gastronomie.shop\/en\/wp-json\/wp\/v2\/product"}],"about":[{"href":"https:\/\/france-gastronomie.shop\/en\/wp-json\/wp\/v2\/types\/product"}],"replies":[{"embeddable":true,"href":"https:\/\/france-gastronomie.shop\/en\/wp-json\/wp\/v2\/comments?post=24905"}],"wp:featuredmedia":[{"embeddable":true,"href":"https:\/\/france-gastronomie.shop\/en\/wp-json\/wp\/v2\/media\/24875"}],"wp:attachment":[{"href":"https:\/\/france-gastronomie.shop\/en\/wp-json\/wp\/v2\/media?parent=24905"}],"wp:term":[{"taxonomy":"product_brand","embeddable":true,"href":"https:\/\/france-gastronomie.shop\/en\/wp-json\/wp\/v2\/product_brand?post=24905"},{"taxonomy":"product_cat","embeddable":true,"href":"https:\/\/france-gastronomie.shop\/en\/wp-json\/wp\/v2\/product_cat?post=24905"},{"taxonomy":"product_tag","embeddable":true,"href":"https:\/\/france-gastronomie.shop\/en\/wp-json\/wp\/v2\/product_tag?post=24905"}],"curies":[{"name":"wp","href":"https:\/\/api.w.org\/{rel}","templated":true}]}}