{"id":24901,"date":"2025-10-20T10:01:04","date_gmt":"2025-10-21T13:59:05","guid":{"rendered":"https:\/\/france-gastronomie.shop\/produit\/set-entre-parentheses-vin-de-bordeaux\/"},"modified":"2025-10-31T10:31:44","modified_gmt":"2025-10-31T10:31:44","slug":"set-entre-parentheses-vin-de-bordeaux","status":"publish","type":"product","link":"https:\/\/france-gastronomie.shop\/en\/produit\/set-entre-parentheses-vin-de-bordeaux\/","title":{"rendered":"Set Entre-Parenth\u00e8ses <br\/> Vin de Bordeaux"},"content":{"rendered":"<h5>Set Entre Parenth\u00e8ses<br \/>\nAOC Vin de Bordeaux<\/h5>\n<p><span class=\"markedContent\">Entre Parenth\u00e8ses is an ode to hedonism, an invitation to discover an elegant wine with crisp fruit aromas, to take a break and just enjoy a moment of drinking pleasure, away from the hustle and bustle of a world that has become increasingly hurried and demanding.<\/span><\/p>\n<p>TERROIR<br \/>\nThe result of our winemakers\u2019 rigorous selection work, Entre Parenth\u00e8ses represents the quintessence of the finest clay-limestone terroirs of the Bordeaux wine region. These terroirs have been specially selected for their ability to produce distinguished wines of lovely aromatic intensity.<\/p>\n<p><strong>THE RED<\/strong><br \/>\nMerlot (92%), Cabernet Franc (4%), Cabernet Sauvignon (2%), Malbec (2%)<\/p>\n<p>TASTING<br \/>\nEntre Parenth\u00e8ses Bordeaux has a deep and limpid color with shades of red ruby. It reveals a pleasant bouquet ripe small red fruit and a hint of soft spices.<br \/>\nThe palate is round and well-balanced, surrounded by structured and well-blended tannins. A modern and straightforward Bordeaux.<\/p>\n<p>FOOD &amp; WINE PAIRING<br \/>\nEntre Parenth\u00e8ses is perfect for relaxed drinking occasions, whether served as an aperitif , with simple<br \/>\ndishes (burgers, p\u00e2tes) or more refined (duck breast, entrec\u00f4te). It will also accompany well some cheese, such as Comt\u00e9.<\/p>\n<p><strong>THE PINK<\/strong><br \/>\nMerlot, Cabernet Franc, Cabernet Sauvignon<\/p>\n<p>TASTING<br \/>\nEntre Parenth\u00e8ses is beautiful in a seductive pale and limpid color with slightly salmon reflections, revealing<br \/>\nan intense bouquet on subtly fruity notes. The mouth is tasty, well balanced between roundness, aromatic<br \/>\nintensity and pleasant freshness. A refined and elegant wine.<\/p>\n<p>FOOD &amp; WINE PAIRING<br \/>\nEntre Parenth\u00e8ses will accompany your moments of relaxation, whether they are as an aperitif with tapas or<br \/>\naround a good meal composed of summer salads, grilled meats or fish. It can also be served with fruit-based desserts.<\/p>\n<p><strong>THE WHITE<\/strong><br \/>\n<span class=\"markedContent\"><span dir=\"ltr\" role=\"presentation\">Sauvignon Blanc<\/span><\/span><\/p>\n<p>TASTING<br \/>\n<span class=\"markedContent\">Entre Parenth\u00e8ses Blanc Premium presents a beautiful bright hue with green highlights, and reveals an elegant bouquet of flower and citrus.<br role=\"presentation\" \/><span dir=\"ltr\" role=\"presentation\">Its palate lingers on a pleasant freshness, son fruity notes and without too much acidity. <\/span><span dir=\"ltr\" role=\"presentation\">A harmonious and aromatic wine. <\/span><\/span><\/p>\n<p>FOOD &amp; WINE PAIRING<br \/>\n<span class=\"markedContent\">Entre Parenth\u00e8ses Blanc Premium is perfect for relaxed drinking occasions, whether served as an aperitif or enjoyed with sea fruit, oyster, <span dir=\"ltr\" role=\"presentation\">or with a fish carpaccio. <\/span><span dir=\"ltr\" role=\"presentation\">IIt is also excellent with white-fleshed fruit-based desserts.<\/span><\/span><\/p>\n<p>&nbsp;<\/p>\n","protected":false},"excerpt":{"rendered":"<h3><strong><span style=\"color: #ff0000;\">Limited quantity<\/span><\/strong><br \/>\n<strong><span style=\"color: #ff0000;\">Don&#8217;t miss out!<\/span><\/strong><\/h3>\n<h5>AOC Vin de Bordeaux<\/h5>\n<p>Maison Le Star is the fulfilment of a dream and the expression of a deep passion.<br \/>\nWith the help of our team of wine professionals, oenologists and sommeliers who strive to ensure the quality of the wines we produce and select, my aim is to give future wine lovers and connaisseurs throughout the world the opportunity to discover exceptional French wines at accessible prices.<\/p>\n<p>2x Red<\/p>\n<p>2x White<\/p>\n<p>2x Pink<\/p>\n","protected":false},"featured_media":24897,"comment_status":"closed","ping_status":"closed","template":"","meta":[],"product_brand":[],"product_cat":[775,1102,322,333,340,358,324,325,327,326],"product_tag":[],"class_list":{"0":"post-24901","1":"product","2":"type-product","3":"status-publish","4":"has-post-thumbnail","6":"product_cat-our-advice","7":"product_cat-special-offer","8":"product_cat-wines","9":"product_cat-regions-en","10":"product_cat-bordeaux-en","11":"product_cat-vins-de-bordeaux-en","12":"product_cat-color","13":"product_cat-white-wine","14":"product_cat-red-wine","15":"product_cat-rose-wine","17":"first","18":"instock","19":"sale","20":"taxable","21":"shipping-taxable","22":"purchasable","23":"product-type-simple"},"jetpack_sharing_enabled":true,"_links":{"self":[{"href":"https:\/\/france-gastronomie.shop\/en\/wp-json\/wp\/v2\/product\/24901","targetHints":{"allow":["GET"]}}],"collection":[{"href":"https:\/\/france-gastronomie.shop\/en\/wp-json\/wp\/v2\/product"}],"about":[{"href":"https:\/\/france-gastronomie.shop\/en\/wp-json\/wp\/v2\/types\/product"}],"replies":[{"embeddable":true,"href":"https:\/\/france-gastronomie.shop\/en\/wp-json\/wp\/v2\/comments?post=24901"}],"wp:featuredmedia":[{"embeddable":true,"href":"https:\/\/france-gastronomie.shop\/en\/wp-json\/wp\/v2\/media\/24897"}],"wp:attachment":[{"href":"https:\/\/france-gastronomie.shop\/en\/wp-json\/wp\/v2\/media?parent=24901"}],"wp:term":[{"taxonomy":"product_brand","embeddable":true,"href":"https:\/\/france-gastronomie.shop\/en\/wp-json\/wp\/v2\/product_brand?post=24901"},{"taxonomy":"product_cat","embeddable":true,"href":"https:\/\/france-gastronomie.shop\/en\/wp-json\/wp\/v2\/product_cat?post=24901"},{"taxonomy":"product_tag","embeddable":true,"href":"https:\/\/france-gastronomie.shop\/en\/wp-json\/wp\/v2\/product_tag?post=24901"}],"curies":[{"name":"wp","href":"https:\/\/api.w.org\/{rel}","templated":true}]}}