{"id":24778,"date":"2025-11-11T09:27:02","date_gmt":"2025-09-25T15:55:50","guid":{"rendered":"https:\/\/france-gastronomie.shop\/produit\/herose-igp-mediterranee\/"},"modified":"2025-09-25T15:56:49","modified_gmt":"2025-09-25T15:56:49","slug":"herose-igp-mediterranee","status":"publish","type":"product","link":"https:\/\/france-gastronomie.shop\/en\/produit\/herose-igp-mediterranee\/","title":{"rendered":"H\u00e9ros\u00e9 <br\/> IGP M\u00e9diterran\u00e9e"},"content":{"rendered":"<h5>H\u00e9ros\u00e9<br \/>\nIGP M\u00e9diterran\u00e9e<\/h5>\n<p>TERROIR<br \/>\nsiliceous clay<\/p>\n<p>GRAPE VARIETY<br \/>\n70% Grenache, 15% Syrah et 15% Cinsault<\/p>\n<p>VINIFICATION<br \/>\nSelection of our best plots and harvesting at dawn to capture the aromas and freshness of the berries.<br \/>\nDestemming, direct pressing. Fermentation at low temperature 14 to 16\u00b0C.<br \/>\nBottled at the end of winter to preserve all the freshness and aromas. <\/p>\n<p>AGEING<br \/>\n3 months in stainless steel vats to preserve aromatic freshness.<\/p>\n<p>TASTING NOTES<br \/>\nThis wine has a brilliant colour and is very aromatic with notes of citrus blossom and red berries, strawberries and raspberries. It is pleasing on the palate with its freshness. <\/p>\n<p>FOOD AND WINE PAIRINGS<br \/>\nIt can be enjoyed as an aperitif, with vegetable salads, grilled meats, pizzas or fish dishes.<\/p>\n<p>SERVICE<br \/>\nServe cold, at a temperature between 10 and 12\u00b0C.<\/p>\n<p>R E C O M P E N S E 2022<br \/>\nVintage: Gold Medal Orange Wine Competition.<\/p>\n","protected":false},"excerpt":{"rendered":"<h5>H\u00e9ros\u00e9<br \/>\nIGP M\u00e9diterran\u00e9e<\/h5>\n<p>In 1925, a group of winegrowers convinced by the values of solidarity and mutual aid joined forces. Eleven years later, these visionary winegrowers participated in the construction of the first appellation in France: CH\u00c2TEAUNEUF-DU-PAPE.<br \/>\nThe 189 winegrowers of the CELLIER DES PRINCES, united as they were in the beginning, are proud to share their wines on all five continents and to transmit their values of conviviality and excellence. <\/p>\n<p>GRAPE VARIETY<br \/>\n70% Grenache, 15% Syrah et 15% Cinsault<\/p>\n<p>&nbsp;<\/p>\n","protected":false},"featured_media":24766,"comment_status":"closed","ping_status":"closed","template":"","meta":[],"product_brand":[],"product_cat":[322,333,339,324,326],"product_tag":[],"class_list":{"0":"post-24778","1":"product","2":"type-product","3":"status-publish","4":"has-post-thumbnail","6":"product_cat-wines","7":"product_cat-regions-en","8":"product_cat-other-regions","9":"product_cat-color","10":"product_cat-rose-wine","12":"first","13":"instock","14":"featured","15":"taxable","16":"shipping-taxable","17":"purchasable","18":"product-type-simple"},"jetpack_sharing_enabled":true,"_links":{"self":[{"href":"https:\/\/france-gastronomie.shop\/en\/wp-json\/wp\/v2\/product\/24778","targetHints":{"allow":["GET"]}}],"collection":[{"href":"https:\/\/france-gastronomie.shop\/en\/wp-json\/wp\/v2\/product"}],"about":[{"href":"https:\/\/france-gastronomie.shop\/en\/wp-json\/wp\/v2\/types\/product"}],"replies":[{"embeddable":true,"href":"https:\/\/france-gastronomie.shop\/en\/wp-json\/wp\/v2\/comments?post=24778"}],"wp:featuredmedia":[{"embeddable":true,"href":"https:\/\/france-gastronomie.shop\/en\/wp-json\/wp\/v2\/media\/24766"}],"wp:attachment":[{"href":"https:\/\/france-gastronomie.shop\/en\/wp-json\/wp\/v2\/media?parent=24778"}],"wp:term":[{"taxonomy":"product_brand","embeddable":true,"href":"https:\/\/france-gastronomie.shop\/en\/wp-json\/wp\/v2\/product_brand?post=24778"},{"taxonomy":"product_cat","embeddable":true,"href":"https:\/\/france-gastronomie.shop\/en\/wp-json\/wp\/v2\/product_cat?post=24778"},{"taxonomy":"product_tag","embeddable":true,"href":"https:\/\/france-gastronomie.shop\/en\/wp-json\/wp\/v2\/product_tag?post=24778"}],"curies":[{"name":"wp","href":"https:\/\/api.w.org\/{rel}","templated":true}]}}