{"id":24667,"date":"2025-09-11T12:28:47","date_gmt":"2025-09-11T13:04:22","guid":{"rendered":"https:\/\/france-gastronomie.shop\/produit\/rhum-bologne-dark-sail-43\/"},"modified":"2025-10-20T09:37:44","modified_gmt":"2025-10-20T09:37:44","slug":"rhum-bologne-dark-sail-43","status":"publish","type":"product","link":"https:\/\/france-gastronomie.shop\/en\/produit\/rhum-bologne-dark-sail-43\/","title":{"rendered":"Rhum Bologne <br\/> Dark Sail 43%"},"content":{"rendered":"<h5>Rhum Bologne Dark Sail 43%<\/h5>\n<p>Old Agricultural Rum<br \/>\nGuadeloupe Geographical Indication<\/p>\n<p>Colour<br \/>\nAmber colour with golden reflections.<\/p>\n<p>Nose<br \/>\nStrong sweetness with a scent of cr\u00e8me br\u00fbl\u00e9e. There are notes of chocolate and confectionery that evolve into gourmet notes of mocha and coffee with roundness.<\/p>\n<p>The full-fledged product of the range, which delivers an aromatic bouquet that stands out from other old rums from Bologna. The woodiness asserts itself and reveals that part of its blend has been aged in American barrels. There are gourmet notes of chocolate. A long finish that benefits from a retro-olfactory effect marked by a hint of coffee and mocha.<\/p>\n<p>To be enjoyed neat with or without ice, as an &#8220;old ti-punch&#8221; or as a long-drink.<\/p>\n<p>Blend<br \/>\nAged rum aged in American and French oak barrels from 3 to 6 years.<\/p>\n","protected":false},"excerpt":{"rendered":"<p>Guadeloupe<\/p>\n<p>Geographical Indication Old Agricultural<br \/>\nVolume: 0.7 l<\/p>\n","protected":false},"featured_media":24187,"comment_status":"closed","ping_status":"closed","template":"","meta":[],"product_brand":[],"product_cat":[883],"product_tag":[],"class_list":{"0":"post-24667","1":"product","2":"type-product","3":"status-publish","4":"has-post-thumbnail","6":"product_cat-rhum-en","8":"first","9":"instock","10":"taxable","11":"shipping-taxable","12":"purchasable","13":"product-type-simple"},"jetpack_sharing_enabled":true,"_links":{"self":[{"href":"https:\/\/france-gastronomie.shop\/en\/wp-json\/wp\/v2\/product\/24667","targetHints":{"allow":["GET"]}}],"collection":[{"href":"https:\/\/france-gastronomie.shop\/en\/wp-json\/wp\/v2\/product"}],"about":[{"href":"https:\/\/france-gastronomie.shop\/en\/wp-json\/wp\/v2\/types\/product"}],"replies":[{"embeddable":true,"href":"https:\/\/france-gastronomie.shop\/en\/wp-json\/wp\/v2\/comments?post=24667"}],"wp:featuredmedia":[{"embeddable":true,"href":"https:\/\/france-gastronomie.shop\/en\/wp-json\/wp\/v2\/media\/24187"}],"wp:attachment":[{"href":"https:\/\/france-gastronomie.shop\/en\/wp-json\/wp\/v2\/media?parent=24667"}],"wp:term":[{"taxonomy":"product_brand","embeddable":true,"href":"https:\/\/france-gastronomie.shop\/en\/wp-json\/wp\/v2\/product_brand?post=24667"},{"taxonomy":"product_cat","embeddable":true,"href":"https:\/\/france-gastronomie.shop\/en\/wp-json\/wp\/v2\/product_cat?post=24667"},{"taxonomy":"product_tag","embeddable":true,"href":"https:\/\/france-gastronomie.shop\/en\/wp-json\/wp\/v2\/product_tag?post=24667"}],"curies":[{"name":"wp","href":"https:\/\/api.w.org\/{rel}","templated":true}]}}