{"id":2127,"date":"2020-08-05T11:22:00","date_gmt":"2020-08-05T11:22:00","guid":{"rendered":"https:\/\/france-gastronomie.shop\/produit\/chateau-picon-la-reserve-bordeaux-superieur\/"},"modified":"2025-12-15T09:50:19","modified_gmt":"2025-12-15T09:50:19","slug":"chateau-picon-la-reserve-bordeaux-superieur","status":"publish","type":"product","link":"https:\/\/france-gastronomie.shop\/en\/produit\/chateau-picon-la-reserve-bordeaux-superieur\/","title":{"rendered":"Ch\u00e2teau Picon MAGNUM <br\/> Bordeaux Sup\u00e9rieur"},"content":{"rendered":"<h5>Ch\u00e2teau Picon La R\u00e9serve<\/h5>\n<p>MAGNUM 1.5L<\/p>\n<h5>AOC Bordeaux Sup\u00e9rieur<\/h5>\n<p>ORIGIN<br \/>\nThe vineyards currently cover 81 hectares around a small forest and have an average age of 35 years. They are planted on a soil that is mainly pebble on clay-calcareous subsoil and enjoy winemaking with respect to the natural environment. Ch\u00e2teau Picon is certified as a considered agricultural company in this regard.  <\/p>\n<p>VINE CULTIVATION<br \/>\nCareful care of the vineyard, planting and tillage. Green harvesting and leaf picking. <\/p>\n<p>VINIFICATION<br \/>\nSelection of the best plots. Revenue tracking. <\/p>\n<p>AGED<br \/>\n100% in French oak barrels for 15 months.<\/p>\n<p>VARIETIES<br \/>\n60% Merlot, 40% Cabernet Sauvignon<\/p>\n<p>TASTING<br \/>\nThe color is crimson red, dark and deep. The aroma is delicate and complex, with aromas of red fruit and roasting.<br \/>\nThe taste is strong, concentrated and rich. The aromas of very ripe fruit are mixed with grilled and vanilla notes.<br \/>\nAt the same time, it is complex and harmonious, this is one of the references to this name. <\/p>\n<p>TEMPERATURE<br \/>\n18\u00b0C.<\/p>\n","protected":false},"excerpt":{"rendered":"<h5>AOC Bordeaux Sup\u00e9rieur<\/h5>\n<h4><strong><span class=\"HwtZe\" lang=\"cs\"><span class=\"jCAhz ChMk0b\"><span class=\"ryNqvb\">Wooden Box<\/span><\/span><\/span><\/strong><\/h4>\n<p>MAGNUM 1.5L<\/p>\n<p>Maison Le Star is the realisation of a dream and an expression of passion.<br \/>\nSurrounded by a team of professionals, oenologists and sommeliers who guarantee the quality of the wines we produce and select, we offer future wine lovers and connoisseurs from all over the world quality French wines at the right price.<\/p>\n<p>VARIETIES<br \/>\n60% Merlot, 40% Cabernet Sauvignon<\/p>\n","protected":false},"featured_media":25988,"comment_status":"closed","ping_status":"closed","template":"","meta":[],"product_brand":[],"product_cat":[322,333,340,341,324,327],"product_tag":[],"class_list":{"0":"post-2127","1":"product","2":"type-product","3":"status-publish","4":"has-post-thumbnail","6":"product_cat-wines","7":"product_cat-regions-en","8":"product_cat-bordeaux-en","9":"product_cat-bordeaux-superieur-en","10":"product_cat-color","11":"product_cat-red-wine","13":"first","14":"instock","15":"taxable","16":"shipping-taxable","17":"purchasable","18":"product-type-simple"},"jetpack_sharing_enabled":true,"_links":{"self":[{"href":"https:\/\/france-gastronomie.shop\/en\/wp-json\/wp\/v2\/product\/2127","targetHints":{"allow":["GET"]}}],"collection":[{"href":"https:\/\/france-gastronomie.shop\/en\/wp-json\/wp\/v2\/product"}],"about":[{"href":"https:\/\/france-gastronomie.shop\/en\/wp-json\/wp\/v2\/types\/product"}],"replies":[{"embeddable":true,"href":"https:\/\/france-gastronomie.shop\/en\/wp-json\/wp\/v2\/comments?post=2127"}],"wp:featuredmedia":[{"embeddable":true,"href":"https:\/\/france-gastronomie.shop\/en\/wp-json\/wp\/v2\/media\/25988"}],"wp:attachment":[{"href":"https:\/\/france-gastronomie.shop\/en\/wp-json\/wp\/v2\/media?parent=2127"}],"wp:term":[{"taxonomy":"product_brand","embeddable":true,"href":"https:\/\/france-gastronomie.shop\/en\/wp-json\/wp\/v2\/product_brand?post=2127"},{"taxonomy":"product_cat","embeddable":true,"href":"https:\/\/france-gastronomie.shop\/en\/wp-json\/wp\/v2\/product_cat?post=2127"},{"taxonomy":"product_tag","embeddable":true,"href":"https:\/\/france-gastronomie.shop\/en\/wp-json\/wp\/v2\/product_tag?post=2127"}],"curies":[{"name":"wp","href":"https:\/\/api.w.org\/{rel}","templated":true}]}}