{"id":16927,"date":"2023-12-05T15:46:18","date_gmt":"2023-12-05T15:46:18","guid":{"rendered":"https:\/\/france-gastronomie.shop\/produit\/tomme-goat-cremeuse\/"},"modified":"2025-12-10T13:46:57","modified_gmt":"2025-12-10T13:46:57","slug":"tomme-chevre-cremeuse","status":"publish","type":"product","link":"https:\/\/france-gastronomie.shop\/en\/produit\/tomme-chevre-cremeuse\/","title":{"rendered":"Tomme ch\u00e8vre <br\/> cr\u00e9meuse"},"content":{"rendered":"<h5>Tomme ch\u00e8vre cr\u00e9meuse<\/h5>\n","protected":false},"excerpt":{"rendered":"<h5>Tomme ch\u00e8vre cr\u00e9meuse<\/h5>\n<p>It is an atypical tomme, with its softness and whiteness and its maturation for 4 to 6 months.<br \/>\nIt brings a delicate length of goat&#8217;s cheese to the palate, with its creamy paste and its black, slightly caramelized color.<br \/>\n<strong>As with all cheeses, it is important to consume it at room temperature in order to appreciate all its nuances of flavor.<\/strong><\/p>\n<p>Region: Cher<\/p>\n<p>Pasteurized goat&#8217;s milk<\/p>\n<p>Cooked pressed dough<\/p>\n<p>Allergens: Milk<\/p>\n","protected":false},"featured_media":24774,"comment_status":"open","ping_status":"closed","template":"","meta":[],"product_brand":[],"product_cat":[778,646,320],"product_tag":[],"class_list":{"0":"post-16927","1":"product","2":"type-product","3":"status-publish","4":"has-post-thumbnail","6":"product_cat-fresh-products","7":"product_cat-goats-milk-en","8":"product_cat-cheeses-fresh-products","10":"first","11":"instock","12":"taxable","13":"shipping-taxable","14":"product-type-variable"},"jetpack_sharing_enabled":true,"_links":{"self":[{"href":"https:\/\/france-gastronomie.shop\/en\/wp-json\/wp\/v2\/product\/16927","targetHints":{"allow":["GET"]}}],"collection":[{"href":"https:\/\/france-gastronomie.shop\/en\/wp-json\/wp\/v2\/product"}],"about":[{"href":"https:\/\/france-gastronomie.shop\/en\/wp-json\/wp\/v2\/types\/product"}],"replies":[{"embeddable":true,"href":"https:\/\/france-gastronomie.shop\/en\/wp-json\/wp\/v2\/comments?post=16927"}],"wp:featuredmedia":[{"embeddable":true,"href":"https:\/\/france-gastronomie.shop\/en\/wp-json\/wp\/v2\/media\/24774"}],"wp:attachment":[{"href":"https:\/\/france-gastronomie.shop\/en\/wp-json\/wp\/v2\/media?parent=16927"}],"wp:term":[{"taxonomy":"product_brand","embeddable":true,"href":"https:\/\/france-gastronomie.shop\/en\/wp-json\/wp\/v2\/product_brand?post=16927"},{"taxonomy":"product_cat","embeddable":true,"href":"https:\/\/france-gastronomie.shop\/en\/wp-json\/wp\/v2\/product_cat?post=16927"},{"taxonomy":"product_tag","embeddable":true,"href":"https:\/\/france-gastronomie.shop\/en\/wp-json\/wp\/v2\/product_tag?post=16927"}],"curies":[{"name":"wp","href":"https:\/\/api.w.org\/{rel}","templated":true}]}}