{"id":15893,"date":"2023-10-27T05:00:25","date_gmt":"2023-10-27T05:00:25","guid":{"rendered":"https:\/\/france-gastronomie.shop\/produit\/farm-cow-from-barretous\/"},"modified":"2024-10-30T11:50:53","modified_gmt":"2024-10-30T11:50:53","slug":"farm-cow-from-barretous","status":"publish","type":"product","link":"https:\/\/france-gastronomie.shop\/en\/produit\/farm-cow-from-barretous\/","title":{"rendered":"Moelleux du Barretous <br\/> Fermier"},"content":{"rendered":"<h5>Moelleux du Barretous Fermier<\/h5>\n","protected":false},"excerpt":{"rendered":"<h5>Moelleux du Barretous Fermier<\/h5>\n<p>Au nez, ce fromage d\u00e9voile un bouquet d&#8217;ar\u00f4mes riche et complexe.<br \/>\nEn bouche, c&#8217;est un fromage fondant au go\u00fbt animal, fruit\u00e9 et parfum\u00e9 avec une note sal\u00e9e en fin de d\u00e9gustation. Il gagnera en caract\u00e8re avec le temps.<\/p>\n<p>Lait cru de vache.<\/p>\n","protected":false},"featured_media":23957,"comment_status":"open","ping_status":"closed","template":"","meta":[],"product_brand":[],"product_cat":[643,778,320],"product_tag":[],"class_list":{"0":"post-15893","1":"product","2":"type-product","3":"status-publish","4":"has-post-thumbnail","6":"product_cat-cows-milk","7":"product_cat-fresh-products","8":"product_cat-cheeses-fresh-products","10":"first","11":"instock","12":"taxable","13":"shipping-taxable","14":"product-type-variable"},"jetpack_sharing_enabled":true,"_links":{"self":[{"href":"https:\/\/france-gastronomie.shop\/en\/wp-json\/wp\/v2\/product\/15893","targetHints":{"allow":["GET"]}}],"collection":[{"href":"https:\/\/france-gastronomie.shop\/en\/wp-json\/wp\/v2\/product"}],"about":[{"href":"https:\/\/france-gastronomie.shop\/en\/wp-json\/wp\/v2\/types\/product"}],"replies":[{"embeddable":true,"href":"https:\/\/france-gastronomie.shop\/en\/wp-json\/wp\/v2\/comments?post=15893"}],"wp:featuredmedia":[{"embeddable":true,"href":"https:\/\/france-gastronomie.shop\/en\/wp-json\/wp\/v2\/media\/23957"}],"wp:attachment":[{"href":"https:\/\/france-gastronomie.shop\/en\/wp-json\/wp\/v2\/media?parent=15893"}],"wp:term":[{"taxonomy":"product_brand","embeddable":true,"href":"https:\/\/france-gastronomie.shop\/en\/wp-json\/wp\/v2\/product_brand?post=15893"},{"taxonomy":"product_cat","embeddable":true,"href":"https:\/\/france-gastronomie.shop\/en\/wp-json\/wp\/v2\/product_cat?post=15893"},{"taxonomy":"product_tag","embeddable":true,"href":"https:\/\/france-gastronomie.shop\/en\/wp-json\/wp\/v2\/product_tag?post=15893"}],"curies":[{"name":"wp","href":"https:\/\/api.w.org\/{rel}","templated":true}]}}