{"id":1571,"date":"2020-08-24T05:19:48","date_gmt":"2020-08-24T05:19:48","guid":{"rendered":"https:\/\/france-gastronomie.shop\/produit\/chateau-tanais-olivier-magnumhaut-medoc\/"},"modified":"2024-05-21T11:13:18","modified_gmt":"2024-05-21T11:13:18","slug":"chateau-tanais-olivier-magnumhaut-medoc","status":"publish","type":"product","link":"https:\/\/france-gastronomie.shop\/en\/produit\/chateau-tanais-olivier-magnumhaut-medoc\/","title":{"rendered":"Ch. Tana\u00efs Olivier <br\/> Magnum"},"content":{"rendered":"<h5>Ch\u00e2teau Tana\u00efs Olivier MAGNUM<\/h5>\n<h5>AOC Haut-M\u00e9doc<\/h5>\n<p>Soils and subsoils<br \/>\nGravel knoll<\/p>\n<p>Average age of vines<br \/>\n30 years<\/p>\n<p>Vineyard area<br \/>\n37 hectares<\/p>\n<p>Blend<br \/>\nCabernet Sauvignon 54%, Merlot 43% , Petit Verdot 3%<\/p>\n<p>Vinification<br \/>\nTraditional temperature-controlled Haut-M\u00e9doc vinification with 3 weeks in tank under supervision of the oenologue.<\/p>\n<p>Tasting Note<br \/>\nA supple, elegant wine with a touch of tannin from the Cabernet Sauvignon. Long and full on the finish.<\/p>\n<p>Food and wine pairing<br \/>\nGrilled prime rib served with local boletus mushrooms<\/p>\n<p>Ch\u00e2teau History<br \/>\nOrigins: In 1850, the ch\u00e2teau was constructed by the man responsable for the M\u00e9doc railway, Monsieur Avril. The property belongs to the Baudini\u00e8re family since 1924.<\/p>\n","protected":false},"excerpt":{"rendered":"<h5>AOC Haut-M\u00e9doc<\/h5>\n<p>Ch\u00e2teau Tana\u00efs Olivier is one of the other brands of Ch\u00e2teau Grand Clapeau Olivier, one of the few Crus Bourgeois located in Lanquefort.<br \/>\nThe vinifications are carried out in the pure tradition of Haut-M\u00e9doc with temperature-controlled, three-week fermentation under the supervision of an oenologist.<\/p>\n<p>Blend: Cabernet Sauvignon 54%, Merlot 43% , Petit Verdot 3%<\/p>\n","protected":false},"featured_media":1570,"comment_status":"closed","ping_status":"closed","template":"","meta":[],"product_brand":[],"product_cat":[593,322,333,340,344,324,327],"product_tag":[],"class_list":{"0":"post-1571","1":"product","2":"type-product","3":"status-publish","4":"has-post-thumbnail","6":"product_cat-magnum-en","7":"product_cat-wines","8":"product_cat-regions-en","9":"product_cat-bordeaux-en","10":"product_cat-haut-medoc-en","11":"product_cat-color","12":"product_cat-red-wine","14":"first","15":"outofstock","16":"taxable","17":"shipping-taxable","18":"purchasable","19":"product-type-simple"},"jetpack_sharing_enabled":true,"_links":{"self":[{"href":"https:\/\/france-gastronomie.shop\/en\/wp-json\/wp\/v2\/product\/1571","targetHints":{"allow":["GET"]}}],"collection":[{"href":"https:\/\/france-gastronomie.shop\/en\/wp-json\/wp\/v2\/product"}],"about":[{"href":"https:\/\/france-gastronomie.shop\/en\/wp-json\/wp\/v2\/types\/product"}],"replies":[{"embeddable":true,"href":"https:\/\/france-gastronomie.shop\/en\/wp-json\/wp\/v2\/comments?post=1571"}],"wp:featuredmedia":[{"embeddable":true,"href":"https:\/\/france-gastronomie.shop\/en\/wp-json\/wp\/v2\/media\/1570"}],"wp:attachment":[{"href":"https:\/\/france-gastronomie.shop\/en\/wp-json\/wp\/v2\/media?parent=1571"}],"wp:term":[{"taxonomy":"product_brand","embeddable":true,"href":"https:\/\/france-gastronomie.shop\/en\/wp-json\/wp\/v2\/product_brand?post=1571"},{"taxonomy":"product_cat","embeddable":true,"href":"https:\/\/france-gastronomie.shop\/en\/wp-json\/wp\/v2\/product_cat?post=1571"},{"taxonomy":"product_tag","embeddable":true,"href":"https:\/\/france-gastronomie.shop\/en\/wp-json\/wp\/v2\/product_tag?post=1571"}],"curies":[{"name":"wp","href":"https:\/\/api.w.org\/{rel}","templated":true}]}}