{"id":1546,"date":"2020-08-21T09:43:29","date_gmt":"2020-08-21T09:43:29","guid":{"rendered":"https:\/\/france-gastronomie.shop\/produit\/chateau-jeandemain-magnumfronsac\/"},"modified":"2024-05-20T11:34:08","modified_gmt":"2024-05-20T11:34:08","slug":"chateau-jeandemain-magnumfronsac","status":"publish","type":"product","link":"https:\/\/france-gastronomie.shop\/en\/produit\/chateau-jeandemain-magnumfronsac\/","title":{"rendered":"Ch. Jeandemain <br\/> Magnum"},"content":{"rendered":"<h5>Ch\u00e2teau Jeandemain La Ch\u00eaneraie MAGNUM<\/h5>\n<h5>AOC Fronsac<\/h5>\n<p>APPELLATION: Fronsac<\/p>\n<p>SURFACE: 33 ha<\/p>\n<p>SOIL: Clay \/ Limestone<\/p>\n<p>BLEND<br \/>\n90 % Merlot, 9 % Cabernet Franc, 1% Malbec<\/p>\n<p>AVERAGE VINE AGE: 45 yrs<\/p>\n<p>AGING: 12-15 months in barrels 25% new, 50% previously used, 25% previously used twice<\/p>\n<p>AGING POTENTIAL: 15-20 years<\/p>\n<p>The vineyard<br \/>\nChateau Jeandeman is located at an altitude of 88m on the very peak of a small region called Fronsadais that located in the Libourne area. The chateau overlooks the valley of the Isle and Dordogne. A terroir exceptionally sunny, its soils that are clay and limestone posses a rare quality, ferric oxide which gives the wine a sought-after and unique touch.<\/p>\n<p>The winemaker<br \/>\nRoy-Trocard wines are among the great wines of Bordeaux. Winemakers since 1628, the family passes on the winemaking know-how by producing, on 3 properties, wines of very high quality. The story of the Roy-Trocard family begins in 1628, almost 400 years ago. It was on this date that the Trocard family bought their first vines in the Libournais. Since 1628, each generation of the family has had a vine grower to exploit the vines: 15 generations of men and women succeeded each other. Over the years, the family established 70 hectares of vines, spread over 3 properties and 4 AOCs of Bordeaux: Ch\u00e2teau Jeandeman in AOC Fronsac, Ch\u00e2teau Laborde in AOC Lalande de Pomerol, Ch\u00e2teau Manc\u00e8dre in AOC Pessac-L\u00e9ognan,<br \/>\nPiecelle in AOC Bordeaux Sup\u00e9rieur.<\/p>\n<p>The wine<br \/>\nBeautiful deep red color. Very nice opened aromas marked by fruit brandy, buttery notes, pleasant woody aromas. The taste is sweet and full.<\/p>\n","protected":false},"excerpt":{"rendered":"<h5>AOC Fronsac<\/h5>\n<p>400 years of wine tradition. The history of the Roy Trocard family began in 1628, when they bought their first vineyards in Libourne. Since then, in each generation, there has been a winemaker to continue the tradition. Over the years, they have built up a family vineyard of 68 hectares spread over 3 and 4 AOC Bordeaux properties.<\/p>\n<p>Blend: 90 % Merlot, 9 % Cabernet Franc, 1% Malbec<\/p>\n","protected":false},"featured_media":1544,"comment_status":"closed","ping_status":"closed","template":"","meta":[],"product_brand":[],"product_cat":[593,322,328,333,340,324,327],"product_tag":[],"class_list":{"0":"post-1546","1":"product","2":"type-product","3":"status-publish","4":"has-post-thumbnail","6":"product_cat-magnum-en","7":"product_cat-wines","8":"product_cat-great-wines","9":"product_cat-regions-en","10":"product_cat-bordeaux-en","11":"product_cat-color","12":"product_cat-red-wine","14":"first","15":"instock","16":"taxable","17":"shipping-taxable","18":"purchasable","19":"product-type-simple"},"jetpack_sharing_enabled":true,"_links":{"self":[{"href":"https:\/\/france-gastronomie.shop\/en\/wp-json\/wp\/v2\/product\/1546","targetHints":{"allow":["GET"]}}],"collection":[{"href":"https:\/\/france-gastronomie.shop\/en\/wp-json\/wp\/v2\/product"}],"about":[{"href":"https:\/\/france-gastronomie.shop\/en\/wp-json\/wp\/v2\/types\/product"}],"replies":[{"embeddable":true,"href":"https:\/\/france-gastronomie.shop\/en\/wp-json\/wp\/v2\/comments?post=1546"}],"wp:featuredmedia":[{"embeddable":true,"href":"https:\/\/france-gastronomie.shop\/en\/wp-json\/wp\/v2\/media\/1544"}],"wp:attachment":[{"href":"https:\/\/france-gastronomie.shop\/en\/wp-json\/wp\/v2\/media?parent=1546"}],"wp:term":[{"taxonomy":"product_brand","embeddable":true,"href":"https:\/\/france-gastronomie.shop\/en\/wp-json\/wp\/v2\/product_brand?post=1546"},{"taxonomy":"product_cat","embeddable":true,"href":"https:\/\/france-gastronomie.shop\/en\/wp-json\/wp\/v2\/product_cat?post=1546"},{"taxonomy":"product_tag","embeddable":true,"href":"https:\/\/france-gastronomie.shop\/en\/wp-json\/wp\/v2\/product_tag?post=1546"}],"curies":[{"name":"wp","href":"https:\/\/api.w.org\/{rel}","templated":true}]}}