{"id":14544,"date":"2023-09-18T07:17:26","date_gmt":"2023-09-18T07:17:27","guid":{"rendered":"https:\/\/france-gastronomie.shop\/?post_type=product&#038;p=14544"},"modified":"2024-12-09T09:16:40","modified_gmt":"2024-12-09T09:16:40","slug":"ch-pericou-bordeaux-superieur","status":"publish","type":"product","link":"https:\/\/france-gastronomie.shop\/en\/produit\/ch-pericou-bordeaux-superieur\/","title":{"rendered":"Ch Pericou <br\/> Vin de Bordeaux"},"content":{"rendered":"<h5>Ch\u00e2teau P\u00e9ricou<\/h5>\n<h5>AOC Vin de Bordeaux<\/h5>\n<p>TERROIR<br \/>\nCh\u00e2teau<br \/>\nP\u00e9ricou was owned by an emblematic citizen of Cavignac the village where the<br \/>\nestate is implanted named Yves Courpon ex owner of the famous Parisian brasserie \u201cLe Max\u00e9ville Fondly in love with its village, he has donated Ch\u00e2teau P\u00e9ricou to the commune of Cavignac among other goods.<br \/>\nThe estate covers 12 hectares of vines planted on clay and limestone.<\/p>\n<p>VINIFICATION<br \/>\nPicking at perfect maturity<br \/>\nTraditional winemaking in cement vats<br \/>\nAgeing in cement vats<\/p>\n<p>VARIETIES<br \/>\n80 % Merlot, 15 % Cabernet Franc, 5 % Cabernet Sauvignon<\/p>\n<p>TASTING<br \/>\nCh\u00e2teau P\u00e9ricou is a well balanced with supple tannins and red fruit notes A very pleasant wine typical of the Bordeaux appellation.<\/p>\n<p>SERVING SUGGESTIONS<br \/>\nCh\u00e2teau<br \/>\nP\u00e9ricou will be ideal with grilled red meat, dishes in sauce and a platter of cheese.<br \/>\nServe between 16 and 18 C.<\/p>\n","protected":false},"excerpt":{"rendered":"<h5>AOC Vin de Bordeaux<\/h5>\n<p>Maison Le Star is the fulfilment of a dream and the expression of a deep passion.<br \/>\nWith the help of our team of wine professionals, oenologists and sommeliers who strive to ensure the quality of the wines we produce and select, my aim is to give future wine lovers and connaisseurs throughout the world the opportunity to discover exceptional French wines at accessible prices.<\/p>\n<p>VARIETIES<br \/>\n80 % Merlot, 15 % Cabernet Franc, 5 % Cabernet Sauvignon<\/p>\n","protected":false},"featured_media":14530,"comment_status":"closed","ping_status":"closed","template":"","meta":[],"product_brand":[],"product_cat":[322,333,340,358,324,327],"product_tag":[],"class_list":{"0":"post-14544","1":"product","2":"type-product","3":"status-publish","4":"has-post-thumbnail","6":"product_cat-wines","7":"product_cat-regions-en","8":"product_cat-bordeaux-en","9":"product_cat-vins-de-bordeaux-en","10":"product_cat-color","11":"product_cat-red-wine","13":"first","14":"outofstock","15":"taxable","16":"shipping-taxable","17":"purchasable","18":"product-type-simple"},"jetpack_sharing_enabled":true,"_links":{"self":[{"href":"https:\/\/france-gastronomie.shop\/en\/wp-json\/wp\/v2\/product\/14544","targetHints":{"allow":["GET"]}}],"collection":[{"href":"https:\/\/france-gastronomie.shop\/en\/wp-json\/wp\/v2\/product"}],"about":[{"href":"https:\/\/france-gastronomie.shop\/en\/wp-json\/wp\/v2\/types\/product"}],"replies":[{"embeddable":true,"href":"https:\/\/france-gastronomie.shop\/en\/wp-json\/wp\/v2\/comments?post=14544"}],"wp:featuredmedia":[{"embeddable":true,"href":"https:\/\/france-gastronomie.shop\/en\/wp-json\/wp\/v2\/media\/14530"}],"wp:attachment":[{"href":"https:\/\/france-gastronomie.shop\/en\/wp-json\/wp\/v2\/media?parent=14544"}],"wp:term":[{"taxonomy":"product_brand","embeddable":true,"href":"https:\/\/france-gastronomie.shop\/en\/wp-json\/wp\/v2\/product_brand?post=14544"},{"taxonomy":"product_cat","embeddable":true,"href":"https:\/\/france-gastronomie.shop\/en\/wp-json\/wp\/v2\/product_cat?post=14544"},{"taxonomy":"product_tag","embeddable":true,"href":"https:\/\/france-gastronomie.shop\/en\/wp-json\/wp\/v2\/product_tag?post=14544"}],"curies":[{"name":"wp","href":"https:\/\/api.w.org\/{rel}","templated":true}]}}