{"id":14498,"date":"2023-08-21T11:15:21","date_gmt":"2023-08-21T11:15:21","guid":{"rendered":"https:\/\/france-gastronomie.shop\/produit\/cremant-chateau-cazeau-rose-cremant-de-bordeaux-2\/"},"modified":"2025-05-13T13:02:44","modified_gmt":"2025-05-13T13:02:44","slug":"cremant-chateau-cazeau-rose-cremant-de-bordeaux-2","status":"publish","type":"product","link":"https:\/\/france-gastronomie.shop\/en\/produit\/cremant-chateau-cazeau-rose-cremant-de-bordeaux-2\/","title":{"rendered":"Cr\u00e9mant Ch\u00e2teau Cazeau Ros\u00e9 <br\/> Cr\u00e9mant de Bordeaux"},"content":{"rendered":"<h5>Cr\u00e9mant Ch\u00e2teau Cazeau Ros\u00e9<br \/>\nCr\u00e9mant de Bordeaux Brut<\/h5>\n<p>Terroir<br \/>\nCh\u00e2teau Cazeau is a magnificent Gironde chartreuse whose origins date back to the 16th century. It is ideally situated in Gornac, on one of the oldest roads in the Entre-Deux-Mers region, just a few kilometres east of Sauveterre de Guyenne.<br \/>\nIts vineyard of more than 300 hectares benefits from an exceptional situation on slopes at an altitude of 110 metres and mainly facing south. Planted all around the<br \/>\nch\u00e2teau, the vines are judiciously distributed between red and white grape varieties according to the terroirs. With an average age of 35 years, they are carefully cultivated in a traditional way and with respect for their environment. The vast cellar is equipped with all the modern facilities (temperature control, pneumatic presses, micro-oxygenation) necessary to produce great wines.<\/p>\n<p>Cultivation<br \/>\nSustainable cultivation<br \/>\nManual pruning<br \/>\nSoils enriched with organic compost<\/p>\n<p>Vinification<br \/>\nLimitation of yields<br \/>\nPicking by hand<br \/>\nGentle pressing<br \/>\nTaking of foam in the bottle for the second fermentation<br \/>\nAging, riddling, disgorging and drawing<br \/>\nAgeing for at least 12 months on slats<\/p>\n<p>Grape varieties<br \/>\nMerlot, Malbec<\/p>\n<p>Tasting notes<br \/>\nWith a beautiful salmon pink color, Ch\u00e2teau Cazeau Cr\u00e9mant de Bordeaux Ros\u00e9 reveals aromas of fresh fruit, such as crushed strawberry, on subtle buttery notes.<br \/>\nThe palate is of a beautiful aromatic complexity, with delicate notes of jammy fruit and stretches on a supple and round finish, with a generous bubble.<\/p>\n<p>Food &amp; wine pairing<br \/>\nCh\u00e2teau Cazeau Cr\u00e9mant de Bordeaux Ros\u00e9 will elegantly accompany aperitifs, delicately spicy oriental flavors (tagines, curry, lacquered viands), or fruit-based desserts such as strawberry soup, red fruit pie or fruity sorbet.<br \/>\nEnjoy served at 8\u00b0C<\/p>\n<p>Awards<br \/>\nGold Medal International Women&#8217;s Trophy 2023<br \/>\nSilver Medal Concours de Bruxelles 2023<\/p>\n","protected":false},"excerpt":{"rendered":"<h5>Cr\u00e9mant Ch\u00e2teau Cazeau<br \/>\nCr\u00e9mant de Bordeaux &#8211; Brut<\/h5>\n<p>Maison Le Star is the fulfilment of a dream and the expression of a deep passion.<br \/>\nWith the help of our team of wine professionals, oenologists and sommeliers who strive to ensure the quality of the wines we produce and select, my aim is to give future wine lovers and connaisseurs throughout the world the opportunity to discover exceptional French wines at accessible prices.<\/p>\n<p>Grape varieties<br \/>\n99% Merlot, 1% Malbec<\/p>\n","protected":false},"featured_media":14488,"comment_status":"open","ping_status":"closed","template":"","meta":[],"product_brand":[],"product_cat":[322,333,340,329,332,324,326],"product_tag":[],"class_list":{"0":"post-14498","1":"product","2":"type-product","3":"status-publish","4":"has-post-thumbnail","6":"product_cat-wines","7":"product_cat-regions-en","8":"product_cat-bordeaux-en","9":"product_cat-sparkling","10":"product_cat-cremant-en","11":"product_cat-color","12":"product_cat-rose-wine","14":"first","15":"instock","16":"taxable","17":"shipping-taxable","18":"purchasable","19":"product-type-simple"},"jetpack_sharing_enabled":true,"_links":{"self":[{"href":"https:\/\/france-gastronomie.shop\/en\/wp-json\/wp\/v2\/product\/14498","targetHints":{"allow":["GET"]}}],"collection":[{"href":"https:\/\/france-gastronomie.shop\/en\/wp-json\/wp\/v2\/product"}],"about":[{"href":"https:\/\/france-gastronomie.shop\/en\/wp-json\/wp\/v2\/types\/product"}],"replies":[{"embeddable":true,"href":"https:\/\/france-gastronomie.shop\/en\/wp-json\/wp\/v2\/comments?post=14498"}],"wp:featuredmedia":[{"embeddable":true,"href":"https:\/\/france-gastronomie.shop\/en\/wp-json\/wp\/v2\/media\/14488"}],"wp:attachment":[{"href":"https:\/\/france-gastronomie.shop\/en\/wp-json\/wp\/v2\/media?parent=14498"}],"wp:term":[{"taxonomy":"product_brand","embeddable":true,"href":"https:\/\/france-gastronomie.shop\/en\/wp-json\/wp\/v2\/product_brand?post=14498"},{"taxonomy":"product_cat","embeddable":true,"href":"https:\/\/france-gastronomie.shop\/en\/wp-json\/wp\/v2\/product_cat?post=14498"},{"taxonomy":"product_tag","embeddable":true,"href":"https:\/\/france-gastronomie.shop\/en\/wp-json\/wp\/v2\/product_tag?post=14498"}],"curies":[{"name":"wp","href":"https:\/\/api.w.org\/{rel}","templated":true}]}}